{"id":131525,"date":"2025-05-18T22:24:18","date_gmt":"2025-05-18T22:24:18","guid":{"rendered":"https:\/\/staging2.stylingagenten.com\/da\/produkt\/wet-n-wild-megalast-lip-color-sand-storm\/"},"modified":"2026-03-20T16:09:30","modified_gmt":"2026-03-20T16:09:30","slug":"wet-n-wild-megalast-lip-color-sand-storm","status":"publish","type":"product","link":"https:\/\/stylingagenten.com\/da\/produkt\/wet-n-wild-megalast-lip-color-sand-storm\/","title":{"rendered":"Wet n Wild MegaLast Lip Color Sand Storm"},"content":{"rendered":"<p>Mega Last Lip Color fra Wet n Wild er en l\u00e6bestift i klare farver, der giver en langtidsholdbar farve og effekt. Formlen giver en medium til fuld d\u00e6kkende farve.<br \/>Nem at p\u00e5f\u00f8re og giver fugt til l\u00e6berne i op til fire timer. F\u00e5s i flere attraktive farver.<\/p>\n","protected":false},"excerpt":{"rendered":"<p>Mega Last Lip Color fra Wet n Wild er en l\u00e6bestift i klare farver, der giver en langtidsholdbar farve og effekt. Formlen giver en medium til fuld d\u00e6kkende farve.Nem at p\u00e5f\u00f8re og giver fugt til l\u00e6berne i op til fire timer. F\u00e5s i flere attraktive farver.<\/p>\n","protected":false},"featured_media":131524,"comment_status":"open","ping_status":"closed","template":"","meta":{"_trash_the_other_posts":false},"product_brand":[],"product_cat":[607],"product_tag":[4101],"berocket_brand":[1035],"class_list":{"0":"post-131525","1":"product","2":"type-product","3":"status-publish","4":"has-post-thumbnail","6":"product_cat-sticky-note","7":"product_tag-wet-n-wild-megalast-lip-color","8":"pa_brand-wet-n-wild","9":"pa_variant-sand-storm","10":"berocket_brand-wet-n-wild","12":"first","13":"instock","14":"sale","15":"taxable","16":"shipping-taxable","17":"purchasable","18":"product-type-simple"},"_links":{"self":[{"href":"https:\/\/stylingagenten.com\/da\/wp-json\/wp\/v2\/product\/131525","targetHints":{"allow":["GET"]}}],"collection":[{"href":"https:\/\/stylingagenten.com\/da\/wp-json\/wp\/v2\/product"}],"about":[{"href":"https:\/\/stylingagenten.com\/da\/wp-json\/wp\/v2\/types\/product"}],"replies":[{"embeddable":true,"href":"https:\/\/stylingagenten.com\/da\/wp-json\/wp\/v2\/comments?post=131525"}],"version-history":[{"count":0,"href":"https:\/\/stylingagenten.com\/da\/wp-json\/wp\/v2\/product\/131525\/revisions"}],"wp:featuredmedia":[{"embeddable":true,"href":"https:\/\/stylingagenten.com\/da\/wp-json\/wp\/v2\/media\/131524"}],"wp:attachment":[{"href":"https:\/\/stylingagenten.com\/da\/wp-json\/wp\/v2\/media?parent=131525"}],"wp:term":[{"taxonomy":"product_brand","embeddable":true,"href":"https:\/\/stylingagenten.com\/da\/wp-json\/wp\/v2\/product_brand?post=131525"},{"taxonomy":"product_cat","embeddable":true,"href":"https:\/\/stylingagenten.com\/da\/wp-json\/wp\/v2\/product_cat?post=131525"},{"taxonomy":"product_tag","embeddable":true,"href":"https:\/\/stylingagenten.com\/da\/wp-json\/wp\/v2\/product_tag?post=131525"},{"taxonomy":"berocket_brand","embeddable":true,"href":"https:\/\/stylingagenten.com\/da\/wp-json\/wp\/v2\/berocket_brand?post=131525"}],"curies":[{"name":"wp","href":"https:\/\/api.w.org\/{rel}","templated":true}]}}