{"id":130969,"date":"2025-05-18T22:23:01","date_gmt":"2025-05-18T22:23:01","guid":{"rendered":"https:\/\/staging2.stylingagenten.com\/da\/produkt\/nyx-prof-makeup-soft-matte-lip-cream-toulouse\/"},"modified":"2026-01-27T17:06:37","modified_gmt":"2026-01-27T17:06:37","slug":"nyx-prof-makeup-soft-matte-lip-cream-toulouse","status":"publish","type":"product","link":"https:\/\/stylingagenten.com\/da\/produkt\/nyx-prof-makeup-soft-matte-lip-cream-toulouse\/","title":{"rendered":"NYX PROF. MAKEUP Soft Matte Lip Cream Toulouse"},"content":{"rendered":"<p>NYX PROFESSIONAL MAKEUP Soft Matte Lip Cream &#8211; Det er hverken en l\u00e6bestift eller en lipgloss, det er en l\u00e6bestiftcreme! Med en silkebl\u00f8d tekstur og med bl\u00f8de matte farver vil disse langtidsholdbare l\u00e6becremer holde dine l\u00e6ber fugtede og farvede hele dagen.&nbsp;<\/p>\n<p> 8ml<\/p>\n","protected":false},"excerpt":{"rendered":"<p>NYX PROFESSIONAL MAKEUP Soft Matte Lip Cream &#8211; Det er hverken en l\u00e6bestift eller en lipgloss, det er en l\u00e6bestiftcreme! Med en silkebl\u00f8d tekstur og med bl\u00f8de matte farver vil disse langtidsholdbare l\u00e6becremer holde dine l\u00e6ber fugtede og farvede hele dagen.&nbsp; 8ml<\/p>\n","protected":false},"featured_media":130959,"comment_status":"open","ping_status":"closed","template":"","meta":{"_trash_the_other_posts":false},"product_brand":[],"product_cat":[607],"product_tag":[3699],"berocket_brand":[1025],"class_list":{"0":"post-130969","1":"product","2":"type-product","3":"status-publish","4":"has-post-thumbnail","6":"product_cat-sticky-note","7":"product_tag-nyx-prof-makeup-soft-matte-lip-cream","8":"pa_brand-nyx","9":"pa_variant-toulouse","10":"berocket_brand-nyx","12":"first","13":"instock","14":"sale","15":"taxable","16":"shipping-taxable","17":"purchasable","18":"product-type-simple"},"_links":{"self":[{"href":"https:\/\/stylingagenten.com\/da\/wp-json\/wp\/v2\/product\/130969","targetHints":{"allow":["GET"]}}],"collection":[{"href":"https:\/\/stylingagenten.com\/da\/wp-json\/wp\/v2\/product"}],"about":[{"href":"https:\/\/stylingagenten.com\/da\/wp-json\/wp\/v2\/types\/product"}],"replies":[{"embeddable":true,"href":"https:\/\/stylingagenten.com\/da\/wp-json\/wp\/v2\/comments?post=130969"}],"version-history":[{"count":0,"href":"https:\/\/stylingagenten.com\/da\/wp-json\/wp\/v2\/product\/130969\/revisions"}],"wp:featuredmedia":[{"embeddable":true,"href":"https:\/\/stylingagenten.com\/da\/wp-json\/wp\/v2\/media\/130959"}],"wp:attachment":[{"href":"https:\/\/stylingagenten.com\/da\/wp-json\/wp\/v2\/media?parent=130969"}],"wp:term":[{"taxonomy":"product_brand","embeddable":true,"href":"https:\/\/stylingagenten.com\/da\/wp-json\/wp\/v2\/product_brand?post=130969"},{"taxonomy":"product_cat","embeddable":true,"href":"https:\/\/stylingagenten.com\/da\/wp-json\/wp\/v2\/product_cat?post=130969"},{"taxonomy":"product_tag","embeddable":true,"href":"https:\/\/stylingagenten.com\/da\/wp-json\/wp\/v2\/product_tag?post=130969"},{"taxonomy":"berocket_brand","embeddable":true,"href":"https:\/\/stylingagenten.com\/da\/wp-json\/wp\/v2\/berocket_brand?post=130969"}],"curies":[{"name":"wp","href":"https:\/\/api.w.org\/{rel}","templated":true}]}}