{"id":130898,"date":"2025-05-18T22:22:49","date_gmt":"2025-05-18T22:22:49","guid":{"rendered":"https:\/\/staging2.stylingagenten.com\/da\/produkt\/wet-n-wild-megalast-lipstick-high-shine-raining-rubies\/"},"modified":"2026-02-28T11:37:32","modified_gmt":"2026-02-28T11:37:32","slug":"wet-n-wild-megalast-lipstick-high-shine-raining-rubies","status":"publish","type":"product","link":"https:\/\/stylingagenten.com\/da\/produkt\/wet-n-wild-megalast-lipstick-high-shine-raining-rubies\/","title":{"rendered":"Wet n Wild Megalast Lipstick High Shine &#8211; Raining Rubies"},"content":{"rendered":"<p>En l\u00e6kker, blank l\u00e6bestift med l\u00e6beelskende ingredienser som Murumurusm\u00f8r, mangosm\u00f8r og solsikke- og vandmelonfr\u00f8olier vil n\u00e6re og fugte dine l\u00e6ber. Formlen er langtidsholdbar og har en cremet tekstur for nem p\u00e5f\u00f8ring. Silkebl\u00f8d, bygbar farve glider p\u00e5; uden problemer og har en holdbarhed i verdensklasse, der ikke vil bl\u00f8de. F\u00e5s i flere grusomhedsfrie, glutenfrie og parfumefrie nuancer.<\/p>\n","protected":false},"excerpt":{"rendered":"<p>En l\u00e6kker, blank l\u00e6bestift med l\u00e6beelskende ingredienser som Murumurusm\u00f8r, mangosm\u00f8r og solsikke- og vandmelonfr\u00f8olier vil n\u00e6re og fugte dine l\u00e6ber. Formlen er langtidsholdbar og har en cremet tekstur for nem p\u00e5f\u00f8ring. Silkebl\u00f8d, bygbar farve glider p\u00e5; uden problemer og har en holdbarhed i verdensklasse, der ikke vil bl\u00f8de. F\u00e5s i flere grusomhedsfrie, glutenfrie og parfumefrie [&hellip;]<\/p>\n","protected":false},"featured_media":130884,"comment_status":"open","ping_status":"closed","template":"","meta":{"_trash_the_other_posts":false},"product_brand":[],"product_cat":[607],"product_tag":[4103],"berocket_brand":[1035],"class_list":{"0":"post-130898","1":"product","2":"type-product","3":"status-publish","4":"has-post-thumbnail","6":"product_cat-sticky-note","7":"product_tag-wet-n-wild-megalast-lipstick-high-shine","8":"pa_brand-wet-n-wild","9":"pa_variant-raining-rubies","10":"berocket_brand-wet-n-wild","12":"first","13":"instock","14":"sale","15":"taxable","16":"shipping-taxable","17":"purchasable","18":"product-type-simple"},"_links":{"self":[{"href":"https:\/\/stylingagenten.com\/da\/wp-json\/wp\/v2\/product\/130898","targetHints":{"allow":["GET"]}}],"collection":[{"href":"https:\/\/stylingagenten.com\/da\/wp-json\/wp\/v2\/product"}],"about":[{"href":"https:\/\/stylingagenten.com\/da\/wp-json\/wp\/v2\/types\/product"}],"replies":[{"embeddable":true,"href":"https:\/\/stylingagenten.com\/da\/wp-json\/wp\/v2\/comments?post=130898"}],"version-history":[{"count":0,"href":"https:\/\/stylingagenten.com\/da\/wp-json\/wp\/v2\/product\/130898\/revisions"}],"wp:featuredmedia":[{"embeddable":true,"href":"https:\/\/stylingagenten.com\/da\/wp-json\/wp\/v2\/media\/130884"}],"wp:attachment":[{"href":"https:\/\/stylingagenten.com\/da\/wp-json\/wp\/v2\/media?parent=130898"}],"wp:term":[{"taxonomy":"product_brand","embeddable":true,"href":"https:\/\/stylingagenten.com\/da\/wp-json\/wp\/v2\/product_brand?post=130898"},{"taxonomy":"product_cat","embeddable":true,"href":"https:\/\/stylingagenten.com\/da\/wp-json\/wp\/v2\/product_cat?post=130898"},{"taxonomy":"product_tag","embeddable":true,"href":"https:\/\/stylingagenten.com\/da\/wp-json\/wp\/v2\/product_tag?post=130898"},{"taxonomy":"berocket_brand","embeddable":true,"href":"https:\/\/stylingagenten.com\/da\/wp-json\/wp\/v2\/berocket_brand?post=130898"}],"curies":[{"name":"wp","href":"https:\/\/api.w.org\/{rel}","templated":true}]}}