{"id":130878,"date":"2025-05-18T22:22:46","date_gmt":"2025-05-18T22:22:46","guid":{"rendered":"https:\/\/staging2.stylingagenten.com\/da\/produkt\/wet-n-wild-megalast-lipstick-matte-stoplight-red\/"},"modified":"2026-03-20T14:46:40","modified_gmt":"2026-03-20T14:46:40","slug":"wet-n-wild-megalast-lipstick-matte-stoplight-red","status":"publish","type":"product","link":"https:\/\/stylingagenten.com\/da\/produkt\/wet-n-wild-megalast-lipstick-matte-stoplight-red\/","title":{"rendered":"Wet n Wild Megalast Lipstick Matte &#8211; Stoplight Red"},"content":{"rendered":"<p>Mega Last Lipstick fra Wet n Wild giver en langtidsholdbar farve og indeholder ingredienser fra naturlige marine planteekstrakter, der g\u00f8r dine l\u00e6ber bl\u00f8de og fugtede. Formlen giver en fuld d\u00e6kkende farve med fl\u00f8jlsbl\u00f8de og matte resultater. F\u00e5s i flere attraktive farver.<\/p>\n","protected":false},"excerpt":{"rendered":"<p>Mega Last Lipstick fra Wet n Wild giver en langtidsholdbar farve og indeholder ingredienser fra naturlige marine planteekstrakter, der g\u00f8r dine l\u00e6ber bl\u00f8de og fugtede. Formlen giver en fuld d\u00e6kkende farve med fl\u00f8jlsbl\u00f8de og matte resultater. F\u00e5s i flere attraktive farver.<\/p>\n","protected":false},"featured_media":130869,"comment_status":"open","ping_status":"closed","template":"","meta":{"_trash_the_other_posts":false},"product_brand":[],"product_cat":[607],"product_tag":[4104],"berocket_brand":[1035],"class_list":{"0":"post-130878","1":"product","2":"type-product","3":"status-publish","4":"has-post-thumbnail","6":"product_cat-sticky-note","7":"product_tag-wet-n-wild-megalast-lipstick-matte","8":"pa_brand-wet-n-wild","9":"pa_variant-stoplight-red","10":"berocket_brand-wet-n-wild","12":"first","13":"outofstock","14":"sale","15":"taxable","16":"shipping-taxable","17":"purchasable","18":"product-type-simple"},"_links":{"self":[{"href":"https:\/\/stylingagenten.com\/da\/wp-json\/wp\/v2\/product\/130878","targetHints":{"allow":["GET"]}}],"collection":[{"href":"https:\/\/stylingagenten.com\/da\/wp-json\/wp\/v2\/product"}],"about":[{"href":"https:\/\/stylingagenten.com\/da\/wp-json\/wp\/v2\/types\/product"}],"replies":[{"embeddable":true,"href":"https:\/\/stylingagenten.com\/da\/wp-json\/wp\/v2\/comments?post=130878"}],"version-history":[{"count":0,"href":"https:\/\/stylingagenten.com\/da\/wp-json\/wp\/v2\/product\/130878\/revisions"}],"wp:featuredmedia":[{"embeddable":true,"href":"https:\/\/stylingagenten.com\/da\/wp-json\/wp\/v2\/media\/130869"}],"wp:attachment":[{"href":"https:\/\/stylingagenten.com\/da\/wp-json\/wp\/v2\/media?parent=130878"}],"wp:term":[{"taxonomy":"product_brand","embeddable":true,"href":"https:\/\/stylingagenten.com\/da\/wp-json\/wp\/v2\/product_brand?post=130878"},{"taxonomy":"product_cat","embeddable":true,"href":"https:\/\/stylingagenten.com\/da\/wp-json\/wp\/v2\/product_cat?post=130878"},{"taxonomy":"product_tag","embeddable":true,"href":"https:\/\/stylingagenten.com\/da\/wp-json\/wp\/v2\/product_tag?post=130878"},{"taxonomy":"berocket_brand","embeddable":true,"href":"https:\/\/stylingagenten.com\/da\/wp-json\/wp\/v2\/berocket_brand?post=130878"}],"curies":[{"name":"wp","href":"https:\/\/api.w.org\/{rel}","templated":true}]}}