{"id":130788,"date":"2025-05-18T22:22:34","date_gmt":"2025-05-18T22:22:34","guid":{"rendered":"https:\/\/staging2.stylingagenten.com\/da\/produkt\/beauty-uk-lips-matter-no-1-bond-mrs-bond-8g\/"},"modified":"2025-12-18T21:34:55","modified_gmt":"2025-12-18T21:34:55","slug":"beauty-uk-lips-matter-no-1-bond-mrs-bond-8g","status":"publish","type":"product","link":"https:\/\/stylingagenten.com\/da\/produkt\/beauty-uk-lips-matter-no-1-bond-mrs-bond-8g\/","title":{"rendered":"Beauty UK Lips Matter &#8211; No.1 Bond, Mrs Bond 8g"},"content":{"rendered":"<p>Beauty UK Lips Matter &#8211; No.1 Bond, Mrs Bond er en luksuri\u00f8s fl\u00f8jlsbl\u00f8d, mat l\u00e6becreme, der lover intens farve og en utrolig udholdenhed. L\u00e6bestiften f\u00e5s i 8 livlige, farvespr\u00e6ngende nuancer. Den unikke formel har en rig, cremet tekstur og t\u00f8rrer med den ultimative matte finish!<\/p>\n<p>L\u00e6bestift No.1 Bond, Mrs Bond<\/p>\n","protected":false},"excerpt":{"rendered":"<p>Beauty UK Lips Matter &#8211; No.1 Bond, Mrs Bond er en luksuri\u00f8s fl\u00f8jlsbl\u00f8d, mat l\u00e6becreme, der lover intens farve og en utrolig udholdenhed. L\u00e6bestiften f\u00e5s i 8 livlige, farvespr\u00e6ngende nuancer. Den unikke formel har en rig, cremet tekstur og t\u00f8rrer med den ultimative matte finish! L\u00e6bestift No.1 Bond, Mrs Bond<\/p>\n","protected":false},"featured_media":130786,"comment_status":"open","ping_status":"closed","template":"","meta":{"_trash_the_other_posts":false},"product_brand":[],"product_cat":[607,1005],"product_tag":[2501],"berocket_brand":[1059],"class_list":{"0":"post-130788","1":"product","2":"type-product","3":"status-publish","4":"has-post-thumbnail","6":"product_cat-sticky-note","7":"product_cat-outlet","8":"product_tag-beauty-uk-lips-matter-8g","9":"pa_brand-beautyuk","10":"pa_variant-no-1-bond-mrs-bond","11":"berocket_brand-beautyuk","13":"first","14":"instock","15":"sale","16":"taxable","17":"shipping-taxable","18":"purchasable","19":"product-type-simple"},"_links":{"self":[{"href":"https:\/\/stylingagenten.com\/da\/wp-json\/wp\/v2\/product\/130788","targetHints":{"allow":["GET"]}}],"collection":[{"href":"https:\/\/stylingagenten.com\/da\/wp-json\/wp\/v2\/product"}],"about":[{"href":"https:\/\/stylingagenten.com\/da\/wp-json\/wp\/v2\/types\/product"}],"replies":[{"embeddable":true,"href":"https:\/\/stylingagenten.com\/da\/wp-json\/wp\/v2\/comments?post=130788"}],"version-history":[{"count":0,"href":"https:\/\/stylingagenten.com\/da\/wp-json\/wp\/v2\/product\/130788\/revisions"}],"wp:featuredmedia":[{"embeddable":true,"href":"https:\/\/stylingagenten.com\/da\/wp-json\/wp\/v2\/media\/130786"}],"wp:attachment":[{"href":"https:\/\/stylingagenten.com\/da\/wp-json\/wp\/v2\/media?parent=130788"}],"wp:term":[{"taxonomy":"product_brand","embeddable":true,"href":"https:\/\/stylingagenten.com\/da\/wp-json\/wp\/v2\/product_brand?post=130788"},{"taxonomy":"product_cat","embeddable":true,"href":"https:\/\/stylingagenten.com\/da\/wp-json\/wp\/v2\/product_cat?post=130788"},{"taxonomy":"product_tag","embeddable":true,"href":"https:\/\/stylingagenten.com\/da\/wp-json\/wp\/v2\/product_tag?post=130788"},{"taxonomy":"berocket_brand","embeddable":true,"href":"https:\/\/stylingagenten.com\/da\/wp-json\/wp\/v2\/berocket_brand?post=130788"}],"curies":[{"name":"wp","href":"https:\/\/api.w.org\/{rel}","templated":true}]}}