{"id":130775,"date":"2025-05-18T22:22:32","date_gmt":"2025-05-18T22:22:32","guid":{"rendered":"https:\/\/staging2.stylingagenten.com\/da\/produkt\/bellapierre-lipstick-liner-duo-incognito\/"},"modified":"2025-12-18T21:38:52","modified_gmt":"2025-12-18T21:38:52","slug":"bellapierre-lipstick-liner-duo-incognito","status":"publish","type":"product","link":"https:\/\/stylingagenten.com\/da\/produkt\/bellapierre-lipstick-liner-duo-incognito\/","title":{"rendered":"Bellapierre Lipstick &amp; Liner Duo &#8211; Incognito"},"content":{"rendered":"<p>Bellapierre Matte Lipstick er en rigt pigmenteret l\u00e6bestift, der indeholder n\u00e6rende ingredienser som solsikkefr\u00f8olie og jojoba.<br \/>Den fl\u00f8jlsbl\u00f8de matte formel holder i timevis uden at udt\u00f8rre l\u00e6berne.<\/p>\n<p>S\u00e6ttet indeholder en l\u00e6bestift og en l\u00e6beblyant i matchende farver for et stilfuldt look, der holder hele dagen.&nbsp;<\/p>\n","protected":false},"excerpt":{"rendered":"<p>Bellapierre Matte Lipstick er en rigt pigmenteret l\u00e6bestift, der indeholder n\u00e6rende ingredienser som solsikkefr\u00f8olie og jojoba.Den fl\u00f8jlsbl\u00f8de matte formel holder i timevis uden at udt\u00f8rre l\u00e6berne. S\u00e6ttet indeholder en l\u00e6bestift og en l\u00e6beblyant i matchende farver for et stilfuldt look, der holder hele dagen.&nbsp;<\/p>\n","protected":false},"featured_media":130773,"comment_status":"open","ping_status":"closed","template":"","meta":{"_trash_the_other_posts":false},"product_brand":[],"product_cat":[607],"product_tag":[2532],"berocket_brand":[1113],"class_list":{"0":"post-130775","1":"product","2":"type-product","3":"status-publish","4":"has-post-thumbnail","6":"product_cat-sticky-note","7":"product_tag-bellapierre-lipstick-liner-duo","8":"pa_brand-bellapierre","9":"pa_variant-incognito","10":"berocket_brand-bellapierre","12":"first","13":"instock","14":"sale","15":"taxable","16":"shipping-taxable","17":"purchasable","18":"product-type-simple"},"_links":{"self":[{"href":"https:\/\/stylingagenten.com\/da\/wp-json\/wp\/v2\/product\/130775","targetHints":{"allow":["GET"]}}],"collection":[{"href":"https:\/\/stylingagenten.com\/da\/wp-json\/wp\/v2\/product"}],"about":[{"href":"https:\/\/stylingagenten.com\/da\/wp-json\/wp\/v2\/types\/product"}],"replies":[{"embeddable":true,"href":"https:\/\/stylingagenten.com\/da\/wp-json\/wp\/v2\/comments?post=130775"}],"version-history":[{"count":0,"href":"https:\/\/stylingagenten.com\/da\/wp-json\/wp\/v2\/product\/130775\/revisions"}],"wp:featuredmedia":[{"embeddable":true,"href":"https:\/\/stylingagenten.com\/da\/wp-json\/wp\/v2\/media\/130773"}],"wp:attachment":[{"href":"https:\/\/stylingagenten.com\/da\/wp-json\/wp\/v2\/media?parent=130775"}],"wp:term":[{"taxonomy":"product_brand","embeddable":true,"href":"https:\/\/stylingagenten.com\/da\/wp-json\/wp\/v2\/product_brand?post=130775"},{"taxonomy":"product_cat","embeddable":true,"href":"https:\/\/stylingagenten.com\/da\/wp-json\/wp\/v2\/product_cat?post=130775"},{"taxonomy":"product_tag","embeddable":true,"href":"https:\/\/stylingagenten.com\/da\/wp-json\/wp\/v2\/product_tag?post=130775"},{"taxonomy":"berocket_brand","embeddable":true,"href":"https:\/\/stylingagenten.com\/da\/wp-json\/wp\/v2\/berocket_brand?post=130775"}],"curies":[{"name":"wp","href":"https:\/\/api.w.org\/{rel}","templated":true}]}}