{"id":130764,"date":"2025-05-18T22:22:30","date_gmt":"2025-05-18T22:22:30","guid":{"rendered":"https:\/\/staging2.stylingagenten.com\/da\/produkt\/beauty-uk-lips-matter-no-3-curious-coral-8g\/"},"modified":"2025-12-18T21:37:09","modified_gmt":"2025-12-18T21:37:09","slug":"beauty-uk-lips-matter-no-3-curious-coral-8g","status":"publish","type":"product","link":"https:\/\/stylingagenten.com\/da\/produkt\/beauty-uk-lips-matter-no-3-curious-coral-8g\/","title":{"rendered":"Beauty UK Lips Matter &#8211; No.3 Curious Coral 8g"},"content":{"rendered":"<p>Beauty UK Lips Matter &#8211; No.3 Curious Coral er en luksuri\u00f8s fl\u00f8jlsbl\u00f8d, mat l\u00e6becreme, der lover intens farve og en utrolig udholdenhed. L\u00e6bestiften f\u00e5s i 8 livlige, farvespr\u00e6ngende nuancer. Den unikke formel har en rig, cremet tekstur og t\u00f8rrer med den ultimative matte finish!<\/p>\n<p>L\u00e6bestift No.3 Curious Coral<\/p>\n","protected":false},"excerpt":{"rendered":"<p>Beauty UK Lips Matter &#8211; No.3 Curious Coral er en luksuri\u00f8s fl\u00f8jlsbl\u00f8d, mat l\u00e6becreme, der lover intens farve og en utrolig udholdenhed. L\u00e6bestiften f\u00e5s i 8 livlige, farvespr\u00e6ngende nuancer. Den unikke formel har en rig, cremet tekstur og t\u00f8rrer med den ultimative matte finish! L\u00e6bestift No.3 Curious Coral<\/p>\n","protected":false},"featured_media":130761,"comment_status":"open","ping_status":"closed","template":"","meta":{"_trash_the_other_posts":false},"product_brand":[],"product_cat":[607],"product_tag":[2501],"berocket_brand":[1059],"class_list":{"0":"post-130764","1":"product","2":"type-product","3":"status-publish","4":"has-post-thumbnail","6":"product_cat-sticky-note","7":"product_tag-beauty-uk-lips-matter-8g","8":"pa_brand-beautyuk","9":"pa_variant-no-3-curious-coral","10":"berocket_brand-beautyuk","12":"first","13":"instock","14":"sale","15":"taxable","16":"shipping-taxable","17":"purchasable","18":"product-type-simple"},"_links":{"self":[{"href":"https:\/\/stylingagenten.com\/da\/wp-json\/wp\/v2\/product\/130764","targetHints":{"allow":["GET"]}}],"collection":[{"href":"https:\/\/stylingagenten.com\/da\/wp-json\/wp\/v2\/product"}],"about":[{"href":"https:\/\/stylingagenten.com\/da\/wp-json\/wp\/v2\/types\/product"}],"replies":[{"embeddable":true,"href":"https:\/\/stylingagenten.com\/da\/wp-json\/wp\/v2\/comments?post=130764"}],"version-history":[{"count":0,"href":"https:\/\/stylingagenten.com\/da\/wp-json\/wp\/v2\/product\/130764\/revisions"}],"wp:featuredmedia":[{"embeddable":true,"href":"https:\/\/stylingagenten.com\/da\/wp-json\/wp\/v2\/media\/130761"}],"wp:attachment":[{"href":"https:\/\/stylingagenten.com\/da\/wp-json\/wp\/v2\/media?parent=130764"}],"wp:term":[{"taxonomy":"product_brand","embeddable":true,"href":"https:\/\/stylingagenten.com\/da\/wp-json\/wp\/v2\/product_brand?post=130764"},{"taxonomy":"product_cat","embeddable":true,"href":"https:\/\/stylingagenten.com\/da\/wp-json\/wp\/v2\/product_cat?post=130764"},{"taxonomy":"product_tag","embeddable":true,"href":"https:\/\/stylingagenten.com\/da\/wp-json\/wp\/v2\/product_tag?post=130764"},{"taxonomy":"berocket_brand","embeddable":true,"href":"https:\/\/stylingagenten.com\/da\/wp-json\/wp\/v2\/berocket_brand?post=130764"}],"curies":[{"name":"wp","href":"https:\/\/api.w.org\/{rel}","templated":true}]}}