{"id":130596,"date":"2025-05-18T22:21:58","date_gmt":"2025-05-18T22:21:58","guid":{"rendered":"https:\/\/staging2.stylingagenten.com\/da\/produkt\/nyx-prof-makeup-soft-matte-lip-cream-prague\/"},"modified":"2026-03-16T12:07:50","modified_gmt":"2026-03-16T12:07:50","slug":"nyx-prof-makeup-soft-matte-lip-cream-prague","status":"publish","type":"product","link":"https:\/\/stylingagenten.com\/da\/produkt\/nyx-prof-makeup-soft-matte-lip-cream-prague\/","title":{"rendered":"NYX PROF. MAKEUP Soft Matte Lip Cream Prague"},"content":{"rendered":"<p>NYX PROFESSIONAL MAKEUP Soft Matte Lip Cream Prague &#8211; Det er hverken en l\u00e6bestift eller en lipgloss, det er en l\u00e6bestiftcreme! Med en silkebl\u00f8d tekstur og med bl\u00f8de matte farver vil disse langtidsholdbare l\u00e6becremer holde dine l\u00e6ber hydrerede og farverige hele dagen lang. Indhold: 6,5 g<\/p>\n","protected":false},"excerpt":{"rendered":"<p>NYX PROFESSIONAL MAKEUP Soft Matte Lip Cream Prague &#8211; Det er hverken en l\u00e6bestift eller en lipgloss, det er en l\u00e6bestiftcreme! Med en silkebl\u00f8d tekstur og med bl\u00f8de matte farver vil disse langtidsholdbare l\u00e6becremer holde dine l\u00e6ber hydrerede og farverige hele dagen lang. Indhold: 6,5 g<\/p>\n","protected":false},"featured_media":130593,"comment_status":"open","ping_status":"closed","template":"","meta":{"_trash_the_other_posts":false},"product_brand":[],"product_cat":[607],"product_tag":[3699],"berocket_brand":[1025],"class_list":{"0":"post-130596","1":"product","2":"type-product","3":"status-publish","4":"has-post-thumbnail","6":"product_cat-sticky-note","7":"product_tag-nyx-prof-makeup-soft-matte-lip-cream","8":"pa_brand-nyx","9":"pa_variant-prague","10":"berocket_brand-nyx","12":"first","13":"outofstock","14":"sale","15":"taxable","16":"shipping-taxable","17":"purchasable","18":"product-type-simple"},"_links":{"self":[{"href":"https:\/\/stylingagenten.com\/da\/wp-json\/wp\/v2\/product\/130596","targetHints":{"allow":["GET"]}}],"collection":[{"href":"https:\/\/stylingagenten.com\/da\/wp-json\/wp\/v2\/product"}],"about":[{"href":"https:\/\/stylingagenten.com\/da\/wp-json\/wp\/v2\/types\/product"}],"replies":[{"embeddable":true,"href":"https:\/\/stylingagenten.com\/da\/wp-json\/wp\/v2\/comments?post=130596"}],"version-history":[{"count":0,"href":"https:\/\/stylingagenten.com\/da\/wp-json\/wp\/v2\/product\/130596\/revisions"}],"wp:featuredmedia":[{"embeddable":true,"href":"https:\/\/stylingagenten.com\/da\/wp-json\/wp\/v2\/media\/130593"}],"wp:attachment":[{"href":"https:\/\/stylingagenten.com\/da\/wp-json\/wp\/v2\/media?parent=130596"}],"wp:term":[{"taxonomy":"product_brand","embeddable":true,"href":"https:\/\/stylingagenten.com\/da\/wp-json\/wp\/v2\/product_brand?post=130596"},{"taxonomy":"product_cat","embeddable":true,"href":"https:\/\/stylingagenten.com\/da\/wp-json\/wp\/v2\/product_cat?post=130596"},{"taxonomy":"product_tag","embeddable":true,"href":"https:\/\/stylingagenten.com\/da\/wp-json\/wp\/v2\/product_tag?post=130596"},{"taxonomy":"berocket_brand","embeddable":true,"href":"https:\/\/stylingagenten.com\/da\/wp-json\/wp\/v2\/berocket_brand?post=130596"}],"curies":[{"name":"wp","href":"https:\/\/api.w.org\/{rel}","templated":true}]}}