{"id":130403,"date":"2025-05-18T22:21:17","date_gmt":"2025-05-18T22:21:17","guid":{"rendered":"https:\/\/staging2.stylingagenten.com\/da\/produkt\/beauty-uk-glacier-gloss-no-4-i-like-to-mauve-it-mauve-it\/"},"modified":"2026-02-02T12:25:34","modified_gmt":"2026-02-02T12:25:34","slug":"beauty-uk-glacier-gloss-no-4-i-like-to-mauve-it-mauve-it","status":"publish","type":"product","link":"https:\/\/stylingagenten.com\/da\/produkt\/beauty-uk-glacier-gloss-no-4-i-like-to-mauve-it-mauve-it\/","title":{"rendered":"Beauty UK Glacier Gloss No.4 I Like To Mauve It Mauve It"},"content":{"rendered":"<p>Glacier Gloss f\u00e5s i flere f\u00e6ngslende nuancer og vil fange; dine l\u00e6ber til at rocke ud i et spektrum af nuancer med en sofistikeret og intens glans. Den silkebl\u00f8de tekstur g\u00f8r p\u00e5f\u00f8ringen nem, hvilket resulterer i kortere og mere behagelig brug.<\/p>\n<p><strong>Farve:&nbsp;<\/strong>Kaffekage<\/strong> p&gt;<\/p>\n","protected":false},"excerpt":{"rendered":"<p>Glacier Gloss f\u00e5s i flere f\u00e6ngslende nuancer og vil fange; dine l\u00e6ber til at rocke ud i et spektrum af nuancer med en sofistikeret og intens glans. Den silkebl\u00f8de tekstur g\u00f8r p\u00e5f\u00f8ringen nem, hvilket resulterer i kortere og mere behagelig brug. Farve:&nbsp;Kaffekage p&gt;<\/p>\n","protected":false},"featured_media":130401,"comment_status":"open","ping_status":"closed","template":"","meta":{"_trash_the_other_posts":false},"product_brand":[],"product_cat":[599],"product_tag":[2496],"berocket_brand":[1059],"class_list":{"0":"post-130403","1":"product","2":"type-product","3":"status-publish","4":"has-post-thumbnail","6":"product_cat-patch-glans","7":"product_tag-beauty-uk-glacier-gloss","8":"pa_brand-beautyuk","9":"pa_variant-no-4-i-like-to-mauve-it-mauve-it","10":"berocket_brand-beautyuk","12":"first","13":"instock","14":"sale","15":"taxable","16":"shipping-taxable","17":"purchasable","18":"product-type-simple"},"_links":{"self":[{"href":"https:\/\/stylingagenten.com\/da\/wp-json\/wp\/v2\/product\/130403","targetHints":{"allow":["GET"]}}],"collection":[{"href":"https:\/\/stylingagenten.com\/da\/wp-json\/wp\/v2\/product"}],"about":[{"href":"https:\/\/stylingagenten.com\/da\/wp-json\/wp\/v2\/types\/product"}],"replies":[{"embeddable":true,"href":"https:\/\/stylingagenten.com\/da\/wp-json\/wp\/v2\/comments?post=130403"}],"version-history":[{"count":0,"href":"https:\/\/stylingagenten.com\/da\/wp-json\/wp\/v2\/product\/130403\/revisions"}],"wp:featuredmedia":[{"embeddable":true,"href":"https:\/\/stylingagenten.com\/da\/wp-json\/wp\/v2\/media\/130401"}],"wp:attachment":[{"href":"https:\/\/stylingagenten.com\/da\/wp-json\/wp\/v2\/media?parent=130403"}],"wp:term":[{"taxonomy":"product_brand","embeddable":true,"href":"https:\/\/stylingagenten.com\/da\/wp-json\/wp\/v2\/product_brand?post=130403"},{"taxonomy":"product_cat","embeddable":true,"href":"https:\/\/stylingagenten.com\/da\/wp-json\/wp\/v2\/product_cat?post=130403"},{"taxonomy":"product_tag","embeddable":true,"href":"https:\/\/stylingagenten.com\/da\/wp-json\/wp\/v2\/product_tag?post=130403"},{"taxonomy":"berocket_brand","embeddable":true,"href":"https:\/\/stylingagenten.com\/da\/wp-json\/wp\/v2\/berocket_brand?post=130403"}],"curies":[{"name":"wp","href":"https:\/\/api.w.org\/{rel}","templated":true}]}}