{"id":130126,"date":"2025-05-18T22:20:29","date_gmt":"2025-05-18T22:20:29","guid":{"rendered":"https:\/\/staging2.stylingagenten.com\/da\/produkt\/beauty-uk-glacier-gloss-no-6-atomic-pink\/"},"modified":"2025-12-18T21:36:31","modified_gmt":"2025-12-18T21:36:31","slug":"beauty-uk-glacier-gloss-no-6-atomic-pink","status":"publish","type":"product","link":"https:\/\/stylingagenten.com\/da\/produkt\/beauty-uk-glacier-gloss-no-6-atomic-pink\/","title":{"rendered":"Beauty UK Glacier Gloss no.6 &#8211; Atomic Pink"},"content":{"rendered":"<p>Glacier Gloss f\u00e5s i flere f\u00e6ngslende nuancer og vil fange; dine l\u00e6ber til at rocke ud i et spektrum af nuancer med en sofistikeret og intens glans. Den silkebl\u00f8de tekstur g\u00f8r p\u00e5f\u00f8ringen nem, hvilket resulterer i kortere og mere behagelig brug.<\/p>\n<p><strong>Farve:&nbsp;<\/strong>Atomic Pink<\/strong> p&gt;<\/p>\n","protected":false},"excerpt":{"rendered":"<p>Glacier Gloss f\u00e5s i flere f\u00e6ngslende nuancer og vil fange; dine l\u00e6ber til at rocke ud i et spektrum af nuancer med en sofistikeret og intens glans. Den silkebl\u00f8de tekstur g\u00f8r p\u00e5f\u00f8ringen nem, hvilket resulterer i kortere og mere behagelig brug. Farve:&nbsp;Atomic Pink p&gt;<\/p>\n","protected":false},"featured_media":130124,"comment_status":"open","ping_status":"closed","template":"","meta":{"_trash_the_other_posts":false},"product_brand":[],"product_cat":[599],"product_tag":[2496],"berocket_brand":[1059],"class_list":{"0":"post-130126","1":"product","2":"type-product","3":"status-publish","4":"has-post-thumbnail","6":"product_cat-patch-glans","7":"product_tag-beauty-uk-glacier-gloss","8":"pa_brand-beautyuk","9":"pa_variant-no-6-atomic-pink","10":"berocket_brand-beautyuk","12":"first","13":"instock","14":"sale","15":"taxable","16":"shipping-taxable","17":"purchasable","18":"product-type-simple"},"_links":{"self":[{"href":"https:\/\/stylingagenten.com\/da\/wp-json\/wp\/v2\/product\/130126","targetHints":{"allow":["GET"]}}],"collection":[{"href":"https:\/\/stylingagenten.com\/da\/wp-json\/wp\/v2\/product"}],"about":[{"href":"https:\/\/stylingagenten.com\/da\/wp-json\/wp\/v2\/types\/product"}],"replies":[{"embeddable":true,"href":"https:\/\/stylingagenten.com\/da\/wp-json\/wp\/v2\/comments?post=130126"}],"version-history":[{"count":0,"href":"https:\/\/stylingagenten.com\/da\/wp-json\/wp\/v2\/product\/130126\/revisions"}],"wp:featuredmedia":[{"embeddable":true,"href":"https:\/\/stylingagenten.com\/da\/wp-json\/wp\/v2\/media\/130124"}],"wp:attachment":[{"href":"https:\/\/stylingagenten.com\/da\/wp-json\/wp\/v2\/media?parent=130126"}],"wp:term":[{"taxonomy":"product_brand","embeddable":true,"href":"https:\/\/stylingagenten.com\/da\/wp-json\/wp\/v2\/product_brand?post=130126"},{"taxonomy":"product_cat","embeddable":true,"href":"https:\/\/stylingagenten.com\/da\/wp-json\/wp\/v2\/product_cat?post=130126"},{"taxonomy":"product_tag","embeddable":true,"href":"https:\/\/stylingagenten.com\/da\/wp-json\/wp\/v2\/product_tag?post=130126"},{"taxonomy":"berocket_brand","embeddable":true,"href":"https:\/\/stylingagenten.com\/da\/wp-json\/wp\/v2\/berocket_brand?post=130126"}],"curies":[{"name":"wp","href":"https:\/\/api.w.org\/{rel}","templated":true}]}}