{"id":130061,"date":"2025-05-18T22:20:18","date_gmt":"2025-05-18T22:20:18","guid":{"rendered":"https:\/\/staging2.stylingagenten.com\/da\/produkt\/nyx-prof-makeup-shine-loud-pro-pigment-lip-shine-shake-things-up\/"},"modified":"2026-03-08T00:37:30","modified_gmt":"2026-03-08T00:37:30","slug":"nyx-prof-makeup-shine-loud-pro-pigment-lip-shine-shake-things-up","status":"publish","type":"product","link":"https:\/\/stylingagenten.com\/da\/produkt\/nyx-prof-makeup-shine-loud-pro-pigment-lip-shine-shake-things-up\/","title":{"rendered":"NYX PROF. MAKEUP Shine Loud Pro Pigment Lip Shine &#8211; Shake Things Up"},"content":{"rendered":"<p><strong>16 timers L\u00d8JT GLANS L\u00c6BEFARVE!<\/strong><\/p>\n<p>Dette er NYX&#8217;s f\u00f8rste ultrapigmenterede l\u00e6befarve med h\u00f8j glans og op til 16 timers slidstyrke. Ingen pletter, kl\u00e6ber ikke til fine linjer, intet farvetab: du kan kysse, drikke, kaste dit h\u00e5r, endda b\u00e6re det under din maske!<\/p>\n<p>Let og behageligt, m p&aring; l\u00e6ber, leverer denne veganske formel en fejende, st\u00e6rkt pigmenteret farve med en ikke-kl\u00e6bende blank finish. S\u00e6t bare den h\u00f8jtpigmenterede basisfarve, infunderet med hudelskende olier *, sammen med den ultrareflekterende og ikke-kl\u00e6bende topcoat ** for den mest glans, du nogensinde har set!<\/p>\n<p><\/p>\n<p>Indhold: 2 x 3,4 ml&nbsp;<\/p>\n<p>* tilsat macadamiafr\u00f8olie, korianderfrugtolie, jojobafr\u00f8olie, abrikosolie, passionsfrugtfr\u00f8olie ** infunderet med vitamin E-derivater<\/p>\n","protected":false},"excerpt":{"rendered":"<p>16 timers L\u00d8JT GLANS L\u00c6BEFARVE! Dette er NYX&#8217;s f\u00f8rste ultrapigmenterede l\u00e6befarve med h\u00f8j glans og op til 16 timers slidstyrke. Ingen pletter, kl\u00e6ber ikke til fine linjer, intet farvetab: du kan kysse, drikke, kaste dit h\u00e5r, endda b\u00e6re det under din maske! Let og behageligt, m p&aring; l\u00e6ber, leverer denne veganske formel en fejende, st\u00e6rkt [&hellip;]<\/p>\n","protected":false},"featured_media":130041,"comment_status":"open","ping_status":"closed","template":"","meta":{"_trash_the_other_posts":false},"product_brand":[],"product_cat":[607,717],"product_tag":[3696],"berocket_brand":[1025],"class_list":{"0":"post-130061","1":"product","2":"type-product","3":"status-publish","4":"has-post-thumbnail","6":"product_cat-sticky-note","7":"product_cat-virale-produkter","8":"product_tag-nyx-prof-makeup-shine-loud-pro-pigment-lip-shine","9":"pa_brand-nyx","10":"pa_variant-shake-things-up","11":"berocket_brand-nyx","13":"first","14":"instock","15":"sale","16":"taxable","17":"shipping-taxable","18":"purchasable","19":"product-type-simple"},"_links":{"self":[{"href":"https:\/\/stylingagenten.com\/da\/wp-json\/wp\/v2\/product\/130061","targetHints":{"allow":["GET"]}}],"collection":[{"href":"https:\/\/stylingagenten.com\/da\/wp-json\/wp\/v2\/product"}],"about":[{"href":"https:\/\/stylingagenten.com\/da\/wp-json\/wp\/v2\/types\/product"}],"replies":[{"embeddable":true,"href":"https:\/\/stylingagenten.com\/da\/wp-json\/wp\/v2\/comments?post=130061"}],"version-history":[{"count":0,"href":"https:\/\/stylingagenten.com\/da\/wp-json\/wp\/v2\/product\/130061\/revisions"}],"wp:featuredmedia":[{"embeddable":true,"href":"https:\/\/stylingagenten.com\/da\/wp-json\/wp\/v2\/media\/130041"}],"wp:attachment":[{"href":"https:\/\/stylingagenten.com\/da\/wp-json\/wp\/v2\/media?parent=130061"}],"wp:term":[{"taxonomy":"product_brand","embeddable":true,"href":"https:\/\/stylingagenten.com\/da\/wp-json\/wp\/v2\/product_brand?post=130061"},{"taxonomy":"product_cat","embeddable":true,"href":"https:\/\/stylingagenten.com\/da\/wp-json\/wp\/v2\/product_cat?post=130061"},{"taxonomy":"product_tag","embeddable":true,"href":"https:\/\/stylingagenten.com\/da\/wp-json\/wp\/v2\/product_tag?post=130061"},{"taxonomy":"berocket_brand","embeddable":true,"href":"https:\/\/stylingagenten.com\/da\/wp-json\/wp\/v2\/berocket_brand?post=130061"}],"curies":[{"name":"wp","href":"https:\/\/api.w.org\/{rel}","templated":true}]}}