{"id":130052,"date":"2025-05-18T22:20:17","date_gmt":"2025-05-18T22:20:17","guid":{"rendered":"https:\/\/staging2.stylingagenten.com\/da\/produkt\/beauty-uk-glitter-eyeliner-gold-5ml\/"},"modified":"2026-04-13T07:27:46","modified_gmt":"2026-04-13T07:27:46","slug":"beauty-uk-glitter-eyeliner-gold-5ml","status":"publish","type":"product","link":"https:\/\/stylingagenten.com\/da\/produkt\/beauty-uk-glitter-eyeliner-gold-5ml\/","title":{"rendered":"Beauty UK Glitter Eyeliner &#8211; Gold 5ml"},"content":{"rendered":"<p>Beauty UK Glitter Eyeliner &#8211; Guld kan bruges alene eller sammen med dit valg af eyeliner. Formlen er rig p\u00e5 farvepigmenter og er nem at bruge. Eyelineren er fyldt med mikroglitter og den unikt designede lange applikator til pr\u00e6cision og enkel og fin pensel, der giver perfekt p\u00e5f\u00f8ring hver gang.<\/p>\n<p>Denne Glitter Eyeliner-serie f\u00e5s i guld- og s\u00f8lvnuancer og afh\u00e6ngig af&aring; hus meget du v\u00e6lger at anvende, kan du f\u00f8lge; en bl\u00f8d shimmer eller intens eksplosion af glamour og glitter.<\/p>\n<p>Farve: Guld<\/p>\n","protected":false},"excerpt":{"rendered":"<p>Beauty UK Glitter Eyeliner &#8211; Guld kan bruges alene eller sammen med dit valg af eyeliner. Formlen er rig p\u00e5 farvepigmenter og er nem at bruge. Eyelineren er fyldt med mikroglitter og den unikt designede lange applikator til pr\u00e6cision og enkel og fin pensel, der giver perfekt p\u00e5f\u00f8ring hver gang. Denne Glitter Eyeliner-serie f\u00e5s i [&hellip;]<\/p>\n","protected":false},"featured_media":130050,"comment_status":"open","ping_status":"closed","template":"","meta":{"_trash_the_other_posts":false},"product_brand":[],"product_cat":[568],"product_tag":[2497],"berocket_brand":[1059],"class_list":{"0":"post-130052","1":"product","2":"type-product","3":"status-publish","4":"has-post-thumbnail","6":"product_cat-eyeliner-kajal","7":"product_tag-beauty-uk-glitter-eyeliner-5ml","8":"pa_brand-beautyuk","9":"pa_variant-gold","10":"berocket_brand-beautyuk","12":"first","13":"instock","14":"sale","15":"taxable","16":"shipping-taxable","17":"purchasable","18":"product-type-simple"},"_links":{"self":[{"href":"https:\/\/stylingagenten.com\/da\/wp-json\/wp\/v2\/product\/130052","targetHints":{"allow":["GET"]}}],"collection":[{"href":"https:\/\/stylingagenten.com\/da\/wp-json\/wp\/v2\/product"}],"about":[{"href":"https:\/\/stylingagenten.com\/da\/wp-json\/wp\/v2\/types\/product"}],"replies":[{"embeddable":true,"href":"https:\/\/stylingagenten.com\/da\/wp-json\/wp\/v2\/comments?post=130052"}],"version-history":[{"count":0,"href":"https:\/\/stylingagenten.com\/da\/wp-json\/wp\/v2\/product\/130052\/revisions"}],"wp:featuredmedia":[{"embeddable":true,"href":"https:\/\/stylingagenten.com\/da\/wp-json\/wp\/v2\/media\/130050"}],"wp:attachment":[{"href":"https:\/\/stylingagenten.com\/da\/wp-json\/wp\/v2\/media?parent=130052"}],"wp:term":[{"taxonomy":"product_brand","embeddable":true,"href":"https:\/\/stylingagenten.com\/da\/wp-json\/wp\/v2\/product_brand?post=130052"},{"taxonomy":"product_cat","embeddable":true,"href":"https:\/\/stylingagenten.com\/da\/wp-json\/wp\/v2\/product_cat?post=130052"},{"taxonomy":"product_tag","embeddable":true,"href":"https:\/\/stylingagenten.com\/da\/wp-json\/wp\/v2\/product_tag?post=130052"},{"taxonomy":"berocket_brand","embeddable":true,"href":"https:\/\/stylingagenten.com\/da\/wp-json\/wp\/v2\/berocket_brand?post=130052"}],"curies":[{"name":"wp","href":"https:\/\/api.w.org\/{rel}","templated":true}]}}