{"id":129967,"date":"2025-05-18T22:20:00","date_gmt":"2025-05-18T22:20:00","guid":{"rendered":"https:\/\/staging2.stylingagenten.com\/da\/produkt\/max-factor-colour-elixir-lip-cushion-035-baby-star-coral-lip-gloss\/"},"modified":"2026-04-12T17:59:19","modified_gmt":"2026-04-12T17:59:19","slug":"max-factor-colour-elixir-lip-cushion-035-baby-star-coral-lip-gloss","status":"publish","type":"product","link":"https:\/\/stylingagenten.com\/da\/produkt\/max-factor-colour-elixir-lip-cushion-035-baby-star-coral-lip-gloss\/","title":{"rendered":"Max Factor Colour Elixir Lip Cushion &#8211; 035 Baby Star Coral Lip Gloss"},"content":{"rendered":"<p>Max Factor Color Elixir Lip Cushion er en n\u00e6rende lipgloss med vitamin E og antioxidanter, der hj\u00e6lper med at holde l\u00e6berne bl\u00f8de. Den praktiske pudeapplikator g\u00f8r lipglossen nem og behagelig at p\u00e5f\u00f8re.<\/p>\n","protected":false},"excerpt":{"rendered":"<p>Max Factor Color Elixir Lip Cushion er en n\u00e6rende lipgloss med vitamin E og antioxidanter, der hj\u00e6lper med at holde l\u00e6berne bl\u00f8de. Den praktiske pudeapplikator g\u00f8r lipglossen nem og behagelig at p\u00e5f\u00f8re.<\/p>\n","protected":false},"featured_media":129958,"comment_status":"open","ping_status":"closed","template":"","meta":{"_trash_the_other_posts":false},"product_brand":[],"product_cat":[599],"product_tag":[3466],"berocket_brand":[1013],"class_list":{"0":"post-129967","1":"product","2":"type-product","3":"status-publish","4":"has-post-thumbnail","6":"product_cat-patch-glans","7":"product_tag-max-factor-colour-elixir-lip-cushion-lip-gloss","8":"pa_brand-max-factor","9":"pa_variant-035-baby-star-coral","10":"berocket_brand-max-factor","12":"first","13":"instock","14":"sale","15":"taxable","16":"shipping-taxable","17":"purchasable","18":"product-type-simple"},"_links":{"self":[{"href":"https:\/\/stylingagenten.com\/da\/wp-json\/wp\/v2\/product\/129967","targetHints":{"allow":["GET"]}}],"collection":[{"href":"https:\/\/stylingagenten.com\/da\/wp-json\/wp\/v2\/product"}],"about":[{"href":"https:\/\/stylingagenten.com\/da\/wp-json\/wp\/v2\/types\/product"}],"replies":[{"embeddable":true,"href":"https:\/\/stylingagenten.com\/da\/wp-json\/wp\/v2\/comments?post=129967"}],"version-history":[{"count":0,"href":"https:\/\/stylingagenten.com\/da\/wp-json\/wp\/v2\/product\/129967\/revisions"}],"wp:featuredmedia":[{"embeddable":true,"href":"https:\/\/stylingagenten.com\/da\/wp-json\/wp\/v2\/media\/129958"}],"wp:attachment":[{"href":"https:\/\/stylingagenten.com\/da\/wp-json\/wp\/v2\/media?parent=129967"}],"wp:term":[{"taxonomy":"product_brand","embeddable":true,"href":"https:\/\/stylingagenten.com\/da\/wp-json\/wp\/v2\/product_brand?post=129967"},{"taxonomy":"product_cat","embeddable":true,"href":"https:\/\/stylingagenten.com\/da\/wp-json\/wp\/v2\/product_cat?post=129967"},{"taxonomy":"product_tag","embeddable":true,"href":"https:\/\/stylingagenten.com\/da\/wp-json\/wp\/v2\/product_tag?post=129967"},{"taxonomy":"berocket_brand","embeddable":true,"href":"https:\/\/stylingagenten.com\/da\/wp-json\/wp\/v2\/berocket_brand?post=129967"}],"curies":[{"name":"wp","href":"https:\/\/api.w.org\/{rel}","templated":true}]}}