{"id":129876,"date":"2025-05-18T22:19:38","date_gmt":"2025-05-18T22:19:38","guid":{"rendered":"https:\/\/staging2.stylingagenten.com\/da\/produkt\/maybelline-lifter-gloss-006-reef\/"},"modified":"2026-03-04T13:19:35","modified_gmt":"2026-03-04T13:19:35","slug":"maybelline-lifter-gloss-006-reef","status":"publish","type":"product","link":"https:\/\/stylingagenten.com\/da\/produkt\/maybelline-lifter-gloss-006-reef\/","title":{"rendered":"Maybelline Lifter Gloss &#8211; 006 Reef"},"content":{"rendered":"<p>Lifter Gloss er en fugtgivende lipgloss med hyaluronsyre, der hj\u00e6lper med at binde fugt. Lipglossen bl\u00f8dg\u00f8r og l\u00f8fter blidt l\u00e6berne; at de ser mere fyldige ud.<\/p>\n","protected":false},"excerpt":{"rendered":"<p>Lifter Gloss er en fugtgivende lipgloss med hyaluronsyre, der hj\u00e6lper med at binde fugt. Lipglossen bl\u00f8dg\u00f8r og l\u00f8fter blidt l\u00e6berne; at de ser mere fyldige ud.<\/p>\n","protected":false},"featured_media":129871,"comment_status":"open","ping_status":"closed","template":"","meta":{"_trash_the_other_posts":false},"product_brand":[],"product_cat":[599],"product_tag":[3508],"berocket_brand":[1016],"class_list":{"0":"post-129876","1":"product","2":"type-product","3":"status-publish","4":"has-post-thumbnail","6":"product_cat-patch-glans","7":"product_tag-maybelline-lifter-gloss","8":"pa_brand-maybelline","9":"pa_variant-006-reef","10":"berocket_brand-maybelline","12":"first","13":"instock","14":"sale","15":"taxable","16":"shipping-taxable","17":"purchasable","18":"product-type-simple"},"_links":{"self":[{"href":"https:\/\/stylingagenten.com\/da\/wp-json\/wp\/v2\/product\/129876","targetHints":{"allow":["GET"]}}],"collection":[{"href":"https:\/\/stylingagenten.com\/da\/wp-json\/wp\/v2\/product"}],"about":[{"href":"https:\/\/stylingagenten.com\/da\/wp-json\/wp\/v2\/types\/product"}],"replies":[{"embeddable":true,"href":"https:\/\/stylingagenten.com\/da\/wp-json\/wp\/v2\/comments?post=129876"}],"version-history":[{"count":0,"href":"https:\/\/stylingagenten.com\/da\/wp-json\/wp\/v2\/product\/129876\/revisions"}],"wp:featuredmedia":[{"embeddable":true,"href":"https:\/\/stylingagenten.com\/da\/wp-json\/wp\/v2\/media\/129871"}],"wp:attachment":[{"href":"https:\/\/stylingagenten.com\/da\/wp-json\/wp\/v2\/media?parent=129876"}],"wp:term":[{"taxonomy":"product_brand","embeddable":true,"href":"https:\/\/stylingagenten.com\/da\/wp-json\/wp\/v2\/product_brand?post=129876"},{"taxonomy":"product_cat","embeddable":true,"href":"https:\/\/stylingagenten.com\/da\/wp-json\/wp\/v2\/product_cat?post=129876"},{"taxonomy":"product_tag","embeddable":true,"href":"https:\/\/stylingagenten.com\/da\/wp-json\/wp\/v2\/product_tag?post=129876"},{"taxonomy":"berocket_brand","embeddable":true,"href":"https:\/\/stylingagenten.com\/da\/wp-json\/wp\/v2\/berocket_brand?post=129876"}],"curies":[{"name":"wp","href":"https:\/\/api.w.org\/{rel}","templated":true}]}}