{"id":129843,"date":"2025-05-18T22:19:31","date_gmt":"2025-05-18T22:19:31","guid":{"rendered":"https:\/\/staging2.stylingagenten.com\/da\/produkt\/shiseido-crystal-gelgloss-lip-gloss-9ml\/"},"modified":"2026-03-30T07:31:06","modified_gmt":"2026-03-30T07:31:06","slug":"shiseido-crystal-gelgloss-lip-gloss-9ml","status":"publish","type":"product","link":"https:\/\/stylingagenten.com\/da\/produkt\/shiseido-crystal-gelgloss-lip-gloss-9ml\/","title":{"rendered":"Shiseido Crystal GelGloss Lip Gloss 9ml"},"content":{"rendered":"<p>En langtidsholdbar, reflekterende gennemsigtig lipgloss, der giver fantastisk glans og fylde og forst\u00e6rker farveindtrykket, n\u00e5r det bruges som topcoat over et pigmenteret produkt. Glansen f\u00f8les bl\u00f8d p\u00e5 l\u00e6berne uden at v\u00e6re klistret eller udt\u00f8rrende. Kan bruges som den er eller over andre l\u00e6beprodukter. Har en integreret applikator, der reducerer risikoen for misfarvning, n\u00e5r glansen bruges over et pigmenteret produkt. <\/p>\n<p>Anvend p\u00e5 rensede l\u00e6ber eller kindben for en dugfrisk gl\u00f8d eller brug som topcoat for at forst\u00e6rke effekten af \u200b\u200bpigmenteret produkt nedenunder.<\/p>\n","protected":false},"excerpt":{"rendered":"<p>En langtidsholdbar, reflekterende gennemsigtig lipgloss, der giver fantastisk glans og fylde og forst\u00e6rker farveindtrykket, n\u00e5r det bruges som topcoat over et pigmenteret produkt. Glansen f\u00f8les bl\u00f8d p\u00e5 l\u00e6berne uden at v\u00e6re klistret eller udt\u00f8rrende. Kan bruges som den er eller over andre l\u00e6beprodukter. Har en integreret applikator, der reducerer risikoen for misfarvning, n\u00e5r glansen bruges [&hellip;]<\/p>\n","protected":false},"featured_media":129842,"comment_status":"open","ping_status":"closed","template":"","meta":{"_trash_the_other_posts":false},"product_brand":[],"product_cat":[599],"product_tag":[],"berocket_brand":[1193],"class_list":{"0":"post-129843","1":"product","2":"type-product","3":"status-publish","4":"has-post-thumbnail","6":"product_cat-patch-glans","7":"pa_brand-shiseido","8":"berocket_brand-shiseido","10":"first","11":"instock","12":"sale","13":"taxable","14":"shipping-taxable","15":"purchasable","16":"product-type-simple"},"_links":{"self":[{"href":"https:\/\/stylingagenten.com\/da\/wp-json\/wp\/v2\/product\/129843","targetHints":{"allow":["GET"]}}],"collection":[{"href":"https:\/\/stylingagenten.com\/da\/wp-json\/wp\/v2\/product"}],"about":[{"href":"https:\/\/stylingagenten.com\/da\/wp-json\/wp\/v2\/types\/product"}],"replies":[{"embeddable":true,"href":"https:\/\/stylingagenten.com\/da\/wp-json\/wp\/v2\/comments?post=129843"}],"version-history":[{"count":0,"href":"https:\/\/stylingagenten.com\/da\/wp-json\/wp\/v2\/product\/129843\/revisions"}],"wp:featuredmedia":[{"embeddable":true,"href":"https:\/\/stylingagenten.com\/da\/wp-json\/wp\/v2\/media\/129842"}],"wp:attachment":[{"href":"https:\/\/stylingagenten.com\/da\/wp-json\/wp\/v2\/media?parent=129843"}],"wp:term":[{"taxonomy":"product_brand","embeddable":true,"href":"https:\/\/stylingagenten.com\/da\/wp-json\/wp\/v2\/product_brand?post=129843"},{"taxonomy":"product_cat","embeddable":true,"href":"https:\/\/stylingagenten.com\/da\/wp-json\/wp\/v2\/product_cat?post=129843"},{"taxonomy":"product_tag","embeddable":true,"href":"https:\/\/stylingagenten.com\/da\/wp-json\/wp\/v2\/product_tag?post=129843"},{"taxonomy":"berocket_brand","embeddable":true,"href":"https:\/\/stylingagenten.com\/da\/wp-json\/wp\/v2\/berocket_brand?post=129843"}],"curies":[{"name":"wp","href":"https:\/\/api.w.org\/{rel}","templated":true}]}}