{"id":129832,"date":"2025-05-18T22:19:27","date_gmt":"2025-05-18T22:19:27","guid":{"rendered":"https:\/\/staging2.stylingagenten.com\/da\/produkt\/max-factor-colour-elixir-honey-lacquer-lip-gloss-35-blooming-berry\/"},"modified":"2026-04-03T23:18:29","modified_gmt":"2026-04-03T23:18:29","slug":"max-factor-colour-elixir-honey-lacquer-lip-gloss-35-blooming-berry","status":"publish","type":"product","link":"https:\/\/stylingagenten.com\/da\/produkt\/max-factor-colour-elixir-honey-lacquer-lip-gloss-35-blooming-berry\/","title":{"rendered":"Max Factor Colour Elixir Honey Lacquer Lip Gloss &#8211; 35 Blooming Berry"},"content":{"rendered":"<p>Color Elixir Honey Lacquer fra Max Factor er en 3 i 1 flydende l\u00e6bestift med en dejlig tekstur som honning. Den giver farve som en l\u00e6bestift, f\u00f8les bl\u00f8d som en balsam og giver glans som en lipgloss. F\u00e5s i flere farver.<\/p>\n<p>\u2022Flydende l\u00e6bestift<br \/>\u2022Giver farve som en l\u00e6bestift<br \/>\u2022F\u00f8les bl\u00f8d som en balsam<br \/>\u2022Giver glans som en lipgloss<\/p>\n","protected":false},"excerpt":{"rendered":"<p>Color Elixir Honey Lacquer fra Max Factor er en 3 i 1 flydende l\u00e6bestift med en dejlig tekstur som honning. Den giver farve som en l\u00e6bestift, f\u00f8les bl\u00f8d som en balsam og giver glans som en lipgloss. F\u00e5s i flere farver. \u2022Flydende l\u00e6bestift\u2022Giver farve som en l\u00e6bestift\u2022F\u00f8les bl\u00f8d som en balsam\u2022Giver glans som en lipgloss<\/p>\n","protected":false},"featured_media":129824,"comment_status":"open","ping_status":"closed","template":"","meta":{"_trash_the_other_posts":false},"product_brand":[],"product_cat":[599],"product_tag":[3465],"berocket_brand":[1013],"class_list":{"0":"post-129832","1":"product","2":"type-product","3":"status-publish","4":"has-post-thumbnail","6":"product_cat-patch-glans","7":"product_tag-max-factor-colour-elixir-honey-lacquer-lip-gloss","8":"pa_brand-max-factor","9":"pa_variant-35-blooming-berry","10":"berocket_brand-max-factor","12":"first","13":"instock","14":"sale","15":"taxable","16":"shipping-taxable","17":"purchasable","18":"product-type-simple"},"_links":{"self":[{"href":"https:\/\/stylingagenten.com\/da\/wp-json\/wp\/v2\/product\/129832","targetHints":{"allow":["GET"]}}],"collection":[{"href":"https:\/\/stylingagenten.com\/da\/wp-json\/wp\/v2\/product"}],"about":[{"href":"https:\/\/stylingagenten.com\/da\/wp-json\/wp\/v2\/types\/product"}],"replies":[{"embeddable":true,"href":"https:\/\/stylingagenten.com\/da\/wp-json\/wp\/v2\/comments?post=129832"}],"version-history":[{"count":0,"href":"https:\/\/stylingagenten.com\/da\/wp-json\/wp\/v2\/product\/129832\/revisions"}],"wp:featuredmedia":[{"embeddable":true,"href":"https:\/\/stylingagenten.com\/da\/wp-json\/wp\/v2\/media\/129824"}],"wp:attachment":[{"href":"https:\/\/stylingagenten.com\/da\/wp-json\/wp\/v2\/media?parent=129832"}],"wp:term":[{"taxonomy":"product_brand","embeddable":true,"href":"https:\/\/stylingagenten.com\/da\/wp-json\/wp\/v2\/product_brand?post=129832"},{"taxonomy":"product_cat","embeddable":true,"href":"https:\/\/stylingagenten.com\/da\/wp-json\/wp\/v2\/product_cat?post=129832"},{"taxonomy":"product_tag","embeddable":true,"href":"https:\/\/stylingagenten.com\/da\/wp-json\/wp\/v2\/product_tag?post=129832"},{"taxonomy":"berocket_brand","embeddable":true,"href":"https:\/\/stylingagenten.com\/da\/wp-json\/wp\/v2\/berocket_brand?post=129832"}],"curies":[{"name":"wp","href":"https:\/\/api.w.org\/{rel}","templated":true}]}}