{"id":129787,"date":"2025-05-18T22:19:19","date_gmt":"2025-05-18T22:19:19","guid":{"rendered":"https:\/\/staging2.stylingagenten.com\/da\/produkt\/artdeco-hot-chili-lip-booster-6ml\/"},"modified":"2026-03-16T04:37:40","modified_gmt":"2026-03-16T04:37:40","slug":"artdeco-hot-chili-lip-booster-6ml","status":"publish","type":"product","link":"https:\/\/stylingagenten.com\/da\/produkt\/artdeco-hot-chili-lip-booster-6ml\/","title":{"rendered":"Artdeco Hot Chili Lip Booster 6ml"},"content":{"rendered":"<p>G\u00f8r din makeup-rutine lidt varmere med Hot Chili Lip Booster, der giver uimodst\u00e5elig volumen og intens glans! R\u00f8d chiliekstrakt giver rosenr\u00f8de og fyldige l\u00e6ber, og effekten forst\u00e6rkes yderligere takket v\u00e6re lysreflekterende glitterpartikler.<br \/>\u2022 Lipgloss, der giver volumen og intens glans<br \/>\u2022 R\u00f8d chiliekstrakt giver en plumpende effekt<br \/>\u2022 Lysreflekterende glitterpartikler<\/p>\n","protected":false},"excerpt":{"rendered":"<p>G\u00f8r din makeup-rutine lidt varmere med Hot Chili Lip Booster, der giver uimodst\u00e5elig volumen og intens glans! R\u00f8d chiliekstrakt giver rosenr\u00f8de og fyldige l\u00e6ber, og effekten forst\u00e6rkes yderligere takket v\u00e6re lysreflekterende glitterpartikler.\u2022 Lipgloss, der giver volumen og intens glans\u2022 R\u00f8d chiliekstrakt giver en plumpende effekt\u2022 Lysreflekterende glitterpartikler<\/p>\n","protected":false},"featured_media":129780,"comment_status":"open","ping_status":"closed","template":"","meta":{"_trash_the_other_posts":false},"product_brand":[],"product_cat":[599],"product_tag":[],"berocket_brand":[1385],"class_list":{"0":"post-129787","1":"product","2":"type-product","3":"status-publish","4":"has-post-thumbnail","6":"product_cat-patch-glans","7":"pa_brand-artdeco","8":"berocket_brand-artdeco","10":"first","11":"instock","12":"sale","13":"taxable","14":"shipping-taxable","15":"purchasable","16":"product-type-simple"},"_links":{"self":[{"href":"https:\/\/stylingagenten.com\/da\/wp-json\/wp\/v2\/product\/129787","targetHints":{"allow":["GET"]}}],"collection":[{"href":"https:\/\/stylingagenten.com\/da\/wp-json\/wp\/v2\/product"}],"about":[{"href":"https:\/\/stylingagenten.com\/da\/wp-json\/wp\/v2\/types\/product"}],"replies":[{"embeddable":true,"href":"https:\/\/stylingagenten.com\/da\/wp-json\/wp\/v2\/comments?post=129787"}],"version-history":[{"count":0,"href":"https:\/\/stylingagenten.com\/da\/wp-json\/wp\/v2\/product\/129787\/revisions"}],"wp:featuredmedia":[{"embeddable":true,"href":"https:\/\/stylingagenten.com\/da\/wp-json\/wp\/v2\/media\/129780"}],"wp:attachment":[{"href":"https:\/\/stylingagenten.com\/da\/wp-json\/wp\/v2\/media?parent=129787"}],"wp:term":[{"taxonomy":"product_brand","embeddable":true,"href":"https:\/\/stylingagenten.com\/da\/wp-json\/wp\/v2\/product_brand?post=129787"},{"taxonomy":"product_cat","embeddable":true,"href":"https:\/\/stylingagenten.com\/da\/wp-json\/wp\/v2\/product_cat?post=129787"},{"taxonomy":"product_tag","embeddable":true,"href":"https:\/\/stylingagenten.com\/da\/wp-json\/wp\/v2\/product_tag?post=129787"},{"taxonomy":"berocket_brand","embeddable":true,"href":"https:\/\/stylingagenten.com\/da\/wp-json\/wp\/v2\/berocket_brand?post=129787"}],"curies":[{"name":"wp","href":"https:\/\/api.w.org\/{rel}","templated":true}]}}