{"id":129740,"date":"2025-05-18T22:19:07","date_gmt":"2025-05-18T22:19:07","guid":{"rendered":"https:\/\/staging2.stylingagenten.com\/da\/produkt\/artdeco-color-booster-lip-balm-8-nude-3g\/"},"modified":"2026-01-08T12:37:30","modified_gmt":"2026-01-08T12:37:30","slug":"artdeco-color-booster-lip-balm-8-nude-3g","status":"publish","type":"product","link":"https:\/\/stylingagenten.com\/da\/produkt\/artdeco-color-booster-lip-balm-8-nude-3g\/","title":{"rendered":"Artdeco Color Booster Lip Balm 8 Nude 3g"},"content":{"rendered":"<p>Artdeco Color Booster Lip Balm 8 Nude 3g<br \/>Color Booster Lip Balm er en l\u00e6bepomade med pigmenter, der tilpasser sig pH-v\u00e6rdien p\u00e5 dine l\u00e6ber og forst\u00e6rker den naturlige farve. Indeholder ogs\u00e5 n\u00e6rende abrikoskerneolie og ferskenekstrakt, og en aroma af gr\u00f8nmynte giver en vidunderlig forfriskende f\u00f8lelse.<br \/>\u2022 L\u00e6bepomade, der forst\u00e6rker ens naturlige farve<br \/>\u2022 Abrikoskerneolie og ferskenekstrakt plejer og fugter<br \/>\u2022 Spearmint giver en frisk f\u00f8lelse<\/p>\n","protected":false},"excerpt":{"rendered":"<p>Artdeco Color Booster Lip Balm 8 Nude 3gColor Booster Lip Balm er en l\u00e6bepomade med pigmenter, der tilpasser sig pH-v\u00e6rdien p\u00e5 dine l\u00e6ber og forst\u00e6rker den naturlige farve. Indeholder ogs\u00e5 n\u00e6rende abrikoskerneolie og ferskenekstrakt, og en aroma af gr\u00f8nmynte giver en vidunderlig forfriskende f\u00f8lelse.\u2022 L\u00e6bepomade, der forst\u00e6rker ens naturlige farve\u2022 Abrikoskerneolie og ferskenekstrakt plejer og [&hellip;]<\/p>\n","protected":false},"featured_media":129737,"comment_status":"open","ping_status":"closed","template":"","meta":{"_trash_the_other_posts":false},"product_brand":[],"product_cat":[599],"product_tag":[2437],"berocket_brand":[1385],"class_list":{"0":"post-129740","1":"product","2":"type-product","3":"status-publish","4":"has-post-thumbnail","6":"product_cat-patch-glans","7":"product_tag-artdeco-color-booster-lip-balm-3g","8":"pa_brand-artdeco","9":"pa_variant-8-nude","10":"berocket_brand-artdeco","12":"first","13":"instock","14":"sale","15":"taxable","16":"shipping-taxable","17":"purchasable","18":"product-type-simple"},"_links":{"self":[{"href":"https:\/\/stylingagenten.com\/da\/wp-json\/wp\/v2\/product\/129740","targetHints":{"allow":["GET"]}}],"collection":[{"href":"https:\/\/stylingagenten.com\/da\/wp-json\/wp\/v2\/product"}],"about":[{"href":"https:\/\/stylingagenten.com\/da\/wp-json\/wp\/v2\/types\/product"}],"replies":[{"embeddable":true,"href":"https:\/\/stylingagenten.com\/da\/wp-json\/wp\/v2\/comments?post=129740"}],"version-history":[{"count":0,"href":"https:\/\/stylingagenten.com\/da\/wp-json\/wp\/v2\/product\/129740\/revisions"}],"wp:featuredmedia":[{"embeddable":true,"href":"https:\/\/stylingagenten.com\/da\/wp-json\/wp\/v2\/media\/129737"}],"wp:attachment":[{"href":"https:\/\/stylingagenten.com\/da\/wp-json\/wp\/v2\/media?parent=129740"}],"wp:term":[{"taxonomy":"product_brand","embeddable":true,"href":"https:\/\/stylingagenten.com\/da\/wp-json\/wp\/v2\/product_brand?post=129740"},{"taxonomy":"product_cat","embeddable":true,"href":"https:\/\/stylingagenten.com\/da\/wp-json\/wp\/v2\/product_cat?post=129740"},{"taxonomy":"product_tag","embeddable":true,"href":"https:\/\/stylingagenten.com\/da\/wp-json\/wp\/v2\/product_tag?post=129740"},{"taxonomy":"berocket_brand","embeddable":true,"href":"https:\/\/stylingagenten.com\/da\/wp-json\/wp\/v2\/berocket_brand?post=129740"}],"curies":[{"name":"wp","href":"https:\/\/api.w.org\/{rel}","templated":true}]}}