{"id":129729,"date":"2025-05-18T22:19:05","date_gmt":"2025-05-18T22:19:05","guid":{"rendered":"https:\/\/staging2.stylingagenten.com\/da\/produkt\/artdeco-glossy-lip-volumizer-6ml\/"},"modified":"2026-04-07T18:18:32","modified_gmt":"2026-04-07T18:18:32","slug":"artdeco-glossy-lip-volumizer-6ml","status":"publish","type":"product","link":"https:\/\/stylingagenten.com\/da\/produkt\/artdeco-glossy-lip-volumizer-6ml\/","title":{"rendered":"Artdeco Glossy Lip Volumizer 6ml"},"content":{"rendered":"<p>En mirakelglans for volumen og hydrering! Glossy Lip Volumizer indeholder hyaluronsyre og mangosm\u00f8r, som giver en filler-effekt samtidig med, at l\u00e6berne holdes vidunderligt fugtede. Formlen, som har en subtil pink nuance, har ogs\u00e5 en frisk duft af vanilje og mynte.<\/p>\n<p>\u2022 Fugtgivende og volumengivende lipgloss<br \/>\u2022 Fyldningseffekt og svag pink nuance<br \/>\u2022 Indeholder hyaluronsyre og mangosm\u00f8r<br \/>\u2022 Dufter frisk af vanilje og mynte<\/p>\n","protected":false},"excerpt":{"rendered":"<p>En mirakelglans for volumen og hydrering! Glossy Lip Volumizer indeholder hyaluronsyre og mangosm\u00f8r, som giver en filler-effekt samtidig med, at l\u00e6berne holdes vidunderligt fugtede. Formlen, som har en subtil pink nuance, har ogs\u00e5 en frisk duft af vanilje og mynte. \u2022 Fugtgivende og volumengivende lipgloss\u2022 Fyldningseffekt og svag pink nuance\u2022 Indeholder hyaluronsyre og mangosm\u00f8r\u2022 Dufter [&hellip;]<\/p>\n","protected":false},"featured_media":129716,"comment_status":"open","ping_status":"closed","template":"","meta":{"_trash_the_other_posts":false},"product_brand":[],"product_cat":[661],"product_tag":[],"berocket_brand":[1385],"class_list":{"0":"post-129729","1":"product","2":"type-product","3":"status-publish","4":"has-post-thumbnail","6":"product_cat-laebe-fyldigere","7":"pa_brand-artdeco","8":"berocket_brand-artdeco","10":"first","11":"instock","12":"sale","13":"taxable","14":"shipping-taxable","15":"purchasable","16":"product-type-simple"},"_links":{"self":[{"href":"https:\/\/stylingagenten.com\/da\/wp-json\/wp\/v2\/product\/129729","targetHints":{"allow":["GET"]}}],"collection":[{"href":"https:\/\/stylingagenten.com\/da\/wp-json\/wp\/v2\/product"}],"about":[{"href":"https:\/\/stylingagenten.com\/da\/wp-json\/wp\/v2\/types\/product"}],"replies":[{"embeddable":true,"href":"https:\/\/stylingagenten.com\/da\/wp-json\/wp\/v2\/comments?post=129729"}],"version-history":[{"count":0,"href":"https:\/\/stylingagenten.com\/da\/wp-json\/wp\/v2\/product\/129729\/revisions"}],"wp:featuredmedia":[{"embeddable":true,"href":"https:\/\/stylingagenten.com\/da\/wp-json\/wp\/v2\/media\/129716"}],"wp:attachment":[{"href":"https:\/\/stylingagenten.com\/da\/wp-json\/wp\/v2\/media?parent=129729"}],"wp:term":[{"taxonomy":"product_brand","embeddable":true,"href":"https:\/\/stylingagenten.com\/da\/wp-json\/wp\/v2\/product_brand?post=129729"},{"taxonomy":"product_cat","embeddable":true,"href":"https:\/\/stylingagenten.com\/da\/wp-json\/wp\/v2\/product_cat?post=129729"},{"taxonomy":"product_tag","embeddable":true,"href":"https:\/\/stylingagenten.com\/da\/wp-json\/wp\/v2\/product_tag?post=129729"},{"taxonomy":"berocket_brand","embeddable":true,"href":"https:\/\/stylingagenten.com\/da\/wp-json\/wp\/v2\/berocket_brand?post=129729"}],"curies":[{"name":"wp","href":"https:\/\/api.w.org\/{rel}","templated":true}]}}