{"id":129666,"date":"2025-05-18T22:18:52","date_gmt":"2025-05-18T22:18:52","guid":{"rendered":"https:\/\/staging2.stylingagenten.com\/da\/produkt\/wet-n-wild-mega-slicks-lip-gloss-crushed-grapes\/"},"modified":"2025-11-19T12:26:02","modified_gmt":"2025-11-19T12:26:02","slug":"wet-n-wild-mega-slicks-lip-gloss-crushed-grapes","status":"publish","type":"product","link":"https:\/\/stylingagenten.com\/da\/produkt\/wet-n-wild-mega-slicks-lip-gloss-crushed-grapes\/","title":{"rendered":"Wet n Wild Mega Slicks Lip Gloss &#8211; Crushed Grapes"},"content":{"rendered":"<p>Wet n Wild Mega Slicks Lip Gloss &#8211; Crushed Grapes er en fugtgivende lipgloss med volumengivende effekt. Giver en str\u00e5lende glans og et fantastisk volumenboost i en snavsfri formel. Beriget med fugtgivende ingredienser s\u00e5som hyaluronsyre og jojoba. Mega Slicks Lipgloss best\u00e5r af blanke, glitrende og glitrende effekter tilg\u00e6ngelige i nuancerne Crushed Grapes, Crystal Clear, Cherish, Sinless, Call Me Boss, Snuggle Sesh, Pink Champagne Please<\/p>\n<p>2,3 ml<\/p>\n","protected":false},"excerpt":{"rendered":"<p>Wet n Wild Mega Slicks Lip Gloss &#8211; Crushed Grapes er en fugtgivende lipgloss med volumengivende effekt. Giver en str\u00e5lende glans og et fantastisk volumenboost i en snavsfri formel. Beriget med fugtgivende ingredienser s\u00e5som hyaluronsyre og jojoba. Mega Slicks Lipgloss best\u00e5r af blanke, glitrende og glitrende effekter tilg\u00e6ngelige i nuancerne Crushed Grapes, Crystal Clear, Cherish, [&hellip;]<\/p>\n","protected":false},"featured_media":129642,"comment_status":"open","ping_status":"closed","template":"","meta":{"_trash_the_other_posts":false},"product_brand":[],"product_cat":[599],"product_tag":[4095],"berocket_brand":[1035],"class_list":{"0":"post-129666","1":"product","2":"type-product","3":"status-publish","4":"has-post-thumbnail","6":"product_cat-patch-glans","7":"product_tag-wet-n-wild-mega-slicks-lip-gloss","8":"pa_brand-wet-n-wild","9":"pa_variant-crushed-grapes","10":"berocket_brand-wet-n-wild","12":"first","13":"instock","14":"sale","15":"taxable","16":"shipping-taxable","17":"purchasable","18":"product-type-simple"},"_links":{"self":[{"href":"https:\/\/stylingagenten.com\/da\/wp-json\/wp\/v2\/product\/129666","targetHints":{"allow":["GET"]}}],"collection":[{"href":"https:\/\/stylingagenten.com\/da\/wp-json\/wp\/v2\/product"}],"about":[{"href":"https:\/\/stylingagenten.com\/da\/wp-json\/wp\/v2\/types\/product"}],"replies":[{"embeddable":true,"href":"https:\/\/stylingagenten.com\/da\/wp-json\/wp\/v2\/comments?post=129666"}],"version-history":[{"count":0,"href":"https:\/\/stylingagenten.com\/da\/wp-json\/wp\/v2\/product\/129666\/revisions"}],"wp:featuredmedia":[{"embeddable":true,"href":"https:\/\/stylingagenten.com\/da\/wp-json\/wp\/v2\/media\/129642"}],"wp:attachment":[{"href":"https:\/\/stylingagenten.com\/da\/wp-json\/wp\/v2\/media?parent=129666"}],"wp:term":[{"taxonomy":"product_brand","embeddable":true,"href":"https:\/\/stylingagenten.com\/da\/wp-json\/wp\/v2\/product_brand?post=129666"},{"taxonomy":"product_cat","embeddable":true,"href":"https:\/\/stylingagenten.com\/da\/wp-json\/wp\/v2\/product_cat?post=129666"},{"taxonomy":"product_tag","embeddable":true,"href":"https:\/\/stylingagenten.com\/da\/wp-json\/wp\/v2\/product_tag?post=129666"},{"taxonomy":"berocket_brand","embeddable":true,"href":"https:\/\/stylingagenten.com\/da\/wp-json\/wp\/v2\/berocket_brand?post=129666"}],"curies":[{"name":"wp","href":"https:\/\/api.w.org\/{rel}","templated":true}]}}