{"id":129624,"date":"2025-05-18T22:18:44","date_gmt":"2025-05-18T22:18:44","guid":{"rendered":"https:\/\/staging2.stylingagenten.com\/da\/produkt\/wet-n-wild-megalast-lock-n-shine-lip-color-irresistable\/"},"modified":"2025-12-18T21:58:43","modified_gmt":"2025-12-18T21:58:43","slug":"wet-n-wild-megalast-lock-n-shine-lip-color-irresistable","status":"publish","type":"product","link":"https:\/\/stylingagenten.com\/da\/produkt\/wet-n-wild-megalast-lock-n-shine-lip-color-irresistable\/","title":{"rendered":"Wet n Wild Megalast Lock n&#8217; Shine Lip Color &#8211; Irresistable"},"content":{"rendered":"<p>Denne dobbeltsidede lipgloss f\u00e5r dine l\u00e6ber til at skinne i timevis! Den ene side indeholder en l\u00e6befarve, og den anden side har en transparent glans. Formuleret med ingredienser som E-vitaminacetat, jojobaolie og antioxidant-rig passionsfrugtkerneolie til at fugte og pleje l\u00e6berne. V\u00e6lg din favoritfarve, og l\u00e5s den derefter fast med glansen fra wet n wilds MegaLast Lock \u2019n\u2019 Shine!<\/p>\n<p>Farve: Irresistable<\/p>\n<p>8 ml<\/p>\n","protected":false},"excerpt":{"rendered":"<p>Denne dobbeltsidede lipgloss f\u00e5r dine l\u00e6ber til at skinne i timevis! Den ene side indeholder en l\u00e6befarve, og den anden side har en transparent glans. Formuleret med ingredienser som E-vitaminacetat, jojobaolie og antioxidant-rig passionsfrugtkerneolie til at fugte og pleje l\u00e6berne. V\u00e6lg din favoritfarve, og l\u00e5s den derefter fast med glansen fra wet n wilds MegaLast [&hellip;]<\/p>\n","protected":false},"featured_media":129619,"comment_status":"open","ping_status":"closed","template":"","meta":{"_trash_the_other_posts":false},"product_brand":[],"product_cat":[599],"product_tag":[4105],"berocket_brand":[1035],"class_list":{"0":"post-129624","1":"product","2":"type-product","3":"status-publish","4":"has-post-thumbnail","6":"product_cat-patch-glans","7":"product_tag-wet-n-wild-megalast-lock-n-shine-lip-color","8":"pa_brand-wet-n-wild","9":"pa_variant-irresistable","10":"berocket_brand-wet-n-wild","12":"first","13":"instock","14":"sale","15":"taxable","16":"shipping-taxable","17":"purchasable","18":"product-type-simple"},"_links":{"self":[{"href":"https:\/\/stylingagenten.com\/da\/wp-json\/wp\/v2\/product\/129624","targetHints":{"allow":["GET"]}}],"collection":[{"href":"https:\/\/stylingagenten.com\/da\/wp-json\/wp\/v2\/product"}],"about":[{"href":"https:\/\/stylingagenten.com\/da\/wp-json\/wp\/v2\/types\/product"}],"replies":[{"embeddable":true,"href":"https:\/\/stylingagenten.com\/da\/wp-json\/wp\/v2\/comments?post=129624"}],"version-history":[{"count":0,"href":"https:\/\/stylingagenten.com\/da\/wp-json\/wp\/v2\/product\/129624\/revisions"}],"wp:featuredmedia":[{"embeddable":true,"href":"https:\/\/stylingagenten.com\/da\/wp-json\/wp\/v2\/media\/129619"}],"wp:attachment":[{"href":"https:\/\/stylingagenten.com\/da\/wp-json\/wp\/v2\/media?parent=129624"}],"wp:term":[{"taxonomy":"product_brand","embeddable":true,"href":"https:\/\/stylingagenten.com\/da\/wp-json\/wp\/v2\/product_brand?post=129624"},{"taxonomy":"product_cat","embeddable":true,"href":"https:\/\/stylingagenten.com\/da\/wp-json\/wp\/v2\/product_cat?post=129624"},{"taxonomy":"product_tag","embeddable":true,"href":"https:\/\/stylingagenten.com\/da\/wp-json\/wp\/v2\/product_tag?post=129624"},{"taxonomy":"berocket_brand","embeddable":true,"href":"https:\/\/stylingagenten.com\/da\/wp-json\/wp\/v2\/berocket_brand?post=129624"}],"curies":[{"name":"wp","href":"https:\/\/api.w.org\/{rel}","templated":true}]}}