{"id":129618,"date":"2025-05-18T22:18:42","date_gmt":"2025-05-18T22:18:42","guid":{"rendered":"https:\/\/staging2.stylingagenten.com\/da\/produkt\/artdeco-color-booster-lip-balm-4-rose\/"},"modified":"2026-01-21T09:46:33","modified_gmt":"2026-01-21T09:46:33","slug":"artdeco-color-booster-lip-balm-4-rose","status":"publish","type":"product","link":"https:\/\/stylingagenten.com\/da\/produkt\/artdeco-color-booster-lip-balm-4-rose\/","title":{"rendered":"Artdeco Color Booster Lip Balm 4 Ros\u00e9"},"content":{"rendered":"<p>Artdeco Color Booster Lip Balm er en l\u00e6bepomade med pigment, der tilpasser sig dine l\u00e6bers pH-v\u00e6rdi og forst\u00e6rker den naturlige farve. Derudover indeholder den plejende abrikoskerneolie og ferskenekstrakt, og en aroma af pebermynte giver en dejlig forfriskende fornemmelse.<\/p>\n<p>3g<\/p>\n","protected":false},"excerpt":{"rendered":"<p>Artdeco Color Booster Lip Balm er en l\u00e6bepomade med pigment, der tilpasser sig dine l\u00e6bers pH-v\u00e6rdi og forst\u00e6rker den naturlige farve. Derudover indeholder den plejende abrikoskerneolie og ferskenekstrakt, og en aroma af pebermynte giver en dejlig forfriskende fornemmelse. 3g<\/p>\n","protected":false},"featured_media":129604,"comment_status":"open","ping_status":"closed","template":"","meta":{"_trash_the_other_posts":false},"product_brand":[],"product_cat":[580],"product_tag":[2437],"berocket_brand":[1385],"class_list":{"0":"post-129618","1":"product","2":"type-product","3":"status-publish","4":"has-post-thumbnail","6":"product_cat-lappebalsam","7":"product_tag-artdeco-color-booster-lip-balm-3g","8":"pa_brand-artdeco","9":"pa_variant-4-rose","10":"berocket_brand-artdeco","12":"first","13":"instock","14":"sale","15":"taxable","16":"shipping-taxable","17":"purchasable","18":"product-type-simple"},"_links":{"self":[{"href":"https:\/\/stylingagenten.com\/da\/wp-json\/wp\/v2\/product\/129618","targetHints":{"allow":["GET"]}}],"collection":[{"href":"https:\/\/stylingagenten.com\/da\/wp-json\/wp\/v2\/product"}],"about":[{"href":"https:\/\/stylingagenten.com\/da\/wp-json\/wp\/v2\/types\/product"}],"replies":[{"embeddable":true,"href":"https:\/\/stylingagenten.com\/da\/wp-json\/wp\/v2\/comments?post=129618"}],"version-history":[{"count":0,"href":"https:\/\/stylingagenten.com\/da\/wp-json\/wp\/v2\/product\/129618\/revisions"}],"wp:featuredmedia":[{"embeddable":true,"href":"https:\/\/stylingagenten.com\/da\/wp-json\/wp\/v2\/media\/129604"}],"wp:attachment":[{"href":"https:\/\/stylingagenten.com\/da\/wp-json\/wp\/v2\/media?parent=129618"}],"wp:term":[{"taxonomy":"product_brand","embeddable":true,"href":"https:\/\/stylingagenten.com\/da\/wp-json\/wp\/v2\/product_brand?post=129618"},{"taxonomy":"product_cat","embeddable":true,"href":"https:\/\/stylingagenten.com\/da\/wp-json\/wp\/v2\/product_cat?post=129618"},{"taxonomy":"product_tag","embeddable":true,"href":"https:\/\/stylingagenten.com\/da\/wp-json\/wp\/v2\/product_tag?post=129618"},{"taxonomy":"berocket_brand","embeddable":true,"href":"https:\/\/stylingagenten.com\/da\/wp-json\/wp\/v2\/berocket_brand?post=129618"}],"curies":[{"name":"wp","href":"https:\/\/api.w.org\/{rel}","templated":true}]}}