{"id":129612,"date":"2025-05-18T22:18:41","date_gmt":"2025-05-18T22:18:41","guid":{"rendered":"https:\/\/staging2.stylingagenten.com\/da\/produkt\/beauty-uk-glacier-gloss-no-11-clear\/"},"modified":"2026-02-19T08:46:48","modified_gmt":"2026-02-19T08:46:48","slug":"beauty-uk-glacier-gloss-no-11-clear","status":"publish","type":"product","link":"https:\/\/stylingagenten.com\/da\/produkt\/beauty-uk-glacier-gloss-no-11-clear\/","title":{"rendered":"Beauty UK Glacier Gloss no.11 &#8211; Clear"},"content":{"rendered":"<p>Glacier Gloss &#8211; en lipgloss kollektion, der lover h\u00f8j intensitet glans og intens farve!<br \/>Glacier Gloss d\u00e6kker gener\u00f8st l\u00e6berne i en r\u00e6kke nuancer med en sofistikeret og intens glans. Den silkebl\u00f8de tekstur og slanke applikator g\u00f8r p\u00e5f\u00f8ringen nem, hvilket resulterer i l\u00e6ngere og mere behagelig brug. Kollektionen inkluderer et udvalg af trendy nuancer og ikoniske favoritter for en lang r\u00e6kke effekter, fra ren og sk\u00e6r glans til fed glans. Den nydesignede emballage har et gennemsigtigt r\u00f8r for forbedret farvesynlighed.<\/p>\n","protected":false},"excerpt":{"rendered":"<p>Glacier Gloss &#8211; en lipgloss kollektion, der lover h\u00f8j intensitet glans og intens farve!Glacier Gloss d\u00e6kker gener\u00f8st l\u00e6berne i en r\u00e6kke nuancer med en sofistikeret og intens glans. Den silkebl\u00f8de tekstur og slanke applikator g\u00f8r p\u00e5f\u00f8ringen nem, hvilket resulterer i l\u00e6ngere og mere behagelig brug. Kollektionen inkluderer et udvalg af trendy nuancer og ikoniske favoritter [&hellip;]<\/p>\n","protected":false},"featured_media":129609,"comment_status":"open","ping_status":"closed","template":"","meta":{"_trash_the_other_posts":false},"product_brand":[],"product_cat":[599],"product_tag":[2496],"berocket_brand":[1059],"class_list":{"0":"post-129612","1":"product","2":"type-product","3":"status-publish","4":"has-post-thumbnail","6":"product_cat-patch-glans","7":"product_tag-beauty-uk-glacier-gloss","8":"pa_brand-beautyuk","9":"pa_variant-no-11-clear","10":"berocket_brand-beautyuk","12":"first","13":"instock","14":"sale","15":"taxable","16":"shipping-taxable","17":"purchasable","18":"product-type-simple"},"_links":{"self":[{"href":"https:\/\/stylingagenten.com\/da\/wp-json\/wp\/v2\/product\/129612","targetHints":{"allow":["GET"]}}],"collection":[{"href":"https:\/\/stylingagenten.com\/da\/wp-json\/wp\/v2\/product"}],"about":[{"href":"https:\/\/stylingagenten.com\/da\/wp-json\/wp\/v2\/types\/product"}],"replies":[{"embeddable":true,"href":"https:\/\/stylingagenten.com\/da\/wp-json\/wp\/v2\/comments?post=129612"}],"version-history":[{"count":0,"href":"https:\/\/stylingagenten.com\/da\/wp-json\/wp\/v2\/product\/129612\/revisions"}],"wp:featuredmedia":[{"embeddable":true,"href":"https:\/\/stylingagenten.com\/da\/wp-json\/wp\/v2\/media\/129609"}],"wp:attachment":[{"href":"https:\/\/stylingagenten.com\/da\/wp-json\/wp\/v2\/media?parent=129612"}],"wp:term":[{"taxonomy":"product_brand","embeddable":true,"href":"https:\/\/stylingagenten.com\/da\/wp-json\/wp\/v2\/product_brand?post=129612"},{"taxonomy":"product_cat","embeddable":true,"href":"https:\/\/stylingagenten.com\/da\/wp-json\/wp\/v2\/product_cat?post=129612"},{"taxonomy":"product_tag","embeddable":true,"href":"https:\/\/stylingagenten.com\/da\/wp-json\/wp\/v2\/product_tag?post=129612"},{"taxonomy":"berocket_brand","embeddable":true,"href":"https:\/\/stylingagenten.com\/da\/wp-json\/wp\/v2\/berocket_brand?post=129612"}],"curies":[{"name":"wp","href":"https:\/\/api.w.org\/{rel}","templated":true}]}}