{"id":129552,"date":"2025-05-18T22:18:28","date_gmt":"2025-05-18T22:18:28","guid":{"rendered":"https:\/\/staging2.stylingagenten.com\/da\/produkt\/wet-n-wild-mega-glo-lipcheek-coral-dream\/"},"modified":"2025-12-18T21:58:29","modified_gmt":"2025-12-18T21:58:29","slug":"wet-n-wild-mega-glo-lipcheek-coral-dream","status":"publish","type":"product","link":"https:\/\/stylingagenten.com\/da\/produkt\/wet-n-wild-mega-glo-lipcheek-coral-dream\/","title":{"rendered":"Wet n Wild Mega Glo Lip&amp;Cheek &#8211; Coral Dream"},"content":{"rendered":"<p>Sammetsbl\u00f8d, let, cremet og bygbar, denne l\u00e6be- og kindfarve giver en \u00f8jeblikkelig naturlig r\u00f8dme og kan opbygges p\u00e5 l\u00e6ber og kinder for en intens gl\u00f8d. Den giver et praktisk farveskud eller en glamour\u00f8s r\u00f8dme i en diffust, bl\u00f8dt-mat finish.<\/p>\n<p>Til l\u00e6ber og kinder: Tilf\u00f8j s\u00f8ml\u00f8s farve til dine l\u00e6ber og kinder med bl\u00f8d farvekraft. Nem at p\u00e5f\u00f8re: Den cremede tekstur kan straks p\u00e5f\u00f8res med fingrene, en pensel eller en svamp. Bygbar og blandbar: Super bygbar og let at blande for en fejlfri finish. Smukke looks: Denne v\u00e6gtl\u00f8se l\u00e6be- og kindfarve f\u00e5s i dr\u00f8mmeagtige b\u00e6rbare farver, der naturligt forbedrer dine tr\u00e6k. Kvalitet uden dyretesting: wet n wilds makeup-produkter testes aldrig p\u00e5 dyr og er altid cruelty-free.<\/p>\n","protected":false},"excerpt":{"rendered":"<p>Sammetsbl\u00f8d, let, cremet og bygbar, denne l\u00e6be- og kindfarve giver en \u00f8jeblikkelig naturlig r\u00f8dme og kan opbygges p\u00e5 l\u00e6ber og kinder for en intens gl\u00f8d. Den giver et praktisk farveskud eller en glamour\u00f8s r\u00f8dme i en diffust, bl\u00f8dt-mat finish. Til l\u00e6ber og kinder: Tilf\u00f8j s\u00f8ml\u00f8s farve til dine l\u00e6ber og kinder med bl\u00f8d farvekraft. Nem [&hellip;]<\/p>\n","protected":false},"featured_media":129543,"comment_status":"open","ping_status":"closed","template":"","meta":{"_trash_the_other_posts":false},"product_brand":[],"product_cat":[599],"product_tag":[4093],"berocket_brand":[1035],"class_list":{"0":"post-129552","1":"product","2":"type-product","3":"status-publish","4":"has-post-thumbnail","6":"product_cat-patch-glans","7":"product_tag-wet-n-wild-mega-glo-lipcheek","8":"pa_brand-wet-n-wild","9":"pa_variant-coral-dream","10":"berocket_brand-wet-n-wild","12":"first","13":"instock","14":"sale","15":"taxable","16":"shipping-taxable","17":"purchasable","18":"product-type-simple"},"_links":{"self":[{"href":"https:\/\/stylingagenten.com\/da\/wp-json\/wp\/v2\/product\/129552","targetHints":{"allow":["GET"]}}],"collection":[{"href":"https:\/\/stylingagenten.com\/da\/wp-json\/wp\/v2\/product"}],"about":[{"href":"https:\/\/stylingagenten.com\/da\/wp-json\/wp\/v2\/types\/product"}],"replies":[{"embeddable":true,"href":"https:\/\/stylingagenten.com\/da\/wp-json\/wp\/v2\/comments?post=129552"}],"version-history":[{"count":0,"href":"https:\/\/stylingagenten.com\/da\/wp-json\/wp\/v2\/product\/129552\/revisions"}],"wp:featuredmedia":[{"embeddable":true,"href":"https:\/\/stylingagenten.com\/da\/wp-json\/wp\/v2\/media\/129543"}],"wp:attachment":[{"href":"https:\/\/stylingagenten.com\/da\/wp-json\/wp\/v2\/media?parent=129552"}],"wp:term":[{"taxonomy":"product_brand","embeddable":true,"href":"https:\/\/stylingagenten.com\/da\/wp-json\/wp\/v2\/product_brand?post=129552"},{"taxonomy":"product_cat","embeddable":true,"href":"https:\/\/stylingagenten.com\/da\/wp-json\/wp\/v2\/product_cat?post=129552"},{"taxonomy":"product_tag","embeddable":true,"href":"https:\/\/stylingagenten.com\/da\/wp-json\/wp\/v2\/product_tag?post=129552"},{"taxonomy":"berocket_brand","embeddable":true,"href":"https:\/\/stylingagenten.com\/da\/wp-json\/wp\/v2\/berocket_brand?post=129552"}],"curies":[{"name":"wp","href":"https:\/\/api.w.org\/{rel}","templated":true}]}}