{"id":129545,"date":"2025-05-18T22:18:26","date_gmt":"2025-05-18T22:18:26","guid":{"rendered":"https:\/\/staging2.stylingagenten.com\/da\/produkt\/wet-n-wild-cloud-pout-marshmallow-lip-mousse-3ml-fluff-you\/"},"modified":"2026-03-26T20:58:52","modified_gmt":"2026-03-26T20:58:52","slug":"wet-n-wild-cloud-pout-marshmallow-lip-mousse-3ml-fluff-you","status":"publish","type":"product","link":"https:\/\/stylingagenten.com\/da\/produkt\/wet-n-wild-cloud-pout-marshmallow-lip-mousse-3ml-fluff-you\/","title":{"rendered":"Wet n Wild Cloud Pout Marshmallow Lip Mousse 3ml &#8211; Fluff You"},"content":{"rendered":"<p>Wet n Wild Cloud Pout Marshmallow Lip Mousse er en magisk lipgloss, der f\u00f8les som en vidunderligt bl\u00f8d marshmallow-sky. Beriget med arganolie, avocadoolie og E-vitamin, der giver n\u00e6ring og fugt til l\u00e6berne, med en duft af s\u00f8d marshmallow. Lipglossen giver en naturlig farve, men kan ogs\u00e5 opbygges til mere d\u00e6kkende, mat finish. Indeholder natriumhyaluronat, som fugter og udglatter fine linjer for et j\u00e6vnt udseende.<\/p>\n<p>Farve: Fluff You<\/p>\n<p>3ml<\/p>\n","protected":false},"excerpt":{"rendered":"<p>Wet n Wild Cloud Pout Marshmallow Lip Mousse er en magisk lipgloss, der f\u00f8les som en vidunderligt bl\u00f8d marshmallow-sky. Beriget med arganolie, avocadoolie og E-vitamin, der giver n\u00e6ring og fugt til l\u00e6berne, med en duft af s\u00f8d marshmallow. Lipglossen giver en naturlig farve, men kan ogs\u00e5 opbygges til mere d\u00e6kkende, mat finish. Indeholder natriumhyaluronat, som [&hellip;]<\/p>\n","protected":false},"featured_media":129534,"comment_status":"open","ping_status":"closed","template":"","meta":{"_trash_the_other_posts":false},"product_brand":[],"product_cat":[599],"product_tag":[4084],"berocket_brand":[1035],"class_list":{"0":"post-129545","1":"product","2":"type-product","3":"status-publish","4":"has-post-thumbnail","6":"product_cat-patch-glans","7":"product_tag-wet-n-wild-cloud-pout-marshmallow-lip-mousse-3ml","8":"pa_brand-wet-n-wild","9":"pa_variant-fluff-you","10":"berocket_brand-wet-n-wild","12":"first","13":"instock","14":"sale","15":"taxable","16":"shipping-taxable","17":"purchasable","18":"product-type-simple"},"_links":{"self":[{"href":"https:\/\/stylingagenten.com\/da\/wp-json\/wp\/v2\/product\/129545","targetHints":{"allow":["GET"]}}],"collection":[{"href":"https:\/\/stylingagenten.com\/da\/wp-json\/wp\/v2\/product"}],"about":[{"href":"https:\/\/stylingagenten.com\/da\/wp-json\/wp\/v2\/types\/product"}],"replies":[{"embeddable":true,"href":"https:\/\/stylingagenten.com\/da\/wp-json\/wp\/v2\/comments?post=129545"}],"version-history":[{"count":0,"href":"https:\/\/stylingagenten.com\/da\/wp-json\/wp\/v2\/product\/129545\/revisions"}],"wp:featuredmedia":[{"embeddable":true,"href":"https:\/\/stylingagenten.com\/da\/wp-json\/wp\/v2\/media\/129534"}],"wp:attachment":[{"href":"https:\/\/stylingagenten.com\/da\/wp-json\/wp\/v2\/media?parent=129545"}],"wp:term":[{"taxonomy":"product_brand","embeddable":true,"href":"https:\/\/stylingagenten.com\/da\/wp-json\/wp\/v2\/product_brand?post=129545"},{"taxonomy":"product_cat","embeddable":true,"href":"https:\/\/stylingagenten.com\/da\/wp-json\/wp\/v2\/product_cat?post=129545"},{"taxonomy":"product_tag","embeddable":true,"href":"https:\/\/stylingagenten.com\/da\/wp-json\/wp\/v2\/product_tag?post=129545"},{"taxonomy":"berocket_brand","embeddable":true,"href":"https:\/\/stylingagenten.com\/da\/wp-json\/wp\/v2\/berocket_brand?post=129545"}],"curies":[{"name":"wp","href":"https:\/\/api.w.org\/{rel}","templated":true}]}}