{"id":129539,"date":"2025-05-18T22:18:25","date_gmt":"2025-05-18T22:18:25","guid":{"rendered":"https:\/\/staging2.stylingagenten.com\/da\/produkt\/bareminerals-dewy-lip-gloss-balm-devotion\/"},"modified":"2026-01-23T11:30:00","modified_gmt":"2026-01-23T11:30:00","slug":"bareminerals-dewy-lip-gloss-balm-devotion","status":"publish","type":"product","link":"https:\/\/stylingagenten.com\/da\/produkt\/bareminerals-dewy-lip-gloss-balm-devotion\/","title":{"rendered":"BareMinerals Dewy Lip Gloss-Balm Devotion"},"content":{"rendered":"<p>BareMinerals Dewy Lip Gloss-Balm er en l\u00e6bepomade med glans, der plejer dine l\u00e6ber med l\u00e6kker glans hele dagen* + 24 timers fugtighed** for synligt sundere, glattere og bl\u00f8dere l\u00e6ber.<\/p>\n<p>Fordyb dine l\u00e6ber i en uimodst\u00e5elig, saftig glans med en transparent farve, der holder l\u00e6berne fugtige hele dagen*. Denne fyldige, ikke-kl\u00e6brige gloss-balm smelter p\u00e5 l\u00e6berne ved p\u00e5f\u00f8ring og er fyldt med b\u00e6redygtigt fremstillede ingredienser, der f\u00e5r l\u00e6berne til at f\u00f8les bl\u00f8dere, glattere og mere fugtede med det samme ved p\u00e5f\u00f8ring og over tid. L\u00e6bepomaden er helt vegansk.<\/p>\n<p>HVAD G\u00d8R DEN?<br \/>-L\u00e6bepomade med glans, der giver l\u00e6berne en let, j\u00e6vn farve med \u00e9t str\u00f8g \u2013 findes i 8 inkluderende nuancer.<br \/>-Klinisk dokumenteret til at give 8 timers kontinuerlig glans*.<br \/>-Klinisk dokumenteret til at give 24 timers kontinuerlig fugtighed*.<br \/>-L\u00e6berne ser bl\u00f8dere, j\u00e6vnere og sundere ud p\u00e5 kun en uge**.<\/p>\n<p>HVAD ANDERES BEH\u00d8VER DU AT VIDE?<br \/>-94 % l\u00e6bebevendte ingredienser. Vegansk.<br \/>-Genanvendelig, helt i aluminiumsemballage.<br \/>-Formuleret uden syntetiske duftstoffer, PEG og mere.<\/p>\n<p>Farve: Devotion<\/p>\n","protected":false},"excerpt":{"rendered":"<p>BareMinerals Dewy Lip Gloss-Balm er en l\u00e6bepomade med glans, der plejer dine l\u00e6ber med l\u00e6kker glans hele dagen* + 24 timers fugtighed** for synligt sundere, glattere og bl\u00f8dere l\u00e6ber. Fordyb dine l\u00e6ber i en uimodst\u00e5elig, saftig glans med en transparent farve, der holder l\u00e6berne fugtige hele dagen*. Denne fyldige, ikke-kl\u00e6brige gloss-balm smelter p\u00e5 l\u00e6berne ved [&hellip;]<\/p>\n","protected":false},"featured_media":129515,"comment_status":"open","ping_status":"closed","template":"","meta":{"_trash_the_other_posts":false},"product_brand":[],"product_cat":[599],"product_tag":[2474],"berocket_brand":[1256],"class_list":{"0":"post-129539","1":"product","2":"type-product","3":"status-publish","4":"has-post-thumbnail","6":"product_cat-patch-glans","7":"product_tag-bareminerals-dewy-lip-gloss-balm","8":"pa_brand-bareminerals","9":"pa_variant-devotion","10":"berocket_brand-bareminerals","12":"first","13":"instock","14":"sale","15":"taxable","16":"shipping-taxable","17":"purchasable","18":"product-type-simple"},"_links":{"self":[{"href":"https:\/\/stylingagenten.com\/da\/wp-json\/wp\/v2\/product\/129539","targetHints":{"allow":["GET"]}}],"collection":[{"href":"https:\/\/stylingagenten.com\/da\/wp-json\/wp\/v2\/product"}],"about":[{"href":"https:\/\/stylingagenten.com\/da\/wp-json\/wp\/v2\/types\/product"}],"replies":[{"embeddable":true,"href":"https:\/\/stylingagenten.com\/da\/wp-json\/wp\/v2\/comments?post=129539"}],"version-history":[{"count":0,"href":"https:\/\/stylingagenten.com\/da\/wp-json\/wp\/v2\/product\/129539\/revisions"}],"wp:featuredmedia":[{"embeddable":true,"href":"https:\/\/stylingagenten.com\/da\/wp-json\/wp\/v2\/media\/129515"}],"wp:attachment":[{"href":"https:\/\/stylingagenten.com\/da\/wp-json\/wp\/v2\/media?parent=129539"}],"wp:term":[{"taxonomy":"product_brand","embeddable":true,"href":"https:\/\/stylingagenten.com\/da\/wp-json\/wp\/v2\/product_brand?post=129539"},{"taxonomy":"product_cat","embeddable":true,"href":"https:\/\/stylingagenten.com\/da\/wp-json\/wp\/v2\/product_cat?post=129539"},{"taxonomy":"product_tag","embeddable":true,"href":"https:\/\/stylingagenten.com\/da\/wp-json\/wp\/v2\/product_tag?post=129539"},{"taxonomy":"berocket_brand","embeddable":true,"href":"https:\/\/stylingagenten.com\/da\/wp-json\/wp\/v2\/berocket_brand?post=129539"}],"curies":[{"name":"wp","href":"https:\/\/api.w.org\/{rel}","templated":true}]}}