{"id":129451,"date":"2025-05-18T22:18:06","date_gmt":"2025-05-18T22:18:06","guid":{"rendered":"https:\/\/staging2.stylingagenten.com\/da\/produkt\/bareminerals-mineralist-lip-gloss-balm-zen\/"},"modified":"2026-04-07T18:08:33","modified_gmt":"2026-04-07T18:08:33","slug":"bareminerals-mineralist-lip-gloss-balm-zen","status":"publish","type":"product","link":"https:\/\/stylingagenten.com\/da\/produkt\/bareminerals-mineralist-lip-gloss-balm-zen\/","title":{"rendered":"BareMinerals Mineralist Lip Gloss Balm Zen"},"content":{"rendered":"<p>BareMinerals Mineralist Lip Gloss Balm er en hybrid mellem lipgloss og balm, fyldt med koldpressede frugtolier for en transparent farve, glansfuld finish og uimodst\u00e5eligt bl\u00f8de l\u00e6ber.<\/p>\n<p>DET G\u00d8R DEN:<br \/>-Giver let farve og glans uden at klistre.<br \/>-Komfortabel balmtekstur, der n\u00e6rer og udglatter l\u00e6berne.<br \/>-F\u00e5r l\u00e6berne til at f\u00f8les bl\u00f8dere, glattere og mere fugtede \u2013 med det samme og over tid.<\/p>\n<p>FORBRUGERTESTET:<br \/>-Klinisk bevist at forbedre l\u00e6bernes glathed, b\u00e5de med det samme og over tid.<br \/>-Giver op til 50 % glattere l\u00e6ber p\u00e5 bare 1 uge*.<br \/>-90 % sagde, at deres l\u00e6ber f\u00f8ltes \u00f8jeblikkeligt fugtede*.<\/p>\n<p>DERFOR VIL DU ELSKE DEN:<br \/>-Kombinerer de plejende egenskaber fra en balm med glansen fra en gloss.<br \/>-Vegansk formel fremstillet med naturlige og b\u00e6redygtigt udvundne koldpressede frugtolier.<br \/>-Dermatologisk testet.<br \/>-L\u00e5g og flaske fremstillet af genanvendt plast.<br \/>-Vegansk.<br \/>-Fri for parabener + formuleret uden syntetisk duft, SLS, gluten m.m.<\/p>\n<p>Farve: Zen<\/p>\n","protected":false},"excerpt":{"rendered":"<p>BareMinerals Mineralist Lip Gloss Balm er en hybrid mellem lipgloss og balm, fyldt med koldpressede frugtolier for en transparent farve, glansfuld finish og uimodst\u00e5eligt bl\u00f8de l\u00e6ber. DET G\u00d8R DEN:-Giver let farve og glans uden at klistre.-Komfortabel balmtekstur, der n\u00e6rer og udglatter l\u00e6berne.-F\u00e5r l\u00e6berne til at f\u00f8les bl\u00f8dere, glattere og mere fugtede \u2013 med det samme [&hellip;]<\/p>\n","protected":false},"featured_media":129441,"comment_status":"open","ping_status":"closed","template":"","meta":{"_trash_the_other_posts":false},"product_brand":[],"product_cat":[599],"product_tag":[2478],"berocket_brand":[1256],"class_list":{"0":"post-129451","1":"product","2":"type-product","3":"status-publish","4":"has-post-thumbnail","6":"product_cat-patch-glans","7":"product_tag-bareminerals-mineralist-lip-gloss-balm","8":"pa_brand-bareminerals","9":"pa_variant-zen","10":"berocket_brand-bareminerals","12":"first","13":"instock","14":"sale","15":"taxable","16":"shipping-taxable","17":"purchasable","18":"product-type-simple"},"_links":{"self":[{"href":"https:\/\/stylingagenten.com\/da\/wp-json\/wp\/v2\/product\/129451","targetHints":{"allow":["GET"]}}],"collection":[{"href":"https:\/\/stylingagenten.com\/da\/wp-json\/wp\/v2\/product"}],"about":[{"href":"https:\/\/stylingagenten.com\/da\/wp-json\/wp\/v2\/types\/product"}],"replies":[{"embeddable":true,"href":"https:\/\/stylingagenten.com\/da\/wp-json\/wp\/v2\/comments?post=129451"}],"version-history":[{"count":0,"href":"https:\/\/stylingagenten.com\/da\/wp-json\/wp\/v2\/product\/129451\/revisions"}],"wp:featuredmedia":[{"embeddable":true,"href":"https:\/\/stylingagenten.com\/da\/wp-json\/wp\/v2\/media\/129441"}],"wp:attachment":[{"href":"https:\/\/stylingagenten.com\/da\/wp-json\/wp\/v2\/media?parent=129451"}],"wp:term":[{"taxonomy":"product_brand","embeddable":true,"href":"https:\/\/stylingagenten.com\/da\/wp-json\/wp\/v2\/product_brand?post=129451"},{"taxonomy":"product_cat","embeddable":true,"href":"https:\/\/stylingagenten.com\/da\/wp-json\/wp\/v2\/product_cat?post=129451"},{"taxonomy":"product_tag","embeddable":true,"href":"https:\/\/stylingagenten.com\/da\/wp-json\/wp\/v2\/product_tag?post=129451"},{"taxonomy":"berocket_brand","embeddable":true,"href":"https:\/\/stylingagenten.com\/da\/wp-json\/wp\/v2\/berocket_brand?post=129451"}],"curies":[{"name":"wp","href":"https:\/\/api.w.org\/{rel}","templated":true}]}}