{"id":129299,"date":"2025-05-18T22:17:20","date_gmt":"2025-05-18T22:17:20","guid":{"rendered":"https:\/\/staging2.stylingagenten.com\/da\/produkt\/kokie-retractable-lip-liner-warm-nude\/"},"modified":"2026-03-21T13:51:35","modified_gmt":"2026-03-21T13:51:35","slug":"kokie-retractable-lip-liner-warm-nude","status":"publish","type":"product","link":"https:\/\/stylingagenten.com\/da\/produkt\/kokie-retractable-lip-liner-warm-nude\/","title":{"rendered":"Kokie Retractable Lip Liner &#8211; Warm Nude"},"content":{"rendered":"<p>Kokie Retractable Lip Liner er en udtr\u00e6kkelig lip liner, der g\u00f8r det nemt at definere og forme dine l\u00e6ber.<\/p>\n<p>Disse bl\u00f8de, cremede lip liners vandt\u00e6tte og ligger super flot p\u00e5 l\u00e6berne med en semi-mat finish. F\u00e5s i flere glatte nuancer, der komplimenterer din naturlige hudfarve s\u00e5vel som de fleste l\u00e6bestiftfarver. Brug alene eller sammen med l\u00e6bestift.<\/p>\n","protected":false},"excerpt":{"rendered":"<p>Kokie Retractable Lip Liner er en udtr\u00e6kkelig lip liner, der g\u00f8r det nemt at definere og forme dine l\u00e6ber. Disse bl\u00f8de, cremede lip liners vandt\u00e6tte og ligger super flot p\u00e5 l\u00e6berne med en semi-mat finish. F\u00e5s i flere glatte nuancer, der komplimenterer din naturlige hudfarve s\u00e5vel som de fleste l\u00e6bestiftfarver. Brug alene eller sammen med [&hellip;]<\/p>\n","protected":false},"featured_media":129295,"comment_status":"open","ping_status":"closed","template":"","meta":{"_trash_the_other_posts":false},"product_brand":[],"product_cat":[592],"product_tag":[3164],"berocket_brand":[1198],"class_list":{"0":"post-129299","1":"product","2":"type-product","3":"status-publish","4":"has-post-thumbnail","6":"product_cat-plasteret","7":"product_tag-kokie-retractable-lip-liner","8":"pa_brand-kokie-cosmetics","9":"pa_variant-warm-nude","10":"berocket_brand-kokie-cosmetics","12":"first","13":"instock","14":"sale","15":"taxable","16":"shipping-taxable","17":"purchasable","18":"product-type-simple"},"_links":{"self":[{"href":"https:\/\/stylingagenten.com\/da\/wp-json\/wp\/v2\/product\/129299","targetHints":{"allow":["GET"]}}],"collection":[{"href":"https:\/\/stylingagenten.com\/da\/wp-json\/wp\/v2\/product"}],"about":[{"href":"https:\/\/stylingagenten.com\/da\/wp-json\/wp\/v2\/types\/product"}],"replies":[{"embeddable":true,"href":"https:\/\/stylingagenten.com\/da\/wp-json\/wp\/v2\/comments?post=129299"}],"version-history":[{"count":0,"href":"https:\/\/stylingagenten.com\/da\/wp-json\/wp\/v2\/product\/129299\/revisions"}],"wp:featuredmedia":[{"embeddable":true,"href":"https:\/\/stylingagenten.com\/da\/wp-json\/wp\/v2\/media\/129295"}],"wp:attachment":[{"href":"https:\/\/stylingagenten.com\/da\/wp-json\/wp\/v2\/media?parent=129299"}],"wp:term":[{"taxonomy":"product_brand","embeddable":true,"href":"https:\/\/stylingagenten.com\/da\/wp-json\/wp\/v2\/product_brand?post=129299"},{"taxonomy":"product_cat","embeddable":true,"href":"https:\/\/stylingagenten.com\/da\/wp-json\/wp\/v2\/product_cat?post=129299"},{"taxonomy":"product_tag","embeddable":true,"href":"https:\/\/stylingagenten.com\/da\/wp-json\/wp\/v2\/product_tag?post=129299"},{"taxonomy":"berocket_brand","embeddable":true,"href":"https:\/\/stylingagenten.com\/da\/wp-json\/wp\/v2\/berocket_brand?post=129299"}],"curies":[{"name":"wp","href":"https:\/\/api.w.org\/{rel}","templated":true}]}}