{"id":129267,"date":"2025-05-18T22:17:08","date_gmt":"2025-05-18T22:17:08","guid":{"rendered":"https:\/\/staging2.stylingagenten.com\/da\/produkt\/max-factor-colour-elixir-lipliner-04-pink-princess\/"},"modified":"2026-03-29T21:28:35","modified_gmt":"2026-03-29T21:28:35","slug":"max-factor-colour-elixir-lipliner-04-pink-princess","status":"publish","type":"product","link":"https:\/\/stylingagenten.com\/da\/produkt\/max-factor-colour-elixir-lipliner-04-pink-princess\/","title":{"rendered":"Max Factor Colour Elixir Lipliner &#8211; 04 Pink princess"},"content":{"rendered":"<p>Max Factor Colour Elixir Lipliner har perfekt struktur til at give en nem p\u00e5f\u00f8ring. Definerer l\u00e6bekonturen og forhindrer l\u00e6bestift eller lipgloss i at udtv\u00e6re. Fantastisk pigmentering, nem at bruge og langtidsholdbar.<\/p>\n","protected":false},"excerpt":{"rendered":"<p>Max Factor Colour Elixir Lipliner har perfekt struktur til at give en nem p\u00e5f\u00f8ring. Definerer l\u00e6bekonturen og forhindrer l\u00e6bestift eller lipgloss i at udtv\u00e6re. Fantastisk pigmentering, nem at bruge og langtidsholdbar.<\/p>\n","protected":false},"featured_media":129255,"comment_status":"open","ping_status":"closed","template":"","meta":{"_trash_the_other_posts":false},"product_brand":[],"product_cat":[592],"product_tag":[3468],"berocket_brand":[1013],"class_list":{"0":"post-129267","1":"product","2":"type-product","3":"status-publish","4":"has-post-thumbnail","6":"product_cat-plasteret","7":"product_tag-max-factor-colour-elixir-lipliner","8":"pa_brand-max-factor","9":"pa_variant-04-pink-princess","10":"berocket_brand-max-factor","12":"first","13":"instock","14":"sale","15":"taxable","16":"shipping-taxable","17":"purchasable","18":"product-type-simple"},"_links":{"self":[{"href":"https:\/\/stylingagenten.com\/da\/wp-json\/wp\/v2\/product\/129267","targetHints":{"allow":["GET"]}}],"collection":[{"href":"https:\/\/stylingagenten.com\/da\/wp-json\/wp\/v2\/product"}],"about":[{"href":"https:\/\/stylingagenten.com\/da\/wp-json\/wp\/v2\/types\/product"}],"replies":[{"embeddable":true,"href":"https:\/\/stylingagenten.com\/da\/wp-json\/wp\/v2\/comments?post=129267"}],"version-history":[{"count":0,"href":"https:\/\/stylingagenten.com\/da\/wp-json\/wp\/v2\/product\/129267\/revisions"}],"wp:featuredmedia":[{"embeddable":true,"href":"https:\/\/stylingagenten.com\/da\/wp-json\/wp\/v2\/media\/129255"}],"wp:attachment":[{"href":"https:\/\/stylingagenten.com\/da\/wp-json\/wp\/v2\/media?parent=129267"}],"wp:term":[{"taxonomy":"product_brand","embeddable":true,"href":"https:\/\/stylingagenten.com\/da\/wp-json\/wp\/v2\/product_brand?post=129267"},{"taxonomy":"product_cat","embeddable":true,"href":"https:\/\/stylingagenten.com\/da\/wp-json\/wp\/v2\/product_cat?post=129267"},{"taxonomy":"product_tag","embeddable":true,"href":"https:\/\/stylingagenten.com\/da\/wp-json\/wp\/v2\/product_tag?post=129267"},{"taxonomy":"berocket_brand","embeddable":true,"href":"https:\/\/stylingagenten.com\/da\/wp-json\/wp\/v2\/berocket_brand?post=129267"}],"curies":[{"name":"wp","href":"https:\/\/api.w.org\/{rel}","templated":true}]}}