{"id":129217,"date":"2025-05-18T22:16:50","date_gmt":"2025-05-18T22:16:50","guid":{"rendered":"https:\/\/staging2.stylingagenten.com\/da\/produkt\/makeup-revolution-renaissance-lipliner-reign\/"},"modified":"2025-11-19T12:10:30","modified_gmt":"2025-11-19T12:10:30","slug":"makeup-revolution-renaissance-lipliner-reign","status":"publish","type":"product","link":"https:\/\/stylingagenten.com\/da\/produkt\/makeup-revolution-renaissance-lipliner-reign\/","title":{"rendered":"Makeup Revolution Renaissance Lipliner Reign"},"content":{"rendered":"<p>Makeup Revolution Renaissance Lipliner Reign<br \/>Superlette og rigt pigmenterede Renaissance Lipliners p\u00e5f\u00f8res nemt for at skabe din perfekte l\u00e6befarve.<\/p>\n<p>Bruges til at skabe en afrundet l\u00e6belinje eller udfylde dine l\u00e6ber, f\u00f8r du p\u00e5f\u00f8rer l\u00e6bestift, gloss eller balsam for holdbar farve.<\/p>\n","protected":false},"excerpt":{"rendered":"<p>Makeup Revolution Renaissance Lipliner ReignSuperlette og rigt pigmenterede Renaissance Lipliners p\u00e5f\u00f8res nemt for at skabe din perfekte l\u00e6befarve. Bruges til at skabe en afrundet l\u00e6belinje eller udfylde dine l\u00e6ber, f\u00f8r du p\u00e5f\u00f8rer l\u00e6bestift, gloss eller balsam for holdbar farve.<\/p>\n","protected":false},"featured_media":129214,"comment_status":"open","ping_status":"closed","template":"","meta":{"_trash_the_other_posts":false},"product_brand":[],"product_cat":[592],"product_tag":[3350],"berocket_brand":[1050],"class_list":{"0":"post-129217","1":"product","2":"type-product","3":"status-publish","4":"has-post-thumbnail","6":"product_cat-plasteret","7":"product_tag-makeup-revolution-renaissance-lipliner","8":"pa_brand-makeup-revolution","9":"pa_variant-reign","10":"berocket_brand-makeup-revolution","12":"first","13":"instock","14":"sale","15":"taxable","16":"shipping-taxable","17":"purchasable","18":"product-type-simple"},"_links":{"self":[{"href":"https:\/\/stylingagenten.com\/da\/wp-json\/wp\/v2\/product\/129217","targetHints":{"allow":["GET"]}}],"collection":[{"href":"https:\/\/stylingagenten.com\/da\/wp-json\/wp\/v2\/product"}],"about":[{"href":"https:\/\/stylingagenten.com\/da\/wp-json\/wp\/v2\/types\/product"}],"replies":[{"embeddable":true,"href":"https:\/\/stylingagenten.com\/da\/wp-json\/wp\/v2\/comments?post=129217"}],"version-history":[{"count":0,"href":"https:\/\/stylingagenten.com\/da\/wp-json\/wp\/v2\/product\/129217\/revisions"}],"wp:featuredmedia":[{"embeddable":true,"href":"https:\/\/stylingagenten.com\/da\/wp-json\/wp\/v2\/media\/129214"}],"wp:attachment":[{"href":"https:\/\/stylingagenten.com\/da\/wp-json\/wp\/v2\/media?parent=129217"}],"wp:term":[{"taxonomy":"product_brand","embeddable":true,"href":"https:\/\/stylingagenten.com\/da\/wp-json\/wp\/v2\/product_brand?post=129217"},{"taxonomy":"product_cat","embeddable":true,"href":"https:\/\/stylingagenten.com\/da\/wp-json\/wp\/v2\/product_cat?post=129217"},{"taxonomy":"product_tag","embeddable":true,"href":"https:\/\/stylingagenten.com\/da\/wp-json\/wp\/v2\/product_tag?post=129217"},{"taxonomy":"berocket_brand","embeddable":true,"href":"https:\/\/stylingagenten.com\/da\/wp-json\/wp\/v2\/berocket_brand?post=129217"}],"curies":[{"name":"wp","href":"https:\/\/api.w.org\/{rel}","templated":true}]}}