{"id":129167,"date":"2025-05-18T22:16:31","date_gmt":"2025-05-18T22:16:31","guid":{"rendered":"https:\/\/staging2.stylingagenten.com\/da\/produkt\/wet-n-wild-color-icon-lipliner-pencil-chestnut\/"},"modified":"2026-03-16T15:58:30","modified_gmt":"2026-03-16T15:58:30","slug":"wet-n-wild-color-icon-lipliner-pencil-chestnut","status":"publish","type":"product","link":"https:\/\/stylingagenten.com\/da\/produkt\/wet-n-wild-color-icon-lipliner-pencil-chestnut\/","title":{"rendered":"Wet n Wild Color Icon Lipliner Pencil Chestnut"},"content":{"rendered":"<p>Wet n Wild Color Icon Lipliner Pencil Chestnut. L\u00e6beforing med en rig, cremet formel, der glider p\u00e5 silkebl\u00f8d og sikrer, at din l\u00e6befarve ikke bl\u00f8der. Med denne l\u00e6beblyant fra wet n wild har du derfor altid en veldefineret trutmund. Makeupartister elsker at bruge denne l\u00e6beblyant som en l\u00e6bestift ved at p\u00e5f\u00f8re den over hele l\u00e6berne, men du kan ogs\u00e5 bruge den til at definere og skygge dine l\u00e6belinjer eller fade den ud som en ombre. F\u00e5s i 6 dejlige nuancer.<\/p>\n","protected":false},"excerpt":{"rendered":"<p>Wet n Wild Color Icon Lipliner Pencil Chestnut. L\u00e6beforing med en rig, cremet formel, der glider p\u00e5 silkebl\u00f8d og sikrer, at din l\u00e6befarve ikke bl\u00f8der. Med denne l\u00e6beblyant fra wet n wild har du derfor altid en veldefineret trutmund. Makeupartister elsker at bruge denne l\u00e6beblyant som en l\u00e6bestift ved at p\u00e5f\u00f8re den over hele l\u00e6berne, [&hellip;]<\/p>\n","protected":false},"featured_media":129166,"comment_status":"open","ping_status":"closed","template":"","meta":{"_trash_the_other_posts":false},"product_brand":[],"product_cat":[592],"product_tag":[4090],"berocket_brand":[1035],"class_list":{"0":"post-129167","1":"product","2":"type-product","3":"status-publish","4":"has-post-thumbnail","6":"product_cat-plasteret","7":"product_tag-wet-n-wild-color-icon-lipliner-pencil","8":"pa_brand-wet-n-wild","9":"pa_variant-chestnut","10":"berocket_brand-wet-n-wild","12":"first","13":"instock","14":"sale","15":"taxable","16":"shipping-taxable","17":"purchasable","18":"product-type-simple"},"_links":{"self":[{"href":"https:\/\/stylingagenten.com\/da\/wp-json\/wp\/v2\/product\/129167","targetHints":{"allow":["GET"]}}],"collection":[{"href":"https:\/\/stylingagenten.com\/da\/wp-json\/wp\/v2\/product"}],"about":[{"href":"https:\/\/stylingagenten.com\/da\/wp-json\/wp\/v2\/types\/product"}],"replies":[{"embeddable":true,"href":"https:\/\/stylingagenten.com\/da\/wp-json\/wp\/v2\/comments?post=129167"}],"version-history":[{"count":0,"href":"https:\/\/stylingagenten.com\/da\/wp-json\/wp\/v2\/product\/129167\/revisions"}],"wp:featuredmedia":[{"embeddable":true,"href":"https:\/\/stylingagenten.com\/da\/wp-json\/wp\/v2\/media\/129166"}],"wp:attachment":[{"href":"https:\/\/stylingagenten.com\/da\/wp-json\/wp\/v2\/media?parent=129167"}],"wp:term":[{"taxonomy":"product_brand","embeddable":true,"href":"https:\/\/stylingagenten.com\/da\/wp-json\/wp\/v2\/product_brand?post=129167"},{"taxonomy":"product_cat","embeddable":true,"href":"https:\/\/stylingagenten.com\/da\/wp-json\/wp\/v2\/product_cat?post=129167"},{"taxonomy":"product_tag","embeddable":true,"href":"https:\/\/stylingagenten.com\/da\/wp-json\/wp\/v2\/product_tag?post=129167"},{"taxonomy":"berocket_brand","embeddable":true,"href":"https:\/\/stylingagenten.com\/da\/wp-json\/wp\/v2\/berocket_brand?post=129167"}],"curies":[{"name":"wp","href":"https:\/\/api.w.org\/{rel}","templated":true}]}}