{"id":129053,"date":"2025-05-18T22:15:13","date_gmt":"2025-05-18T22:15:13","guid":{"rendered":"https:\/\/staging2.stylingagenten.com\/da\/produkt\/max-factor-colour-elixir-lip-cushion-010-starlight-coral-lip-gloss\/"},"modified":"2026-04-14T07:08:49","modified_gmt":"2026-04-14T07:08:49","slug":"max-factor-colour-elixir-lip-cushion-010-starlight-coral-lip-gloss","status":"publish","type":"product","link":"https:\/\/stylingagenten.com\/da\/produkt\/max-factor-colour-elixir-lip-cushion-010-starlight-coral-lip-gloss\/","title":{"rendered":"Max Factor Colour Elixir Lip Cushion &#8211; 010 Starlight Coral Lip Gloss"},"content":{"rendered":"<p>Color Elixir Lip Cushion fra Max Factor er en plejende lipgloss med diskret farve. Ved hj\u00e6lp af lipglossens pudeapplikator bliver p\u00e5f\u00f8ringen bl\u00f8d og glat.<\/p>\n<p>Colour Elixir Lip Cushion er en plejende lipgloss med E-vitamin og antioxidanter, der modvirker udt\u00f8rring af l\u00e6berne. Med flere flatterende farver plejer Max Facors Lip Cushion l\u00e6berne ved hver brug, og resultatet er naturligt sundt og glansfuldt. Den r\u00f8rformede emballage g\u00f8r det muligt at presse hver eneste dr\u00e5be ud, inden det er tid til at f\u00e5 en ny. F\u00e5s i flere farver.<br \/>\u2022N\u00e6rende lipgloss med E-vitamin og antioxidanter<br \/>\u2022Bl\u00f8d pudeapplikator<br \/>\u2022Naturlig glans<\/p>\n","protected":false},"excerpt":{"rendered":"<p>Color Elixir Lip Cushion fra Max Factor er en plejende lipgloss med diskret farve. Ved hj\u00e6lp af lipglossens pudeapplikator bliver p\u00e5f\u00f8ringen bl\u00f8d og glat. Colour Elixir Lip Cushion er en plejende lipgloss med E-vitamin og antioxidanter, der modvirker udt\u00f8rring af l\u00e6berne. Med flere flatterende farver plejer Max Facors Lip Cushion l\u00e6berne ved hver brug, og [&hellip;]<\/p>\n","protected":false},"featured_media":129049,"comment_status":"open","ping_status":"closed","template":"","meta":{"_trash_the_other_posts":false},"product_brand":[],"product_cat":[599],"product_tag":[3466],"berocket_brand":[1013],"class_list":{"0":"post-129053","1":"product","2":"type-product","3":"status-publish","4":"has-post-thumbnail","6":"product_cat-patch-glans","7":"product_tag-max-factor-colour-elixir-lip-cushion-lip-gloss","8":"pa_brand-max-factor","9":"pa_variant-010-starlight-coral","10":"berocket_brand-max-factor","12":"first","13":"instock","14":"sale","15":"taxable","16":"shipping-taxable","17":"purchasable","18":"product-type-simple"},"_links":{"self":[{"href":"https:\/\/stylingagenten.com\/da\/wp-json\/wp\/v2\/product\/129053","targetHints":{"allow":["GET"]}}],"collection":[{"href":"https:\/\/stylingagenten.com\/da\/wp-json\/wp\/v2\/product"}],"about":[{"href":"https:\/\/stylingagenten.com\/da\/wp-json\/wp\/v2\/types\/product"}],"replies":[{"embeddable":true,"href":"https:\/\/stylingagenten.com\/da\/wp-json\/wp\/v2\/comments?post=129053"}],"version-history":[{"count":0,"href":"https:\/\/stylingagenten.com\/da\/wp-json\/wp\/v2\/product\/129053\/revisions"}],"wp:featuredmedia":[{"embeddable":true,"href":"https:\/\/stylingagenten.com\/da\/wp-json\/wp\/v2\/media\/129049"}],"wp:attachment":[{"href":"https:\/\/stylingagenten.com\/da\/wp-json\/wp\/v2\/media?parent=129053"}],"wp:term":[{"taxonomy":"product_brand","embeddable":true,"href":"https:\/\/stylingagenten.com\/da\/wp-json\/wp\/v2\/product_brand?post=129053"},{"taxonomy":"product_cat","embeddable":true,"href":"https:\/\/stylingagenten.com\/da\/wp-json\/wp\/v2\/product_cat?post=129053"},{"taxonomy":"product_tag","embeddable":true,"href":"https:\/\/stylingagenten.com\/da\/wp-json\/wp\/v2\/product_tag?post=129053"},{"taxonomy":"berocket_brand","embeddable":true,"href":"https:\/\/stylingagenten.com\/da\/wp-json\/wp\/v2\/berocket_brand?post=129053"}],"curies":[{"name":"wp","href":"https:\/\/api.w.org\/{rel}","templated":true}]}}