{"id":129017,"date":"2025-05-18T22:14:30","date_gmt":"2025-05-18T22:14:30","guid":{"rendered":"https:\/\/staging2.stylingagenten.com\/da\/produkt\/makeup-revolution-overnight-lip-mask-cravin-coconuts-12g\/"},"modified":"2026-02-16T18:06:33","modified_gmt":"2026-02-16T18:06:33","slug":"makeup-revolution-overnight-lip-mask-cravin-coconuts-12g","status":"publish","type":"product","link":"https:\/\/stylingagenten.com\/da\/produkt\/makeup-revolution-overnight-lip-mask-cravin-coconuts-12g\/","title":{"rendered":"Makeup Revolution Overnight Lip Mask Cravin&#8217; Coconuts 12g"},"content":{"rendered":"<p>Makeup Revolution Overnight Lip Mask Cravin&#8217; Coconuts 12g<br \/>Revolution Dream Kiss Overnight Lip Balm er en rig l\u00e6bepomade, der vil virke hele natten, s\u00e5 du v\u00e5gner op med hydrerede, l\u00e6kre l\u00e6ber. En l\u00e6bemaske indeholdende hyaluronolie, jojobaolie, sheasm\u00f8r og e-vitamin til intensiv fugt. Skift t\u00f8rre, sprukne l\u00e6ber ud med superbl\u00f8de l\u00e6ber.<\/p>\n","protected":false},"excerpt":{"rendered":"<p>Makeup Revolution Overnight Lip Mask Cravin&#8217; Coconuts 12gRevolution Dream Kiss Overnight Lip Balm er en rig l\u00e6bepomade, der vil virke hele natten, s\u00e5 du v\u00e5gner op med hydrerede, l\u00e6kre l\u00e6ber. En l\u00e6bemaske indeholdende hyaluronolie, jojobaolie, sheasm\u00f8r og e-vitamin til intensiv fugt. Skift t\u00f8rre, sprukne l\u00e6ber ud med superbl\u00f8de l\u00e6ber.<\/p>\n","protected":false},"featured_media":129014,"comment_status":"open","ping_status":"closed","template":"","meta":{"_trash_the_other_posts":false},"product_brand":[],"product_cat":[580],"product_tag":[],"berocket_brand":[1050],"class_list":{"0":"post-129017","1":"product","2":"type-product","3":"status-publish","4":"has-post-thumbnail","6":"product_cat-lappebalsam","7":"pa_brand-makeup-revolution","8":"berocket_brand-makeup-revolution","10":"first","11":"instock","12":"sale","13":"taxable","14":"shipping-taxable","15":"purchasable","16":"product-type-simple"},"_links":{"self":[{"href":"https:\/\/stylingagenten.com\/da\/wp-json\/wp\/v2\/product\/129017","targetHints":{"allow":["GET"]}}],"collection":[{"href":"https:\/\/stylingagenten.com\/da\/wp-json\/wp\/v2\/product"}],"about":[{"href":"https:\/\/stylingagenten.com\/da\/wp-json\/wp\/v2\/types\/product"}],"replies":[{"embeddable":true,"href":"https:\/\/stylingagenten.com\/da\/wp-json\/wp\/v2\/comments?post=129017"}],"version-history":[{"count":0,"href":"https:\/\/stylingagenten.com\/da\/wp-json\/wp\/v2\/product\/129017\/revisions"}],"wp:featuredmedia":[{"embeddable":true,"href":"https:\/\/stylingagenten.com\/da\/wp-json\/wp\/v2\/media\/129014"}],"wp:attachment":[{"href":"https:\/\/stylingagenten.com\/da\/wp-json\/wp\/v2\/media?parent=129017"}],"wp:term":[{"taxonomy":"product_brand","embeddable":true,"href":"https:\/\/stylingagenten.com\/da\/wp-json\/wp\/v2\/product_brand?post=129017"},{"taxonomy":"product_cat","embeddable":true,"href":"https:\/\/stylingagenten.com\/da\/wp-json\/wp\/v2\/product_cat?post=129017"},{"taxonomy":"product_tag","embeddable":true,"href":"https:\/\/stylingagenten.com\/da\/wp-json\/wp\/v2\/product_tag?post=129017"},{"taxonomy":"berocket_brand","embeddable":true,"href":"https:\/\/stylingagenten.com\/da\/wp-json\/wp\/v2\/berocket_brand?post=129017"}],"curies":[{"name":"wp","href":"https:\/\/api.w.org\/{rel}","templated":true}]}}