{"id":129011,"date":"2025-05-18T22:13:42","date_gmt":"2025-05-18T22:13:42","guid":{"rendered":"https:\/\/staging2.stylingagenten.com\/da\/produkt\/vaseline-lip-care-rosy-lips-2-x-4-8g\/"},"modified":"2026-03-17T07:27:28","modified_gmt":"2026-03-17T07:27:28","slug":"vaseline-lip-care-rosy-lips-2-x-4-8g","status":"publish","type":"product","link":"https:\/\/stylingagenten.com\/da\/produkt\/vaseline-lip-care-rosy-lips-2-x-4-8g\/","title":{"rendered":"Vaseline Lip Care Rosy Lips 2 x 4.8g"},"content":{"rendered":"<p>Vaseline Lip Therapy Rosy Lips hj\u00e6lper med at bek\u00e6mpe t\u00f8rre og sprukne l\u00e6ber. Fugter for optimal beskyttelse og sundere l\u00e6ber.<\/p>\n","protected":false},"excerpt":{"rendered":"<p>Vaseline Lip Therapy Rosy Lips hj\u00e6lper med at bek\u00e6mpe t\u00f8rre og sprukne l\u00e6ber. Fugter for optimal beskyttelse og sundere l\u00e6ber.<\/p>\n","protected":false},"featured_media":128997,"comment_status":"open","ping_status":"closed","template":"","meta":{"_trash_the_other_posts":false},"product_brand":[],"product_cat":[580],"product_tag":[],"berocket_brand":[1260],"class_list":{"0":"post-129011","1":"product","2":"type-product","3":"status-publish","4":"has-post-thumbnail","6":"product_cat-lappebalsam","7":"pa_brand-vaseline","8":"berocket_brand-vaseline","10":"first","11":"instock","12":"sale","13":"taxable","14":"shipping-taxable","15":"purchasable","16":"product-type-simple"},"_links":{"self":[{"href":"https:\/\/stylingagenten.com\/da\/wp-json\/wp\/v2\/product\/129011","targetHints":{"allow":["GET"]}}],"collection":[{"href":"https:\/\/stylingagenten.com\/da\/wp-json\/wp\/v2\/product"}],"about":[{"href":"https:\/\/stylingagenten.com\/da\/wp-json\/wp\/v2\/types\/product"}],"replies":[{"embeddable":true,"href":"https:\/\/stylingagenten.com\/da\/wp-json\/wp\/v2\/comments?post=129011"}],"version-history":[{"count":0,"href":"https:\/\/stylingagenten.com\/da\/wp-json\/wp\/v2\/product\/129011\/revisions"}],"wp:featuredmedia":[{"embeddable":true,"href":"https:\/\/stylingagenten.com\/da\/wp-json\/wp\/v2\/media\/128997"}],"wp:attachment":[{"href":"https:\/\/stylingagenten.com\/da\/wp-json\/wp\/v2\/media?parent=129011"}],"wp:term":[{"taxonomy":"product_brand","embeddable":true,"href":"https:\/\/stylingagenten.com\/da\/wp-json\/wp\/v2\/product_brand?post=129011"},{"taxonomy":"product_cat","embeddable":true,"href":"https:\/\/stylingagenten.com\/da\/wp-json\/wp\/v2\/product_cat?post=129011"},{"taxonomy":"product_tag","embeddable":true,"href":"https:\/\/stylingagenten.com\/da\/wp-json\/wp\/v2\/product_tag?post=129011"},{"taxonomy":"berocket_brand","embeddable":true,"href":"https:\/\/stylingagenten.com\/da\/wp-json\/wp\/v2\/berocket_brand?post=129011"}],"curies":[{"name":"wp","href":"https:\/\/api.w.org\/{rel}","templated":true}]}}