{"id":128994,"date":"2025-05-18T22:13:39","date_gmt":"2025-05-18T22:13:39","guid":{"rendered":"https:\/\/staging2.stylingagenten.com\/da\/produkt\/babyliss-c332e-pro-180-sublim-touch-curling-iron-32mm\/"},"modified":"2026-02-25T17:05:48","modified_gmt":"2026-02-25T17:05:48","slug":"babyliss-c332e-pro-180-sublim-touch-curling-iron-32mm","status":"publish","type":"product","link":"https:\/\/stylingagenten.com\/da\/produkt\/babyliss-c332e-pro-180-sublim-touch-curling-iron-32mm\/","title":{"rendered":"Babyliss C332E Pro 180 Sublim Touch Curling Iron 32mm"},"content":{"rendered":"<p>Babyliss Sublime&rsquo; Touch er det professionelle kr\u00f8llejern til mellemstore kr\u00f8ller.<br \/> Kr\u00f8llejernet har en diameter p\u00e5 32 mm og er fremragende til at skabe mellemstore til store kr\u00f8ller. <br \/>Sublim&rsquo; ber\u00f8ringsbel\u00e6gning giver sk\u00e5nsom styling og et langtidsholdbart resultat.<\/p>\n<p>Teknisk information:<br \/>32 mm i diameter &ndash; perfekt til at skabe mellemstore til store kr\u00f8ller<br \/>Sublim&rsquo; touch-coating giver sk\u00e5nsom styling og et langtidsholdbart resultat<br \/>10 forskellige temperaturindstillinger (150 &#8211; 180 grader)<br \/>Passer til alle h\u00e5rtyper<br \/>Varmeisolerende top til sikker brug<br \/>Garanti: 2 &aring;r <\/p>\n","protected":false},"excerpt":{"rendered":"<p>Babyliss Sublime&rsquo; Touch er det professionelle kr\u00f8llejern til mellemstore kr\u00f8ller. Kr\u00f8llejernet har en diameter p\u00e5 32 mm og er fremragende til at skabe mellemstore til store kr\u00f8ller. Sublim&rsquo; ber\u00f8ringsbel\u00e6gning giver sk\u00e5nsom styling og et langtidsholdbart resultat. Teknisk information:32 mm i diameter &ndash; perfekt til at skabe mellemstore til store kr\u00f8llerSublim&rsquo; touch-coating giver sk\u00e5nsom styling og [&hellip;]<\/p>\n","protected":false},"featured_media":128991,"comment_status":"open","ping_status":"closed","template":"","meta":{"_trash_the_other_posts":false},"product_brand":[],"product_cat":[596],"product_tag":[],"berocket_brand":[1166],"class_list":{"0":"post-128994","1":"product","2":"type-product","3":"status-publish","4":"has-post-thumbnail","6":"product_cat-kroellejern","7":"pa_brand-babyliss","8":"berocket_brand-babyliss","10":"first","11":"instock","12":"sale","13":"taxable","14":"shipping-taxable","15":"purchasable","16":"product-type-simple"},"_links":{"self":[{"href":"https:\/\/stylingagenten.com\/da\/wp-json\/wp\/v2\/product\/128994","targetHints":{"allow":["GET"]}}],"collection":[{"href":"https:\/\/stylingagenten.com\/da\/wp-json\/wp\/v2\/product"}],"about":[{"href":"https:\/\/stylingagenten.com\/da\/wp-json\/wp\/v2\/types\/product"}],"replies":[{"embeddable":true,"href":"https:\/\/stylingagenten.com\/da\/wp-json\/wp\/v2\/comments?post=128994"}],"version-history":[{"count":0,"href":"https:\/\/stylingagenten.com\/da\/wp-json\/wp\/v2\/product\/128994\/revisions"}],"wp:featuredmedia":[{"embeddable":true,"href":"https:\/\/stylingagenten.com\/da\/wp-json\/wp\/v2\/media\/128991"}],"wp:attachment":[{"href":"https:\/\/stylingagenten.com\/da\/wp-json\/wp\/v2\/media?parent=128994"}],"wp:term":[{"taxonomy":"product_brand","embeddable":true,"href":"https:\/\/stylingagenten.com\/da\/wp-json\/wp\/v2\/product_brand?post=128994"},{"taxonomy":"product_cat","embeddable":true,"href":"https:\/\/stylingagenten.com\/da\/wp-json\/wp\/v2\/product_cat?post=128994"},{"taxonomy":"product_tag","embeddable":true,"href":"https:\/\/stylingagenten.com\/da\/wp-json\/wp\/v2\/product_tag?post=128994"},{"taxonomy":"berocket_brand","embeddable":true,"href":"https:\/\/stylingagenten.com\/da\/wp-json\/wp\/v2\/berocket_brand?post=128994"}],"curies":[{"name":"wp","href":"https:\/\/api.w.org\/{rel}","templated":true}]}}