{"id":128986,"date":"2025-05-18T22:13:36","date_gmt":"2025-05-18T22:13:36","guid":{"rendered":"https:\/\/staging2.stylingagenten.com\/da\/produkt\/babyliss-thermo-ceramic-rollers-rs035e\/"},"modified":"2026-02-25T17:05:40","modified_gmt":"2026-02-25T17:05:40","slug":"babyliss-thermo-ceramic-rollers-rs035e","status":"publish","type":"product","link":"https:\/\/stylingagenten.com\/da\/produkt\/babyliss-thermo-ceramic-rollers-rs035e\/","title":{"rendered":"Babyliss Thermo-ceramic Rollers &#8211; RS035E"},"content":{"rendered":"<p><strong>H\u00f8jtydende varmespiraler skaber langvarige volumin\u00f8se kr\u00f8ller og b\u00f8lger<\/strong><\/p>\n<p>Bl\u00f8de fl\u00f8jlsbekl\u00e6dte spoler med keramisk bel\u00e6gning fordeler blidt h\u00e5ret \u00c6rmet i h\u00e5ret og g\u00f8r bl\u00f8de kr\u00f8ller superst\u00f8rrelser med en langvarig effekt.<\/p>\n<p>Med 3 st\u00f8rrelser af; spolerne kan du skabe sp\u00e6ndende effekter i h\u00e5ret og superclips holder spolerne p\u00e5; plads til enklere styling.<\/p>\n","protected":false},"excerpt":{"rendered":"<p>H\u00f8jtydende varmespiraler skaber langvarige volumin\u00f8se kr\u00f8ller og b\u00f8lger Bl\u00f8de fl\u00f8jlsbekl\u00e6dte spoler med keramisk bel\u00e6gning fordeler blidt h\u00e5ret \u00c6rmet i h\u00e5ret og g\u00f8r bl\u00f8de kr\u00f8ller superst\u00f8rrelser med en langvarig effekt. Med 3 st\u00f8rrelser af; spolerne kan du skabe sp\u00e6ndende effekter i h\u00e5ret og superclips holder spolerne p\u00e5; plads til enklere styling.<\/p>\n","protected":false},"featured_media":128970,"comment_status":"open","ping_status":"closed","template":"","meta":{"_trash_the_other_posts":false},"product_brand":[],"product_cat":[596,646],"product_tag":[],"berocket_brand":[1166],"class_list":{"0":"post-128986","1":"product","2":"type-product","3":"status-publish","4":"has-post-thumbnail","6":"product_cat-kroellejern","7":"product_cat-varmevaerktoej","8":"pa_brand-babyliss","9":"berocket_brand-babyliss","11":"first","12":"instock","13":"taxable","14":"shipping-taxable","15":"purchasable","16":"product-type-simple"},"_links":{"self":[{"href":"https:\/\/stylingagenten.com\/da\/wp-json\/wp\/v2\/product\/128986","targetHints":{"allow":["GET"]}}],"collection":[{"href":"https:\/\/stylingagenten.com\/da\/wp-json\/wp\/v2\/product"}],"about":[{"href":"https:\/\/stylingagenten.com\/da\/wp-json\/wp\/v2\/types\/product"}],"replies":[{"embeddable":true,"href":"https:\/\/stylingagenten.com\/da\/wp-json\/wp\/v2\/comments?post=128986"}],"version-history":[{"count":0,"href":"https:\/\/stylingagenten.com\/da\/wp-json\/wp\/v2\/product\/128986\/revisions"}],"wp:featuredmedia":[{"embeddable":true,"href":"https:\/\/stylingagenten.com\/da\/wp-json\/wp\/v2\/media\/128970"}],"wp:attachment":[{"href":"https:\/\/stylingagenten.com\/da\/wp-json\/wp\/v2\/media?parent=128986"}],"wp:term":[{"taxonomy":"product_brand","embeddable":true,"href":"https:\/\/stylingagenten.com\/da\/wp-json\/wp\/v2\/product_brand?post=128986"},{"taxonomy":"product_cat","embeddable":true,"href":"https:\/\/stylingagenten.com\/da\/wp-json\/wp\/v2\/product_cat?post=128986"},{"taxonomy":"product_tag","embeddable":true,"href":"https:\/\/stylingagenten.com\/da\/wp-json\/wp\/v2\/product_tag?post=128986"},{"taxonomy":"berocket_brand","embeddable":true,"href":"https:\/\/stylingagenten.com\/da\/wp-json\/wp\/v2\/berocket_brand?post=128986"}],"curies":[{"name":"wp","href":"https:\/\/api.w.org\/{rel}","templated":true}]}}