{"id":128985,"date":"2025-05-18T22:13:36","date_gmt":"2025-05-18T22:13:36","guid":{"rendered":"https:\/\/staging2.stylingagenten.com\/da\/produkt\/babyliss-hair-waver-the-crimper-2165ce\/"},"modified":"2026-02-25T17:05:42","modified_gmt":"2026-02-25T17:05:42","slug":"babyliss-hair-waver-the-crimper-2165ce","status":"publish","type":"product","link":"https:\/\/stylingagenten.com\/da\/produkt\/babyliss-hair-waver-the-crimper-2165ce\/","title":{"rendered":"Babyliss Hair Waver &#8211; The Crimper 2165CE"},"content":{"rendered":"<p>Fuld st\u00f8rrelse filt er det perfekte v\u00e6rkt\u00f8j til at skabe volumen og perfekt defineret og langtidsholdbar tekstur<\/p>\n<p>Fiteffekten er unik og kan ikke gentages med andre stylingprodukter. Med brede turmalin-keramik coatede plader giver tangen et hurtigt resultat med en j\u00e6vn finish.<\/p>\n<p>10 temperaturindstillinger 120\u00b0C &#8211; 210\u00b0C.<\/p>\n","protected":false},"excerpt":{"rendered":"<p>Fuld st\u00f8rrelse filt er det perfekte v\u00e6rkt\u00f8j til at skabe volumen og perfekt defineret og langtidsholdbar tekstur Fiteffekten er unik og kan ikke gentages med andre stylingprodukter. Med brede turmalin-keramik coatede plader giver tangen et hurtigt resultat med en j\u00e6vn finish. 10 temperaturindstillinger 120\u00b0C &#8211; 210\u00b0C.<\/p>\n","protected":false},"featured_media":128973,"comment_status":"open","ping_status":"closed","template":"","meta":{"_trash_the_other_posts":false},"product_brand":[],"product_cat":[596,646],"product_tag":[],"berocket_brand":[1166],"class_list":{"0":"post-128985","1":"product","2":"type-product","3":"status-publish","4":"has-post-thumbnail","6":"product_cat-kroellejern","7":"product_cat-varmevaerktoej","8":"pa_brand-babyliss","9":"berocket_brand-babyliss","11":"first","12":"instock","13":"sale","14":"taxable","15":"shipping-taxable","16":"purchasable","17":"product-type-simple"},"_links":{"self":[{"href":"https:\/\/stylingagenten.com\/da\/wp-json\/wp\/v2\/product\/128985","targetHints":{"allow":["GET"]}}],"collection":[{"href":"https:\/\/stylingagenten.com\/da\/wp-json\/wp\/v2\/product"}],"about":[{"href":"https:\/\/stylingagenten.com\/da\/wp-json\/wp\/v2\/types\/product"}],"replies":[{"embeddable":true,"href":"https:\/\/stylingagenten.com\/da\/wp-json\/wp\/v2\/comments?post=128985"}],"version-history":[{"count":0,"href":"https:\/\/stylingagenten.com\/da\/wp-json\/wp\/v2\/product\/128985\/revisions"}],"wp:featuredmedia":[{"embeddable":true,"href":"https:\/\/stylingagenten.com\/da\/wp-json\/wp\/v2\/media\/128973"}],"wp:attachment":[{"href":"https:\/\/stylingagenten.com\/da\/wp-json\/wp\/v2\/media?parent=128985"}],"wp:term":[{"taxonomy":"product_brand","embeddable":true,"href":"https:\/\/stylingagenten.com\/da\/wp-json\/wp\/v2\/product_brand?post=128985"},{"taxonomy":"product_cat","embeddable":true,"href":"https:\/\/stylingagenten.com\/da\/wp-json\/wp\/v2\/product_cat?post=128985"},{"taxonomy":"product_tag","embeddable":true,"href":"https:\/\/stylingagenten.com\/da\/wp-json\/wp\/v2\/product_tag?post=128985"},{"taxonomy":"berocket_brand","embeddable":true,"href":"https:\/\/stylingagenten.com\/da\/wp-json\/wp\/v2\/berocket_brand?post=128985"}],"curies":[{"name":"wp","href":"https:\/\/api.w.org\/{rel}","templated":true}]}}