{"id":128983,"date":"2025-05-18T22:13:36","date_gmt":"2025-05-18T22:13:36","guid":{"rendered":"https:\/\/staging2.stylingagenten.com\/da\/produkt\/babyliss-curling-iron-conical-wand-c454e\/"},"modified":"2025-12-18T21:30:17","modified_gmt":"2025-12-18T21:30:17","slug":"babyliss-curling-iron-conical-wand-c454e","status":"publish","type":"product","link":"https:\/\/stylingagenten.com\/da\/produkt\/babyliss-curling-iron-conical-wand-c454e\/","title":{"rendered":"Babyliss Curling Iron &#8211; Conical Wand C454E"},"content":{"rendered":"<p><strong>Professionelt konisk kr\u00f8llejern, hvis du nemt vil skabe kr\u00f8ller<\/strong><br \/>&nbsp;Du vikler en h\u00e5rl\u00f8kke omkring den koniske cylinder med kvarts keramisk bel\u00e6gning, s\u00e5; du styler hurtigt og nemt med glatte resultater.<\/p>\n<p>&nbsp; Den ekstra lange cylinder er perfekt, n\u00e5r du vil tiltr\u00e6kke l\u00e6ngere h\u00e5r.<\/p>\n<p>&nbsp; 6 digitale varmeindstillinger op til 210 \u00b0C og varmesystemet Advanced Ceramics&trade; som holder konstant h\u00f8j varme under curling for hurtig og nem styling i alle sektioner.<\/p>\n<p>&nbsp;&#8211; Op til 210 &deg;C<br \/>&nbsp;&#8211; 25&ndash;13 mm keglecylinder<br \/>&nbsp;&#8211; Quartz keramisk bel\u00e6gning<br \/>&nbsp;&#8211; Varmesystemet Advanced Ceramics&trade;<br \/>&nbsp;&#8211; 6 digitale varmeindstillinger 160&ndash;210 &deg;C<br \/>&nbsp;&#8211; Ekstra l&amp;aring ;ng cylinder<br \/>&nbsp;&#8211; Automatisk lukning- off<br \/>&nbsp;&#8211; 2,5 m ledning med roterende base<br \/>&nbsp;&#8211; Opvarmet handske<br \/>&nbsp;&#8211; Opvarmet ;lig t\u00e6ppe<br \/>&nbsp;&#8211; 3 \u00e5rs garanti<\/p>\n","protected":false},"excerpt":{"rendered":"<p>Professionelt konisk kr\u00f8llejern, hvis du nemt vil skabe kr\u00f8ller&nbsp;Du vikler en h\u00e5rl\u00f8kke omkring den koniske cylinder med kvarts keramisk bel\u00e6gning, s\u00e5; du styler hurtigt og nemt med glatte resultater. &nbsp; Den ekstra lange cylinder er perfekt, n\u00e5r du vil tiltr\u00e6kke l\u00e6ngere h\u00e5r. &nbsp; 6 digitale varmeindstillinger op til 210 \u00b0C og varmesystemet Advanced Ceramics&trade; som [&hellip;]<\/p>\n","protected":false},"featured_media":128974,"comment_status":"open","ping_status":"closed","template":"","meta":{"_trash_the_other_posts":false},"product_brand":[],"product_cat":[596],"product_tag":[],"berocket_brand":[1166],"class_list":{"0":"post-128983","1":"product","2":"type-product","3":"status-publish","4":"has-post-thumbnail","6":"product_cat-kroellejern","7":"pa_brand-babyliss","8":"berocket_brand-babyliss","10":"first","11":"instock","12":"sale","13":"taxable","14":"shipping-taxable","15":"purchasable","16":"product-type-simple"},"_links":{"self":[{"href":"https:\/\/stylingagenten.com\/da\/wp-json\/wp\/v2\/product\/128983","targetHints":{"allow":["GET"]}}],"collection":[{"href":"https:\/\/stylingagenten.com\/da\/wp-json\/wp\/v2\/product"}],"about":[{"href":"https:\/\/stylingagenten.com\/da\/wp-json\/wp\/v2\/types\/product"}],"replies":[{"embeddable":true,"href":"https:\/\/stylingagenten.com\/da\/wp-json\/wp\/v2\/comments?post=128983"}],"version-history":[{"count":0,"href":"https:\/\/stylingagenten.com\/da\/wp-json\/wp\/v2\/product\/128983\/revisions"}],"wp:featuredmedia":[{"embeddable":true,"href":"https:\/\/stylingagenten.com\/da\/wp-json\/wp\/v2\/media\/128974"}],"wp:attachment":[{"href":"https:\/\/stylingagenten.com\/da\/wp-json\/wp\/v2\/media?parent=128983"}],"wp:term":[{"taxonomy":"product_brand","embeddable":true,"href":"https:\/\/stylingagenten.com\/da\/wp-json\/wp\/v2\/product_brand?post=128983"},{"taxonomy":"product_cat","embeddable":true,"href":"https:\/\/stylingagenten.com\/da\/wp-json\/wp\/v2\/product_cat?post=128983"},{"taxonomy":"product_tag","embeddable":true,"href":"https:\/\/stylingagenten.com\/da\/wp-json\/wp\/v2\/product_tag?post=128983"},{"taxonomy":"berocket_brand","embeddable":true,"href":"https:\/\/stylingagenten.com\/da\/wp-json\/wp\/v2\/berocket_brand?post=128983"}],"curies":[{"name":"wp","href":"https:\/\/api.w.org\/{rel}","templated":true}]}}