{"id":128977,"date":"2025-05-18T22:13:35","date_gmt":"2025-05-18T22:13:35","guid":{"rendered":"https:\/\/staging2.stylingagenten.com\/da\/produkt\/babyliss-curling-iron-rose-quartz-tight-curls-wand-c449e\/"},"modified":"2026-02-25T17:05:45","modified_gmt":"2026-02-25T17:05:45","slug":"babyliss-curling-iron-rose-quartz-tight-curls-wand-c449e","status":"publish","type":"product","link":"https:\/\/stylingagenten.com\/da\/produkt\/babyliss-curling-iron-rose-quartz-tight-curls-wand-c449e\/","title":{"rendered":"Babyliss Curling Iron &#8211; Rose Quartz Tight Curls Wand C449E"},"content":{"rendered":"<p><strong>Professionelt konisk kr\u00f8llejern, hvis du nemt vil skabe kr\u00f8ller<\/strong><\/p>\n<p>Du vikler en h\u00e5rl\u00f8kke rundt om den koniske cylinder med kvarts keramisk bel\u00e6gning, og du styler hurtigt og glat med j\u00e6vne resultater .<\/p>\n<p>Den ekstra lange cylinder er perfekt til at kr\u00f8lle l\u00e6ngere h\u00e5r.<\/p>\n<p>6 digitale varmeindstillinger op til 210 &deg; C og Advanced Ceramics varmesystemet opretholder en konstant h\u00f8j varme under kr\u00f8lningen for hurtig og nem styling i alle sektioner.<\/p>\n<p>&#8211; Op til 210 &deg; C<br \/>&nbsp;&#8211; 25&ndash;13 mm kegleformet cylinder<br \/>&nbsp;&#8211; Quartz keramisk bel\u00e6gning<br \/>&nbsp;&#8211; Advanced Ceramics varmesystem &trade;<br \/>&nbsp;&#8211; 6 digitale varmeindstillinger 160&ndash;210 &amp;deg ; C<br \/>&nbsp;&#8211; Ekstra lang cylinder<br \/>&nbsp;&#8211; Automatisk nedlukning<br \/>&nbsp;&#8211; 2,5 m ledning med roterende beslag<br \/>&nbsp;&#8211; Varmebestandig handske<br \/>&nbsp;&#8211; Varmebestandigt t\u00e6ppe <br \/>&nbsp;&#8211; 3 \u00e5rs garanti<\/p>\n<p data-empty=\"true\"><\/p>\n","protected":false},"excerpt":{"rendered":"<p>Professionelt konisk kr\u00f8llejern, hvis du nemt vil skabe kr\u00f8ller Du vikler en h\u00e5rl\u00f8kke rundt om den koniske cylinder med kvarts keramisk bel\u00e6gning, og du styler hurtigt og glat med j\u00e6vne resultater . Den ekstra lange cylinder er perfekt til at kr\u00f8lle l\u00e6ngere h\u00e5r. 6 digitale varmeindstillinger op til 210 &deg; C og Advanced Ceramics varmesystemet [&hellip;]<\/p>\n","protected":false},"featured_media":128965,"comment_status":"open","ping_status":"closed","template":"","meta":{"_trash_the_other_posts":false},"product_brand":[],"product_cat":[596],"product_tag":[],"berocket_brand":[1166],"class_list":{"0":"post-128977","1":"product","2":"type-product","3":"status-publish","4":"has-post-thumbnail","6":"product_cat-kroellejern","7":"pa_brand-babyliss","8":"berocket_brand-babyliss","10":"first","11":"instock","12":"sale","13":"taxable","14":"shipping-taxable","15":"purchasable","16":"product-type-simple"},"_links":{"self":[{"href":"https:\/\/stylingagenten.com\/da\/wp-json\/wp\/v2\/product\/128977","targetHints":{"allow":["GET"]}}],"collection":[{"href":"https:\/\/stylingagenten.com\/da\/wp-json\/wp\/v2\/product"}],"about":[{"href":"https:\/\/stylingagenten.com\/da\/wp-json\/wp\/v2\/types\/product"}],"replies":[{"embeddable":true,"href":"https:\/\/stylingagenten.com\/da\/wp-json\/wp\/v2\/comments?post=128977"}],"version-history":[{"count":0,"href":"https:\/\/stylingagenten.com\/da\/wp-json\/wp\/v2\/product\/128977\/revisions"}],"wp:featuredmedia":[{"embeddable":true,"href":"https:\/\/stylingagenten.com\/da\/wp-json\/wp\/v2\/media\/128965"}],"wp:attachment":[{"href":"https:\/\/stylingagenten.com\/da\/wp-json\/wp\/v2\/media?parent=128977"}],"wp:term":[{"taxonomy":"product_brand","embeddable":true,"href":"https:\/\/stylingagenten.com\/da\/wp-json\/wp\/v2\/product_brand?post=128977"},{"taxonomy":"product_cat","embeddable":true,"href":"https:\/\/stylingagenten.com\/da\/wp-json\/wp\/v2\/product_cat?post=128977"},{"taxonomy":"product_tag","embeddable":true,"href":"https:\/\/stylingagenten.com\/da\/wp-json\/wp\/v2\/product_tag?post=128977"},{"taxonomy":"berocket_brand","embeddable":true,"href":"https:\/\/stylingagenten.com\/da\/wp-json\/wp\/v2\/berocket_brand?post=128977"}],"curies":[{"name":"wp","href":"https:\/\/api.w.org\/{rel}","templated":true}]}}