{"id":128898,"date":"2025-05-18T22:13:19","date_gmt":"2025-05-18T22:13:19","guid":{"rendered":"https:\/\/staging2.stylingagenten.com\/da\/produkt\/remington-pearl-tong\/"},"modified":"2026-04-14T07:58:33","modified_gmt":"2026-04-14T07:58:33","slug":"remington-pearl-tong","status":"publish","type":"product","link":"https:\/\/stylingagenten.com\/da\/produkt\/remington-pearl-tong\/","title":{"rendered":"Remington Pearl Tong"},"content":{"rendered":"<p>Konisk kr\u00f8llejern p\u00e5 13-25mm og har en avanceret keramisk bel\u00e6gning for j\u00e6vn varmefordeling.<br \/>Kr\u00f8llejernet har en hurtig opvarmning p\u00e5 30 sekunder og et digitalt display som justerbar temperatur mellem 130-210\u00b0C. For at l\u00e5se temperaturen under brug g\u00f8r du dette ved at holde minustegnet nede i nogle sekunder indtil du ser en h\u00e6ngel\u00e5s p\u00e5 displayet, opl\u00e5sning sker ved at trykke p\u00e5 minusknappen igen. Den har en ekstra lang ledning p\u00e5 3 meter som g\u00f8r det nemmere, hvis du ikke har stikkontakten lige ved siden af. Der medf\u00f8lger en varmebeskyttende handske, som letter brugen og mindsker risikoen for forbr\u00e6nding.<\/p>\n<p>\u2022Luksuri\u00f8s perlemor keramisk bel\u00e6gning: 8 x glattere *, 5 x l\u00e6ngere levetid *<br \/>\u2022Konisk form for smukke kr\u00f8ller<br \/>\u2022 Digital LCD-sk\u00e6rm 130\u00b0C til 210\u00b0C<br \/>\u2022Hurtig opvarmning p\u00e5 30 sekunder<br \/>\u2022Automatisk slukning efter 60 minutter<br \/>\u2022Knapl\u00e5st temperatur for at forhindre utilsigtet temperatur\u00e6ndring<br \/> \u2022Kold ende<br \/>\u2022 Sp\u00e6nding over hele verden<br \/>\u20223m drejeledning<br \/>\u2022Varmebeskyttende taske<br \/>\u2022Beskyttelseshandske<br \/>*sammenlignet med tidligere model fra Remington<\/p>\n","protected":false},"excerpt":{"rendered":"<p>Konisk kr\u00f8llejern p\u00e5 13-25mm og har en avanceret keramisk bel\u00e6gning for j\u00e6vn varmefordeling.Kr\u00f8llejernet har en hurtig opvarmning p\u00e5 30 sekunder og et digitalt display som justerbar temperatur mellem 130-210\u00b0C. For at l\u00e5se temperaturen under brug g\u00f8r du dette ved at holde minustegnet nede i nogle sekunder indtil du ser en h\u00e6ngel\u00e5s p\u00e5 displayet, opl\u00e5sning sker [&hellip;]<\/p>\n","protected":false},"featured_media":128889,"comment_status":"open","ping_status":"closed","template":"","meta":{"_trash_the_other_posts":false},"product_brand":[],"product_cat":[596],"product_tag":[],"berocket_brand":[1272],"class_list":{"0":"post-128898","1":"product","2":"type-product","3":"status-publish","4":"has-post-thumbnail","6":"product_cat-kroellejern","7":"pa_brand-remington","8":"berocket_brand-remington","10":"first","11":"instock","12":"sale","13":"taxable","14":"shipping-taxable","15":"purchasable","16":"product-type-simple"},"_links":{"self":[{"href":"https:\/\/stylingagenten.com\/da\/wp-json\/wp\/v2\/product\/128898","targetHints":{"allow":["GET"]}}],"collection":[{"href":"https:\/\/stylingagenten.com\/da\/wp-json\/wp\/v2\/product"}],"about":[{"href":"https:\/\/stylingagenten.com\/da\/wp-json\/wp\/v2\/types\/product"}],"replies":[{"embeddable":true,"href":"https:\/\/stylingagenten.com\/da\/wp-json\/wp\/v2\/comments?post=128898"}],"version-history":[{"count":0,"href":"https:\/\/stylingagenten.com\/da\/wp-json\/wp\/v2\/product\/128898\/revisions"}],"wp:featuredmedia":[{"embeddable":true,"href":"https:\/\/stylingagenten.com\/da\/wp-json\/wp\/v2\/media\/128889"}],"wp:attachment":[{"href":"https:\/\/stylingagenten.com\/da\/wp-json\/wp\/v2\/media?parent=128898"}],"wp:term":[{"taxonomy":"product_brand","embeddable":true,"href":"https:\/\/stylingagenten.com\/da\/wp-json\/wp\/v2\/product_brand?post=128898"},{"taxonomy":"product_cat","embeddable":true,"href":"https:\/\/stylingagenten.com\/da\/wp-json\/wp\/v2\/product_cat?post=128898"},{"taxonomy":"product_tag","embeddable":true,"href":"https:\/\/stylingagenten.com\/da\/wp-json\/wp\/v2\/product_tag?post=128898"},{"taxonomy":"berocket_brand","embeddable":true,"href":"https:\/\/stylingagenten.com\/da\/wp-json\/wp\/v2\/berocket_brand?post=128898"}],"curies":[{"name":"wp","href":"https:\/\/api.w.org\/{rel}","templated":true}]}}