{"id":128838,"date":"2025-05-18T22:13:03","date_gmt":"2025-05-18T22:13:03","guid":{"rendered":"https:\/\/staging2.stylingagenten.com\/da\/produkt\/nuxe-huile-prodigieuse-florale-multi-purpose-dry-oil-100ml\/"},"modified":"2026-02-25T08:17:16","modified_gmt":"2026-02-25T08:17:16","slug":"nuxe-huile-prodigieuse-florale-multi-purpose-dry-oil-100ml","status":"publish","type":"product","link":"https:\/\/stylingagenten.com\/da\/produkt\/nuxe-huile-prodigieuse-florale-multi-purpose-dry-oil-100ml\/","title":{"rendered":"Nuxe Huile Prodigieuse Florale Multi-Purpose Dry Oil 100ml"},"content":{"rendered":"<p>Nuxe Huile Prodigieuse Florale Multi-Purpose Dry Oil er en t\u00f8r olie til h\u00e5r, ansigt og resten af \u200b\u200bkroppen med friske delikate noter af grapefrugt, magnolia og moskus. Dens snavsfri formel er en beroligende cocktail af plejende og beskyttende ingredienser, der giver dig fl\u00f8jlsbl\u00f8d hud og skinnende h\u00e5r.<\/p>\n<p data-empty=\"true\">Olien indeholder ;ller 98,8 % ingredienser af naturlig oprindelse. Produktet er fri for parabener, konserveringsmidler, silikone, mineralske olier, syntetiske farver og animalske ingredienser.&nbsp;<\/p>\n","protected":false},"excerpt":{"rendered":"<p>Nuxe Huile Prodigieuse Florale Multi-Purpose Dry Oil er en t\u00f8r olie til h\u00e5r, ansigt og resten af \u200b\u200bkroppen med friske delikate noter af grapefrugt, magnolia og moskus. Dens snavsfri formel er en beroligende cocktail af plejende og beskyttende ingredienser, der giver dig fl\u00f8jlsbl\u00f8d hud og skinnende h\u00e5r. Olien indeholder ;ller 98,8 % ingredienser af naturlig [&hellip;]<\/p>\n","protected":false},"featured_media":128834,"comment_status":"open","ping_status":"closed","template":"","meta":{"_trash_the_other_posts":false},"product_brand":[],"product_cat":[655],"product_tag":[],"berocket_brand":[1024],"class_list":{"0":"post-128838","1":"product","2":"type-product","3":"status-publish","4":"has-post-thumbnail","6":"product_cat-kroppsolja","7":"pa_brand-nuxe","8":"berocket_brand-nuxe","10":"first","11":"instock","12":"sale","13":"taxable","14":"shipping-taxable","15":"purchasable","16":"product-type-simple"},"_links":{"self":[{"href":"https:\/\/stylingagenten.com\/da\/wp-json\/wp\/v2\/product\/128838","targetHints":{"allow":["GET"]}}],"collection":[{"href":"https:\/\/stylingagenten.com\/da\/wp-json\/wp\/v2\/product"}],"about":[{"href":"https:\/\/stylingagenten.com\/da\/wp-json\/wp\/v2\/types\/product"}],"replies":[{"embeddable":true,"href":"https:\/\/stylingagenten.com\/da\/wp-json\/wp\/v2\/comments?post=128838"}],"version-history":[{"count":0,"href":"https:\/\/stylingagenten.com\/da\/wp-json\/wp\/v2\/product\/128838\/revisions"}],"wp:featuredmedia":[{"embeddable":true,"href":"https:\/\/stylingagenten.com\/da\/wp-json\/wp\/v2\/media\/128834"}],"wp:attachment":[{"href":"https:\/\/stylingagenten.com\/da\/wp-json\/wp\/v2\/media?parent=128838"}],"wp:term":[{"taxonomy":"product_brand","embeddable":true,"href":"https:\/\/stylingagenten.com\/da\/wp-json\/wp\/v2\/product_brand?post=128838"},{"taxonomy":"product_cat","embeddable":true,"href":"https:\/\/stylingagenten.com\/da\/wp-json\/wp\/v2\/product_cat?post=128838"},{"taxonomy":"product_tag","embeddable":true,"href":"https:\/\/stylingagenten.com\/da\/wp-json\/wp\/v2\/product_tag?post=128838"},{"taxonomy":"berocket_brand","embeddable":true,"href":"https:\/\/stylingagenten.com\/da\/wp-json\/wp\/v2\/berocket_brand?post=128838"}],"curies":[{"name":"wp","href":"https:\/\/api.w.org\/{rel}","templated":true}]}}