{"id":128792,"date":"2025-05-18T22:12:51","date_gmt":"2025-05-18T22:12:51","guid":{"rendered":"https:\/\/staging2.stylingagenten.com\/da\/produkt\/nuxe-huile-prodigieuse-neroli-oil-100ml\/"},"modified":"2026-04-13T17:38:40","modified_gmt":"2026-04-13T17:38:40","slug":"nuxe-huile-prodigieuse-neroli-oil-100ml","status":"publish","type":"product","link":"https:\/\/stylingagenten.com\/da\/produkt\/nuxe-huile-prodigieuse-neroli-oil-100ml\/","title":{"rendered":"Nuxe Huile Prodigieuse Neroli Oil 100ml"},"content":{"rendered":"<p>Nuxe Huile Prodigieuse\u00ae Neroli Oil er en certificeret \u00f8kologisk t\u00f8rrolie, der n\u00e6rer huden og g\u00f8r den glattere og smukkere, samtidig med at den n\u00e6rer h\u00e5ret og giver en smuk glans. Den beroligende duft med noter af Neroli virker afslappende for b\u00e5de krop og sj\u00e6l. Dokumenteret antioxidant-effekt og hj\u00e6lper med at reducere udseendet af str\u00e6km\u00e6rker. 100% naturlig oprindelse i alt. 42% af de samlede ingredienser er fra \u00f8kologisk landbrug. *Formel uden ingredienser eller derivater af animalsk oprindelse.<\/p>\n<p>100ml<\/p>\n","protected":false},"excerpt":{"rendered":"<p>Nuxe Huile Prodigieuse\u00ae Neroli Oil er en certificeret \u00f8kologisk t\u00f8rrolie, der n\u00e6rer huden og g\u00f8r den glattere og smukkere, samtidig med at den n\u00e6rer h\u00e5ret og giver en smuk glans. Den beroligende duft med noter af Neroli virker afslappende for b\u00e5de krop og sj\u00e6l. Dokumenteret antioxidant-effekt og hj\u00e6lper med at reducere udseendet af str\u00e6km\u00e6rker. 100% [&hellip;]<\/p>\n","protected":false},"featured_media":128776,"comment_status":"open","ping_status":"closed","template":"","meta":{"_trash_the_other_posts":false},"product_brand":[],"product_cat":[655],"product_tag":[],"berocket_brand":[1024],"class_list":{"0":"post-128792","1":"product","2":"type-product","3":"status-publish","4":"has-post-thumbnail","6":"product_cat-kroppsolja","7":"pa_brand-nuxe","8":"berocket_brand-nuxe","10":"first","11":"instock","12":"sale","13":"taxable","14":"shipping-taxable","15":"purchasable","16":"product-type-simple"},"_links":{"self":[{"href":"https:\/\/stylingagenten.com\/da\/wp-json\/wp\/v2\/product\/128792","targetHints":{"allow":["GET"]}}],"collection":[{"href":"https:\/\/stylingagenten.com\/da\/wp-json\/wp\/v2\/product"}],"about":[{"href":"https:\/\/stylingagenten.com\/da\/wp-json\/wp\/v2\/types\/product"}],"replies":[{"embeddable":true,"href":"https:\/\/stylingagenten.com\/da\/wp-json\/wp\/v2\/comments?post=128792"}],"version-history":[{"count":0,"href":"https:\/\/stylingagenten.com\/da\/wp-json\/wp\/v2\/product\/128792\/revisions"}],"wp:featuredmedia":[{"embeddable":true,"href":"https:\/\/stylingagenten.com\/da\/wp-json\/wp\/v2\/media\/128776"}],"wp:attachment":[{"href":"https:\/\/stylingagenten.com\/da\/wp-json\/wp\/v2\/media?parent=128792"}],"wp:term":[{"taxonomy":"product_brand","embeddable":true,"href":"https:\/\/stylingagenten.com\/da\/wp-json\/wp\/v2\/product_brand?post=128792"},{"taxonomy":"product_cat","embeddable":true,"href":"https:\/\/stylingagenten.com\/da\/wp-json\/wp\/v2\/product_cat?post=128792"},{"taxonomy":"product_tag","embeddable":true,"href":"https:\/\/stylingagenten.com\/da\/wp-json\/wp\/v2\/product_tag?post=128792"},{"taxonomy":"berocket_brand","embeddable":true,"href":"https:\/\/stylingagenten.com\/da\/wp-json\/wp\/v2\/berocket_brand?post=128792"}],"curies":[{"name":"wp","href":"https:\/\/api.w.org\/{rel}","templated":true}]}}