{"id":128786,"date":"2025-05-18T22:12:50","date_gmt":"2025-05-18T22:12:50","guid":{"rendered":"https:\/\/staging2.stylingagenten.com\/da\/produkt\/nuxe-huile-prodigieuse-or-multi-purpose-illuminating-dry-oil-100ml\/"},"modified":"2026-01-22T13:10:41","modified_gmt":"2026-01-22T13:10:41","slug":"nuxe-huile-prodigieuse-or-multi-purpose-illuminating-dry-oil-100ml","status":"publish","type":"product","link":"https:\/\/stylingagenten.com\/da\/produkt\/nuxe-huile-prodigieuse-or-multi-purpose-illuminating-dry-oil-100ml\/","title":{"rendered":"Nuxe Huile Prodigieuse Or Multi Purpose Illuminating Dry Oil 100ml"},"content":{"rendered":"<p>Nuxe Huile Prodigieuse eller Multi Purpose Illuminating Dry Oil er en t\u00f8r olie med gul shimmer til h\u00e5r, ansigt og resten af \u200b\u200bkroppen. Dens snavsfri formel er en beroligende cocktail af plejende og beskyttende ingredienser, der giver dig fl\u00f8jlsbl\u00f8d hud og skinnende h\u00e5r.<\/p>\n<p data-empty=\"true\">Olien indeholder ;ller 95,9 % ingredienser af naturlig oprindelse. Produktet er fri for parabener, konserveringsmidler, silikone, mineralske olier, syntetiske farver og animalske ingredienser.<\/p>\n","protected":false},"excerpt":{"rendered":"<p>Nuxe Huile Prodigieuse eller Multi Purpose Illuminating Dry Oil er en t\u00f8r olie med gul shimmer til h\u00e5r, ansigt og resten af \u200b\u200bkroppen. Dens snavsfri formel er en beroligende cocktail af plejende og beskyttende ingredienser, der giver dig fl\u00f8jlsbl\u00f8d hud og skinnende h\u00e5r. Olien indeholder ;ller 95,9 % ingredienser af naturlig oprindelse. Produktet er fri [&hellip;]<\/p>\n","protected":false},"featured_media":128785,"comment_status":"open","ping_status":"closed","template":"","meta":{"_trash_the_other_posts":false},"product_brand":[],"product_cat":[655],"product_tag":[3640],"berocket_brand":[1024],"class_list":{"0":"post-128786","1":"product","2":"type-product","3":"status-publish","4":"has-post-thumbnail","6":"product_cat-kroppsolja","7":"product_tag-nuxe-huile-prodigieuse-or-multi-purpose-illuminating-dry-oil","8":"pa_brand-nuxe","9":"pa_variant-100ml","10":"berocket_brand-nuxe","12":"first","13":"instock","14":"sale","15":"taxable","16":"shipping-taxable","17":"purchasable","18":"product-type-simple"},"_links":{"self":[{"href":"https:\/\/stylingagenten.com\/da\/wp-json\/wp\/v2\/product\/128786","targetHints":{"allow":["GET"]}}],"collection":[{"href":"https:\/\/stylingagenten.com\/da\/wp-json\/wp\/v2\/product"}],"about":[{"href":"https:\/\/stylingagenten.com\/da\/wp-json\/wp\/v2\/types\/product"}],"replies":[{"embeddable":true,"href":"https:\/\/stylingagenten.com\/da\/wp-json\/wp\/v2\/comments?post=128786"}],"version-history":[{"count":0,"href":"https:\/\/stylingagenten.com\/da\/wp-json\/wp\/v2\/product\/128786\/revisions"}],"wp:featuredmedia":[{"embeddable":true,"href":"https:\/\/stylingagenten.com\/da\/wp-json\/wp\/v2\/media\/128785"}],"wp:attachment":[{"href":"https:\/\/stylingagenten.com\/da\/wp-json\/wp\/v2\/media?parent=128786"}],"wp:term":[{"taxonomy":"product_brand","embeddable":true,"href":"https:\/\/stylingagenten.com\/da\/wp-json\/wp\/v2\/product_brand?post=128786"},{"taxonomy":"product_cat","embeddable":true,"href":"https:\/\/stylingagenten.com\/da\/wp-json\/wp\/v2\/product_cat?post=128786"},{"taxonomy":"product_tag","embeddable":true,"href":"https:\/\/stylingagenten.com\/da\/wp-json\/wp\/v2\/product_tag?post=128786"},{"taxonomy":"berocket_brand","embeddable":true,"href":"https:\/\/stylingagenten.com\/da\/wp-json\/wp\/v2\/berocket_brand?post=128786"}],"curies":[{"name":"wp","href":"https:\/\/api.w.org\/{rel}","templated":true}]}}