{"id":128774,"date":"2025-05-18T22:12:47","date_gmt":"2025-05-18T22:12:47","guid":{"rendered":"https:\/\/staging2.stylingagenten.com\/da\/produkt\/nuxe-huile-prodigieuse-multi-purpose-softening-dry-oil-50ml\/"},"modified":"2025-12-18T21:53:21","modified_gmt":"2025-12-18T21:53:21","slug":"nuxe-huile-prodigieuse-multi-purpose-softening-dry-oil-50ml","status":"publish","type":"product","link":"https:\/\/stylingagenten.com\/da\/produkt\/nuxe-huile-prodigieuse-multi-purpose-softening-dry-oil-50ml\/","title":{"rendered":"Nuxe Huile Prodigieuse Multi Purpose Softening Dry Oil 50ml"},"content":{"rendered":"<p>Nuxe Huile Prodigieuse Multi Purpose Softening Dry Oil er en t\u00f8r olie til bart h\u00e5r, ansigt og resten af \u200b\u200bkroppen. Dens snavsfri formel er en beroligende cocktail af plejende og beskyttende ingredienser, der giver dig fl\u00f8jlsbl\u00f8d hud og skinnende h\u00e5r.<\/p>\n<p data-empty=\"true\">Olien indeholder ;ller 98,8 % ingredienser af naturlig oprindelse. Produktet er fri for parabener, konserveringsmidler, silikone, mineralske olier, syntetiske farver og animalske ingredienser.<\/p>\n","protected":false},"excerpt":{"rendered":"<p>Nuxe Huile Prodigieuse Multi Purpose Softening Dry Oil er en t\u00f8r olie til bart h\u00e5r, ansigt og resten af \u200b\u200bkroppen. Dens snavsfri formel er en beroligende cocktail af plejende og beskyttende ingredienser, der giver dig fl\u00f8jlsbl\u00f8d hud og skinnende h\u00e5r. Olien indeholder ;ller 98,8 % ingredienser af naturlig oprindelse. Produktet er fri for parabener, konserveringsmidler, [&hellip;]<\/p>\n","protected":false},"featured_media":128773,"comment_status":"open","ping_status":"closed","template":"","meta":{"_trash_the_other_posts":false},"product_brand":[],"product_cat":[655],"product_tag":[],"berocket_brand":[1024],"class_list":{"0":"post-128774","1":"product","2":"type-product","3":"status-publish","4":"has-post-thumbnail","6":"product_cat-kroppsolja","7":"pa_brand-nuxe","8":"berocket_brand-nuxe","10":"first","11":"instock","12":"sale","13":"taxable","14":"shipping-taxable","15":"purchasable","16":"product-type-simple"},"_links":{"self":[{"href":"https:\/\/stylingagenten.com\/da\/wp-json\/wp\/v2\/product\/128774","targetHints":{"allow":["GET"]}}],"collection":[{"href":"https:\/\/stylingagenten.com\/da\/wp-json\/wp\/v2\/product"}],"about":[{"href":"https:\/\/stylingagenten.com\/da\/wp-json\/wp\/v2\/types\/product"}],"replies":[{"embeddable":true,"href":"https:\/\/stylingagenten.com\/da\/wp-json\/wp\/v2\/comments?post=128774"}],"version-history":[{"count":0,"href":"https:\/\/stylingagenten.com\/da\/wp-json\/wp\/v2\/product\/128774\/revisions"}],"wp:featuredmedia":[{"embeddable":true,"href":"https:\/\/stylingagenten.com\/da\/wp-json\/wp\/v2\/media\/128773"}],"wp:attachment":[{"href":"https:\/\/stylingagenten.com\/da\/wp-json\/wp\/v2\/media?parent=128774"}],"wp:term":[{"taxonomy":"product_brand","embeddable":true,"href":"https:\/\/stylingagenten.com\/da\/wp-json\/wp\/v2\/product_brand?post=128774"},{"taxonomy":"product_cat","embeddable":true,"href":"https:\/\/stylingagenten.com\/da\/wp-json\/wp\/v2\/product_cat?post=128774"},{"taxonomy":"product_tag","embeddable":true,"href":"https:\/\/stylingagenten.com\/da\/wp-json\/wp\/v2\/product_tag?post=128774"},{"taxonomy":"berocket_brand","embeddable":true,"href":"https:\/\/stylingagenten.com\/da\/wp-json\/wp\/v2\/berocket_brand?post=128774"}],"curies":[{"name":"wp","href":"https:\/\/api.w.org\/{rel}","templated":true}]}}