{"id":128750,"date":"2025-05-18T22:12:42","date_gmt":"2025-05-18T22:12:42","guid":{"rendered":"https:\/\/staging2.stylingagenten.com\/da\/produkt\/brave-new-hair-liquid-light-hair-oil-50ml\/"},"modified":"2026-03-11T22:01:08","modified_gmt":"2026-03-11T22:01:08","slug":"brave-new-hair-liquid-light-hair-oil-50ml","status":"publish","type":"product","link":"https:\/\/stylingagenten.com\/da\/produkt\/brave-new-hair-liquid-light-hair-oil-50ml\/","title":{"rendered":"Brave. New. Hair. Liquid Light Hair Oil 50ml"},"content":{"rendered":"<p>Brave New Hair Liquid Light Hair Oil 50ml. Letv\u00e6gts 2-i-1 serum og olie beriget med aktiverede olier for at give n\u00e6ring og spejllignende glans. Vores rige kokosbaserede formel blandet med argan- og jojobaolier g\u00f8r h\u00e5ret let at filtre ud, beskytter mod h\u00e5rtab og efterlader det bl\u00f8dt og silkebl\u00f8dt. Velegnet til alle h\u00e5rtyper. 0% Silikoner<br \/>P\u00e5f\u00f8r et par dr\u00e5ber i h\u00e5ret fra midten og ned til spidserne inden du t\u00f8rrer h\u00e5ret og brug eventuelt flere p\u00e5 t\u00f8rt h\u00e5r inden styling. Skyl ikke.<\/p>\n","protected":false},"excerpt":{"rendered":"<p>Brave New Hair Liquid Light Hair Oil 50ml. Letv\u00e6gts 2-i-1 serum og olie beriget med aktiverede olier for at give n\u00e6ring og spejllignende glans. Vores rige kokosbaserede formel blandet med argan- og jojobaolier g\u00f8r h\u00e5ret let at filtre ud, beskytter mod h\u00e5rtab og efterlader det bl\u00f8dt og silkebl\u00f8dt. Velegnet til alle h\u00e5rtyper. 0% SilikonerP\u00e5f\u00f8r et [&hellip;]<\/p>\n","protected":false},"featured_media":128735,"comment_status":"open","ping_status":"closed","template":"","meta":{"_trash_the_other_posts":false},"product_brand":[],"product_cat":[610],"product_tag":[],"berocket_brand":[1211],"class_list":{"0":"post-128750","1":"product","2":"type-product","3":"status-publish","4":"has-post-thumbnail","6":"product_cat-har-olie","7":"pa_brand-brave-new-hair","8":"berocket_brand-brave-new-hair","10":"first","11":"instock","12":"sale","13":"taxable","14":"shipping-taxable","15":"purchasable","16":"product-type-simple"},"_links":{"self":[{"href":"https:\/\/stylingagenten.com\/da\/wp-json\/wp\/v2\/product\/128750","targetHints":{"allow":["GET"]}}],"collection":[{"href":"https:\/\/stylingagenten.com\/da\/wp-json\/wp\/v2\/product"}],"about":[{"href":"https:\/\/stylingagenten.com\/da\/wp-json\/wp\/v2\/types\/product"}],"replies":[{"embeddable":true,"href":"https:\/\/stylingagenten.com\/da\/wp-json\/wp\/v2\/comments?post=128750"}],"version-history":[{"count":0,"href":"https:\/\/stylingagenten.com\/da\/wp-json\/wp\/v2\/product\/128750\/revisions"}],"wp:featuredmedia":[{"embeddable":true,"href":"https:\/\/stylingagenten.com\/da\/wp-json\/wp\/v2\/media\/128735"}],"wp:attachment":[{"href":"https:\/\/stylingagenten.com\/da\/wp-json\/wp\/v2\/media?parent=128750"}],"wp:term":[{"taxonomy":"product_brand","embeddable":true,"href":"https:\/\/stylingagenten.com\/da\/wp-json\/wp\/v2\/product_brand?post=128750"},{"taxonomy":"product_cat","embeddable":true,"href":"https:\/\/stylingagenten.com\/da\/wp-json\/wp\/v2\/product_cat?post=128750"},{"taxonomy":"product_tag","embeddable":true,"href":"https:\/\/stylingagenten.com\/da\/wp-json\/wp\/v2\/product_tag?post=128750"},{"taxonomy":"berocket_brand","embeddable":true,"href":"https:\/\/stylingagenten.com\/da\/wp-json\/wp\/v2\/berocket_brand?post=128750"}],"curies":[{"name":"wp","href":"https:\/\/api.w.org\/{rel}","templated":true}]}}