{"id":128687,"date":"2025-05-18T22:12:25","date_gmt":"2025-05-18T22:12:25","guid":{"rendered":"https:\/\/staging2.stylingagenten.com\/da\/produkt\/paul-mitchell-flexible-style-re-works-150ml\/"},"modified":"2026-03-23T08:37:31","modified_gmt":"2026-03-23T08:37:31","slug":"paul-mitchell-flexible-style-re-works-150ml","status":"publish","type":"product","link":"https:\/\/stylingagenten.com\/da\/produkt\/paul-mitchell-flexible-style-re-works-150ml\/","title":{"rendered":"Paul Mitchell Flexible Style Re-works 150ml"},"content":{"rendered":"<p>Teksturcreme til alle h\u00e5rtyper.<br \/>Giver st\u00e6rk tekstur og adskillelse.<br \/>I fugtigt h\u00e5r for en bl\u00f8dere finish.<br \/>I t\u00f8rt h\u00e5r til adskillelse.<\/ p><\/p>\n","protected":false},"excerpt":{"rendered":"<p>Teksturcreme til alle h\u00e5rtyper.Giver st\u00e6rk tekstur og adskillelse.I fugtigt h\u00e5r for en bl\u00f8dere finish.I t\u00f8rt h\u00e5r til adskillelse.<\/p>\n","protected":false},"featured_media":128684,"comment_status":"open","ping_status":"closed","template":"","meta":{"_trash_the_other_posts":false},"product_brand":[],"product_cat":[1003,700],"product_tag":[],"berocket_brand":[1053],"class_list":{"0":"post-128687","1":"product","2":"type-product","3":"status-publish","4":"has-post-thumbnail","6":"product_cat-bestsellere","7":"product_cat-vax","8":"pa_brand-paul-mitchell","9":"berocket_brand-paul-mitchell","11":"first","12":"outofstock","13":"sale","14":"taxable","15":"shipping-taxable","16":"purchasable","17":"product-type-simple"},"_links":{"self":[{"href":"https:\/\/stylingagenten.com\/da\/wp-json\/wp\/v2\/product\/128687","targetHints":{"allow":["GET"]}}],"collection":[{"href":"https:\/\/stylingagenten.com\/da\/wp-json\/wp\/v2\/product"}],"about":[{"href":"https:\/\/stylingagenten.com\/da\/wp-json\/wp\/v2\/types\/product"}],"replies":[{"embeddable":true,"href":"https:\/\/stylingagenten.com\/da\/wp-json\/wp\/v2\/comments?post=128687"}],"version-history":[{"count":0,"href":"https:\/\/stylingagenten.com\/da\/wp-json\/wp\/v2\/product\/128687\/revisions"}],"wp:featuredmedia":[{"embeddable":true,"href":"https:\/\/stylingagenten.com\/da\/wp-json\/wp\/v2\/media\/128684"}],"wp:attachment":[{"href":"https:\/\/stylingagenten.com\/da\/wp-json\/wp\/v2\/media?parent=128687"}],"wp:term":[{"taxonomy":"product_brand","embeddable":true,"href":"https:\/\/stylingagenten.com\/da\/wp-json\/wp\/v2\/product_brand?post=128687"},{"taxonomy":"product_cat","embeddable":true,"href":"https:\/\/stylingagenten.com\/da\/wp-json\/wp\/v2\/product_cat?post=128687"},{"taxonomy":"product_tag","embeddable":true,"href":"https:\/\/stylingagenten.com\/da\/wp-json\/wp\/v2\/product_tag?post=128687"},{"taxonomy":"berocket_brand","embeddable":true,"href":"https:\/\/stylingagenten.com\/da\/wp-json\/wp\/v2\/berocket_brand?post=128687"}],"curies":[{"name":"wp","href":"https:\/\/api.w.org\/{rel}","templated":true}]}}