{"id":128526,"date":"2025-05-18T22:11:37","date_gmt":"2025-05-18T22:11:37","guid":{"rendered":"https:\/\/staging2.stylingagenten.com\/da\/produkt\/revlon-style-masters-3-strong-matt-clay-85g\/"},"modified":"2026-04-08T07:48:30","modified_gmt":"2026-04-08T07:48:30","slug":"revlon-style-masters-3-strong-matt-clay-85g","status":"publish","type":"product","link":"https:\/\/stylingagenten.com\/da\/produkt\/revlon-style-masters-3-strong-matt-clay-85g\/","title":{"rendered":"Revlon Style Masters 3 &#8211; Strong Matt Clay 85g"},"content":{"rendered":"<p>En h\u00e5rlervoks med ekstra h\u00e5r&nbsp;fast og mat finish.&nbsp;Danner frisuren let og fedter ikke h\u00e5ret. Giver en mat finish til h\u00e5ret.<\/p>\n<p>Styrke: 3\/3<br \/>85g<\/p>\n","protected":false},"excerpt":{"rendered":"<p>En h\u00e5rlervoks med ekstra h\u00e5r&nbsp;fast og mat finish.&nbsp;Danner frisuren let og fedter ikke h\u00e5ret. Giver en mat finish til h\u00e5ret. Styrke: 3\/385g<\/p>\n","protected":false},"featured_media":128522,"comment_status":"open","ping_status":"closed","template":"","meta":{"_trash_the_other_posts":false},"product_brand":[],"product_cat":[702],"product_tag":[],"berocket_brand":[1040],"class_list":{"0":"post-128526","1":"product","2":"type-product","3":"status-publish","4":"has-post-thumbnail","6":"product_cat-ler","7":"pa_brand-revlon","8":"berocket_brand-revlon","10":"first","11":"instock","12":"sale","13":"taxable","14":"shipping-taxable","15":"purchasable","16":"product-type-simple"},"_links":{"self":[{"href":"https:\/\/stylingagenten.com\/da\/wp-json\/wp\/v2\/product\/128526","targetHints":{"allow":["GET"]}}],"collection":[{"href":"https:\/\/stylingagenten.com\/da\/wp-json\/wp\/v2\/product"}],"about":[{"href":"https:\/\/stylingagenten.com\/da\/wp-json\/wp\/v2\/types\/product"}],"replies":[{"embeddable":true,"href":"https:\/\/stylingagenten.com\/da\/wp-json\/wp\/v2\/comments?post=128526"}],"version-history":[{"count":0,"href":"https:\/\/stylingagenten.com\/da\/wp-json\/wp\/v2\/product\/128526\/revisions"}],"wp:featuredmedia":[{"embeddable":true,"href":"https:\/\/stylingagenten.com\/da\/wp-json\/wp\/v2\/media\/128522"}],"wp:attachment":[{"href":"https:\/\/stylingagenten.com\/da\/wp-json\/wp\/v2\/media?parent=128526"}],"wp:term":[{"taxonomy":"product_brand","embeddable":true,"href":"https:\/\/stylingagenten.com\/da\/wp-json\/wp\/v2\/product_brand?post=128526"},{"taxonomy":"product_cat","embeddable":true,"href":"https:\/\/stylingagenten.com\/da\/wp-json\/wp\/v2\/product_cat?post=128526"},{"taxonomy":"product_tag","embeddable":true,"href":"https:\/\/stylingagenten.com\/da\/wp-json\/wp\/v2\/product_tag?post=128526"},{"taxonomy":"berocket_brand","embeddable":true,"href":"https:\/\/stylingagenten.com\/da\/wp-json\/wp\/v2\/berocket_brand?post=128526"}],"curies":[{"name":"wp","href":"https:\/\/api.w.org\/{rel}","templated":true}]}}