{"id":128517,"date":"2025-05-18T22:11:34","date_gmt":"2025-05-18T22:11:34","guid":{"rendered":"https:\/\/staging2.stylingagenten.com\/da\/produkt\/its-a-10-miracle-pliable-paste-59ml\/"},"modified":"2025-12-18T21:44:21","modified_gmt":"2025-12-18T21:44:21","slug":"its-a-10-miracle-pliable-paste-59ml","status":"publish","type":"product","link":"https:\/\/stylingagenten.com\/da\/produkt\/its-a-10-miracle-pliable-paste-59ml\/","title":{"rendered":"It&#8217;s A 10 Miracle Pliable Paste 59ml"},"content":{"rendered":"<p>Det er en 10 He&#039;s a 10 Miracle Pliable Hair Paste for Men, 2 Oz. Denne h\u00e5rpasta plejer og fugter samtidig med, at den har en fleksibel tekstur, der holder alle h\u00e5rtyper p\u00e5. placere. Denne 59 ml fugtgivende urtete f\u00f8les aldrig stiv eller tyk og vaskes let af efter brug. Den har ekstraheret hukommelse og en sofistikeret duft til m\u00e6nd for at g\u00f8re det til en forn\u00f8jelse at forme dine kr\u00f8ller. Det har ogs\u00e5&aring; en formel, der tilf\u00f8jer fylde for at fuldende dit look. Gnid blot en lille m\u00e6ngde produkt ind i dine h\u00e6nder og fingre og blend gennem h\u00e5ret for at opn\u00e5; din stil.<\/p>\n","protected":false},"excerpt":{"rendered":"<p>Det er en 10 He&#039;s a 10 Miracle Pliable Hair Paste for Men, 2 Oz. Denne h\u00e5rpasta plejer og fugter samtidig med, at den har en fleksibel tekstur, der holder alle h\u00e5rtyper p\u00e5. placere. Denne 59 ml fugtgivende urtete f\u00f8les aldrig stiv eller tyk og vaskes let af efter brug. Den har ekstraheret hukommelse og [&hellip;]<\/p>\n","protected":false},"featured_media":128516,"comment_status":"open","ping_status":"closed","template":"","meta":{"_trash_the_other_posts":false},"product_brand":[],"product_cat":[705],"product_tag":[],"berocket_brand":[1349],"class_list":{"0":"post-128517","1":"product","2":"type-product","3":"status-publish","4":"has-post-thumbnail","6":"product_cat-saet-ind","7":"pa_brand-its-a-10","8":"berocket_brand-its-a-10","10":"first","11":"instock","12":"sale","13":"taxable","14":"shipping-taxable","15":"purchasable","16":"product-type-simple"},"_links":{"self":[{"href":"https:\/\/stylingagenten.com\/da\/wp-json\/wp\/v2\/product\/128517","targetHints":{"allow":["GET"]}}],"collection":[{"href":"https:\/\/stylingagenten.com\/da\/wp-json\/wp\/v2\/product"}],"about":[{"href":"https:\/\/stylingagenten.com\/da\/wp-json\/wp\/v2\/types\/product"}],"replies":[{"embeddable":true,"href":"https:\/\/stylingagenten.com\/da\/wp-json\/wp\/v2\/comments?post=128517"}],"version-history":[{"count":0,"href":"https:\/\/stylingagenten.com\/da\/wp-json\/wp\/v2\/product\/128517\/revisions"}],"wp:featuredmedia":[{"embeddable":true,"href":"https:\/\/stylingagenten.com\/da\/wp-json\/wp\/v2\/media\/128516"}],"wp:attachment":[{"href":"https:\/\/stylingagenten.com\/da\/wp-json\/wp\/v2\/media?parent=128517"}],"wp:term":[{"taxonomy":"product_brand","embeddable":true,"href":"https:\/\/stylingagenten.com\/da\/wp-json\/wp\/v2\/product_brand?post=128517"},{"taxonomy":"product_cat","embeddable":true,"href":"https:\/\/stylingagenten.com\/da\/wp-json\/wp\/v2\/product_cat?post=128517"},{"taxonomy":"product_tag","embeddable":true,"href":"https:\/\/stylingagenten.com\/da\/wp-json\/wp\/v2\/product_tag?post=128517"},{"taxonomy":"berocket_brand","embeddable":true,"href":"https:\/\/stylingagenten.com\/da\/wp-json\/wp\/v2\/berocket_brand?post=128517"}],"curies":[{"name":"wp","href":"https:\/\/api.w.org\/{rel}","templated":true}]}}