{"id":128491,"date":"2025-05-18T22:11:26","date_gmt":"2025-05-18T22:11:26","guid":{"rendered":"https:\/\/staging2.stylingagenten.com\/da\/produkt\/its-a-10-miracle-matte-molding-paste-59ml\/"},"modified":"2025-12-18T21:44:25","modified_gmt":"2025-12-18T21:44:25","slug":"its-a-10-miracle-matte-molding-paste-59ml","status":"publish","type":"product","link":"https:\/\/stylingagenten.com\/da\/produkt\/its-a-10-miracle-matte-molding-paste-59ml\/","title":{"rendered":"It&#8217;s A 10 Miracle Matte Molding Paste 59ml"},"content":{"rendered":"<p>En bl\u00f8d, lavglans og ikke-kl\u00e6bende stylingpasta<br \/>Fugtgivende formel hj\u00e6lper med at definere, adskille og kontrollere h\u00e5ret<br \/>Ger nem p\u00e5f\u00f8ring af flere typer frisurer<br \/>Giver et st\u00e6rkt hold hele dagen, mens den tilf\u00f8jer tykkelse<br \/>Skaber et mat look med trendy tekstur<br \/>&nbsp;Parabenfri, sulfatfri og farvebeskyttet<\/p>\n","protected":false},"excerpt":{"rendered":"<p>En bl\u00f8d, lavglans og ikke-kl\u00e6bende stylingpastaFugtgivende formel hj\u00e6lper med at definere, adskille og kontrollere h\u00e5retGer nem p\u00e5f\u00f8ring af flere typer frisurerGiver et st\u00e6rkt hold hele dagen, mens den tilf\u00f8jer tykkelseSkaber et mat look med trendy tekstur&nbsp;Parabenfri, sulfatfri og farvebeskyttet<\/p>\n","protected":false},"featured_media":128490,"comment_status":"open","ping_status":"closed","template":"","meta":{"_trash_the_other_posts":false},"product_brand":[],"product_cat":[705],"product_tag":[],"berocket_brand":[1349],"class_list":{"0":"post-128491","1":"product","2":"type-product","3":"status-publish","4":"has-post-thumbnail","6":"product_cat-saet-ind","7":"pa_brand-its-a-10","8":"berocket_brand-its-a-10","10":"first","11":"instock","12":"sale","13":"taxable","14":"shipping-taxable","15":"purchasable","16":"product-type-simple"},"_links":{"self":[{"href":"https:\/\/stylingagenten.com\/da\/wp-json\/wp\/v2\/product\/128491","targetHints":{"allow":["GET"]}}],"collection":[{"href":"https:\/\/stylingagenten.com\/da\/wp-json\/wp\/v2\/product"}],"about":[{"href":"https:\/\/stylingagenten.com\/da\/wp-json\/wp\/v2\/types\/product"}],"replies":[{"embeddable":true,"href":"https:\/\/stylingagenten.com\/da\/wp-json\/wp\/v2\/comments?post=128491"}],"version-history":[{"count":0,"href":"https:\/\/stylingagenten.com\/da\/wp-json\/wp\/v2\/product\/128491\/revisions"}],"wp:featuredmedia":[{"embeddable":true,"href":"https:\/\/stylingagenten.com\/da\/wp-json\/wp\/v2\/media\/128490"}],"wp:attachment":[{"href":"https:\/\/stylingagenten.com\/da\/wp-json\/wp\/v2\/media?parent=128491"}],"wp:term":[{"taxonomy":"product_brand","embeddable":true,"href":"https:\/\/stylingagenten.com\/da\/wp-json\/wp\/v2\/product_brand?post=128491"},{"taxonomy":"product_cat","embeddable":true,"href":"https:\/\/stylingagenten.com\/da\/wp-json\/wp\/v2\/product_cat?post=128491"},{"taxonomy":"product_tag","embeddable":true,"href":"https:\/\/stylingagenten.com\/da\/wp-json\/wp\/v2\/product_tag?post=128491"},{"taxonomy":"berocket_brand","embeddable":true,"href":"https:\/\/stylingagenten.com\/da\/wp-json\/wp\/v2\/berocket_brand?post=128491"}],"curies":[{"name":"wp","href":"https:\/\/api.w.org\/{rel}","templated":true}]}}