{"id":128470,"date":"2025-05-18T22:11:18","date_gmt":"2025-05-18T22:11:18","guid":{"rendered":"https:\/\/staging2.stylingagenten.com\/da\/produkt\/fudge-hair-shaper-75g\/"},"modified":"2026-03-30T07:20:48","modified_gmt":"2026-03-30T07:20:48","slug":"fudge-hair-shaper-75g","status":"publish","type":"product","link":"https:\/\/stylingagenten.com\/da\/produkt\/fudge-hair-shaper-75g\/","title":{"rendered":"Fudge Hair Shaper 75g"},"content":{"rendered":"<p>Fudge Hair Shaper er en af \u200b\u200bverdens bedst s\u00e6lgende vokstyper og fungerer til de fleste form\u00e5l fra krus til pleje. Denne voks giver struktur og volumen med st\u00e6rk holdbarhed. Vaskes let af med shampoo.<\/p>\n","protected":false},"excerpt":{"rendered":"<p>Fudge Hair Shaper er en af \u200b\u200bverdens bedst s\u00e6lgende vokstyper og fungerer til de fleste form\u00e5l fra krus til pleje. Denne voks giver struktur og volumen med st\u00e6rk holdbarhed. Vaskes let af med shampoo.<\/p>\n","protected":false},"featured_media":128468,"comment_status":"open","ping_status":"closed","template":"","meta":{"_trash_the_other_posts":false},"product_brand":[],"product_cat":[1003],"product_tag":[],"berocket_brand":[1319],"class_list":{"0":"post-128470","1":"product","2":"type-product","3":"status-publish","4":"has-post-thumbnail","6":"product_cat-bestsellere","7":"pa_brand-fudge","8":"berocket_brand-fudge","10":"first","11":"instock","12":"sale","13":"taxable","14":"shipping-taxable","15":"purchasable","16":"product-type-simple"},"_links":{"self":[{"href":"https:\/\/stylingagenten.com\/da\/wp-json\/wp\/v2\/product\/128470","targetHints":{"allow":["GET"]}}],"collection":[{"href":"https:\/\/stylingagenten.com\/da\/wp-json\/wp\/v2\/product"}],"about":[{"href":"https:\/\/stylingagenten.com\/da\/wp-json\/wp\/v2\/types\/product"}],"replies":[{"embeddable":true,"href":"https:\/\/stylingagenten.com\/da\/wp-json\/wp\/v2\/comments?post=128470"}],"version-history":[{"count":0,"href":"https:\/\/stylingagenten.com\/da\/wp-json\/wp\/v2\/product\/128470\/revisions"}],"wp:featuredmedia":[{"embeddable":true,"href":"https:\/\/stylingagenten.com\/da\/wp-json\/wp\/v2\/media\/128468"}],"wp:attachment":[{"href":"https:\/\/stylingagenten.com\/da\/wp-json\/wp\/v2\/media?parent=128470"}],"wp:term":[{"taxonomy":"product_brand","embeddable":true,"href":"https:\/\/stylingagenten.com\/da\/wp-json\/wp\/v2\/product_brand?post=128470"},{"taxonomy":"product_cat","embeddable":true,"href":"https:\/\/stylingagenten.com\/da\/wp-json\/wp\/v2\/product_cat?post=128470"},{"taxonomy":"product_tag","embeddable":true,"href":"https:\/\/stylingagenten.com\/da\/wp-json\/wp\/v2\/product_tag?post=128470"},{"taxonomy":"berocket_brand","embeddable":true,"href":"https:\/\/stylingagenten.com\/da\/wp-json\/wp\/v2\/berocket_brand?post=128470"}],"curies":[{"name":"wp","href":"https:\/\/api.w.org\/{rel}","templated":true}]}}